{"id":3160,"date":"2022-11-16T09:23:51","date_gmt":"2022-11-16T09:23:51","guid":{"rendered":"http:\/\/site2.easyceotech.com\/?post_type=product&#038;p=3160"},"modified":"2024-03-12T08:01:35","modified_gmt":"2024-03-12T08:01:35","slug":"potassium-methoxysalicylate-%ef%bc%884msk%ef%bc%89","status":"publish","type":"product","link":"https:\/\/wpachem.com\/es\/producto\/potassium-methoxysalicylate-%ef%bc%884msk%ef%bc%89\/","title":{"rendered":"Metoxisalicilato de potasio (4MSK)"},"content":{"rendered":"<p><strong>Eficacia del producto:<\/strong><\/p>\n<p>El blanqueamiento equilibra el color de la piel, alivia y reduce la pigmentaci\u00f3n excesiva, corrige la hiperplasia at\u00edpica epid\u00e9rmica, perfecciona el proceso de queratinizaci\u00f3n, promueve la descarga de melanina, previene pecas, manchas y suaviza la piel.<\/p>\n<p><strong>Caracteristicas de producto:<\/strong><\/p>\n<p>El metoxsalicilato de potasio puede corregir la hiperplasia at\u00edpica epid\u00e9rmica, la queratinizaci\u00f3n y la atrofia, tiene el efecto de mejorar el proceso de queratinizaci\u00f3n y promover la descarga suave de melanina; Al mismo tiempo, tambi\u00e9n promueve el agrandamiento y el aumento de las part\u00edculas transparentes de prote\u00edna de queratina, el engrosamiento de la capa de grano, el adelgazamiento de la cut\u00edcula, la aceleraci\u00f3n de la formaci\u00f3n de capas de c\u00e9lulas de queratina y el suavizado y blanqueamiento de la piel.<\/p>\n<p>El metoxilsalicilato de potasio no solo tiene el mismo efecto de inhibir la producci\u00f3n de melanina que los ingredientes eficaces blanqueadores existentes, sino que tambi\u00e9n tiene el efecto de regular la diferenciaci\u00f3n de queratinocitos y puede mejorar la condici\u00f3n de la piel propensa a la deposici\u00f3n excesiva de melanina.<\/p>\n<p>&nbsp;<\/p>\n<p><strong>4MSK act\u00faa sobre la melanina de dos formas principales<\/strong><\/p>\n<p>1 \u3001 inhibe la s\u00edntesis de melanina<\/p>\n<p>En el estudio de los ingredientes blanqueadores, una parte importante es, por supuesto, el an\u00e1lisis de la producci\u00f3n real de melanina y la inhibici\u00f3n de la tirosinasa. En pocas palabras, el resultado es que 4MSK puede inhibir la producci\u00f3n de melanina y la actividad de tirosinasa en ciertos entornos de concentraci\u00f3n.<\/p>\n<p>2 \u3001 acelerar el metabolismo de la melanina<br \/>\nEn el estudio de Shiseido, observamos la expresi\u00f3n de diferenciaci\u00f3n de este panel en un modelo de piel cultivada en 3D, centr\u00e1ndonos en el nivel de &quot;tropomiosina&quot; en la capa granular, y los resultados mostraron que la irradiaci\u00f3n UV del modelo de piel con 4MSK inhibi\u00f3 significativamente la disminuci\u00f3n. en la expresi\u00f3n de tropomiosina causada por los rayos UV. Esta observaci\u00f3n indica que 4MSK es funcionalmente similar al \u00e1cido salic\u00edlico en t\u00e9rminos de su capacidad para promover el metabolismo fluido de la melanina en modelos in vitro.<\/p>\n<p><strong>Aplicaci\u00f3n:<\/strong><\/p>\n<p>Adecuado para todo tipo de productos para el cuidado de la piel, recomendado para blanquear, eliminar pecas y suavizar la piel.<\/p>\n<p><strong>Cantidad adicional recomendada:<\/strong> 1% &#8211; 3%.<\/p>\n<p><strong>Especificaciones de embalaje:<\/strong> 1 kg\/bolsa (bolsa de papel de aluminio forrada con bolsa con cierre de cremallera de PE), 25 kg\/barril<\/p>","protected":false},"excerpt":{"rendered":"<p>Nombre INCI: Metoxisalicilato de potasio (4MSK)<\/p>\n<p>No. CAS: 152312-71-5<\/p>\n<p>MF: C8H7KO4<\/p>\n<p>Aspecto: Polvo cristalino blanco<\/p>\n<p>Pureza: \u226599%<\/p>\n<p>pH (soluci\u00f3n acuosa 1%): 7,0~8,5<\/p>\n<p>&nbsp;<\/p>","protected":false},"featured_media":2159,"template":"","meta":{"_acf_changed":false,"_gspb_post_css":""},"product_brand":[],"product_cat":[60],"product_tag":[],"class_list":{"0":"post-3160","1":"product","2":"type-product","3":"status-publish","4":"has-post-thumbnail","6":"product_cat-cosmetic-ingredients","8":"first","9":"instock","10":"shipping-taxable","11":"product-type-simple"},"acf":[],"_links":{"self":[{"href":"https:\/\/wpachem.com\/es\/wp-json\/wp\/v2\/product\/3160","targetHints":{"allow":["GET"]}}],"collection":[{"href":"https:\/\/wpachem.com\/es\/wp-json\/wp\/v2\/product"}],"about":[{"href":"https:\/\/wpachem.com\/es\/wp-json\/wp\/v2\/types\/product"}],"version-history":[{"count":0,"href":"https:\/\/wpachem.com\/es\/wp-json\/wp\/v2\/product\/3160\/revisions"}],"wp:featuredmedia":[{"embeddable":true,"href":"https:\/\/wpachem.com\/es\/wp-json\/wp\/v2\/media\/2159"}],"wp:attachment":[{"href":"https:\/\/wpachem.com\/es\/wp-json\/wp\/v2\/media?parent=3160"}],"wp:term":[{"taxonomy":"product_brand","embeddable":true,"href":"https:\/\/wpachem.com\/es\/wp-json\/wp\/v2\/product_brand?post=3160"},{"taxonomy":"product_cat","embeddable":true,"href":"https:\/\/wpachem.com\/es\/wp-json\/wp\/v2\/product_cat?post=3160"},{"taxonomy":"product_tag","embeddable":true,"href":"https:\/\/wpachem.com\/es\/wp-json\/wp\/v2\/product_tag?post=3160"}],"curies":[{"name":"wp","href":"https:\/\/api.w.org\/{rel}","templated":true}]}}