{"id":3166,"date":"2022-11-16T09:23:04","date_gmt":"2022-11-16T09:23:04","guid":{"rendered":"http:\/\/site2.easyceotech.com\/?post_type=product&#038;p=3166"},"modified":"2024-03-12T08:01:41","modified_gmt":"2024-03-12T08:01:41","slug":"quaternium-73%ef%bc%88pionine%ef%bc%89","status":"publish","type":"product","link":"https:\/\/wpachem.com\/es\/producto\/quaternium-73%ef%bc%88pionine%ef%bc%89\/","title":{"rendered":"Quaternium-73 (Pionina)"},"content":{"rendered":"<p><strong>Introducci\u00f3n<\/strong><\/p>\n<p>Un potente tratamiento fungicida para el acn\u00e9, la caracter\u00edstica m\u00e1s importante de Pionin es la eliminaci\u00f3n del acn\u00e9, especialmente el enemigo de los granos cerrados. Es un fungicida seguro a largo plazo que mata bacterias y diversos hongos en concentraciones bajas (2 en 100.000) y mejora los s\u00edntomas del acn\u00e9 y el poliacn\u00e9.<\/p>\n<p><strong>Mecanismo de acci\u00f3n<\/strong><\/p>\n<p>Destruye las membranas celulares de hongos bacterianos y es extremadamente eficaz contra Acinetobacter propionicus.<br \/>\nPromueve la degeneraci\u00f3n intercelular de las bacterias y acelera la maduraci\u00f3n.<br \/>\nEl principal mecanismo de acci\u00f3n es destruir las membranas celulares de las c\u00e9lulas bacterianas, promover la degeneraci\u00f3n de las c\u00e9lulas bacterianas, eliminar su piel, acelerar la velocidad de maduraci\u00f3n del acn\u00e9, promover el flujo de secreciones y el acn\u00e9 desaparece r\u00e1pidamente.<\/p>\n<p><strong>Eficacia del producto<\/strong><\/p>\n<p>Bacteriost\u00e1tico<br \/>\ninflamaci\u00f3n del acn\u00e9<br \/>\nInhibir la producci\u00f3n de melanina<br \/>\nDesaladora para imprimir<br \/>\nanticorrosivo<\/p>\n<p><strong>Aplicaci\u00f3n del producto<\/strong><br \/>\nAdecuado para todo tipo de productos para el cuidado de la piel, recomendado para el control de la grasa, acn\u00e9, antiacn\u00e9, blanqueamiento de pecas y productos para el cuidado de la piel de los hombres.<\/p>\n<p><strong>D\u00f3sis recomendada:<\/strong> 0,001-0,005%. El m\u00e1ximo hist\u00f3rico del cat\u00e1logo 2021 es 0,05%<\/p>","protected":false},"excerpt":{"rendered":"<p>Nombre INCI: Quaternio-73<\/p>\n<p>F\u00f3rmula molecular: C23H39IN2S2<\/p>\n<p>N\u00famero CAS: 15763-48-1<\/p>\n<p>N\u00famero EINECS: 239-852-5<\/p>\n<p>Aspecto: polvo cristalino de color amarillo claro a amarillo<\/p>\n<p>Pureza: \u226599%<\/p>","protected":false},"featured_media":1883,"template":"","meta":{"_acf_changed":false,"_gspb_post_css":""},"product_brand":[],"product_cat":[60],"product_tag":[],"class_list":{"0":"post-3166","1":"product","2":"type-product","3":"status-publish","4":"has-post-thumbnail","6":"product_cat-cosmetic-ingredients","8":"first","9":"instock","10":"shipping-taxable","11":"product-type-simple"},"acf":[],"_links":{"self":[{"href":"https:\/\/wpachem.com\/es\/wp-json\/wp\/v2\/product\/3166","targetHints":{"allow":["GET"]}}],"collection":[{"href":"https:\/\/wpachem.com\/es\/wp-json\/wp\/v2\/product"}],"about":[{"href":"https:\/\/wpachem.com\/es\/wp-json\/wp\/v2\/types\/product"}],"version-history":[{"count":0,"href":"https:\/\/wpachem.com\/es\/wp-json\/wp\/v2\/product\/3166\/revisions"}],"wp:featuredmedia":[{"embeddable":true,"href":"https:\/\/wpachem.com\/es\/wp-json\/wp\/v2\/media\/1883"}],"wp:attachment":[{"href":"https:\/\/wpachem.com\/es\/wp-json\/wp\/v2\/media?parent=3166"}],"wp:term":[{"taxonomy":"product_brand","embeddable":true,"href":"https:\/\/wpachem.com\/es\/wp-json\/wp\/v2\/product_brand?post=3166"},{"taxonomy":"product_cat","embeddable":true,"href":"https:\/\/wpachem.com\/es\/wp-json\/wp\/v2\/product_cat?post=3166"},{"taxonomy":"product_tag","embeddable":true,"href":"https:\/\/wpachem.com\/es\/wp-json\/wp\/v2\/product_tag?post=3166"}],"curies":[{"name":"wp","href":"https:\/\/api.w.org\/{rel}","templated":true}]}}