{"id":3169,"date":"2022-11-16T09:22:40","date_gmt":"2022-11-16T09:22:40","guid":{"rendered":"http:\/\/site2.easyceotech.com\/?post_type=product&#038;p=3169"},"modified":"2024-03-12T08:01:45","modified_gmt":"2024-03-12T08:01:45","slug":"ascorbyl-tetraisopalmitate%ef%bc%88vc-ip%ef%bc%89","status":"publish","type":"product","link":"https:\/\/wpachem.com\/es\/producto\/ascorbyl-tetraisopalmitate%ef%bc%88vc-ip%ef%bc%89\/","title":{"rendered":"Tetraisopalmitato de ascorbilo (VC-IP)"},"content":{"rendered":"<p><strong>Introducci\u00f3n<\/strong><\/p>\n<p>El tetraisopalmitato de ascorbilo (VC-IP), un derivado esterificado de la vitamina C, tambi\u00e9n es una nueva generaci\u00f3n de derivados. Otros nombres: ascorbato de tetrahexildecilo, VC esterificado, vitamina C liposoluble.<\/p>\n<p>El tetraisopalmitato de ascorbilo fue aprobado por el Ministerio de Salud, Trabajo y Bienestar de Jap\u00f3n como un \u201cactivo cuasi-farmaco\u201d en 2006, y es un agente blanqueador funcional aprobado oficialmente en Corea, as\u00ed como el \u00fanico de los 13 ingredientes blanqueadores aprobados por el Ministerio de Salud y Bienestar de la Provincia de Taiw\u00e1n como \u201cCosm\u00e9ticos que contienen f\u00e1rmacos\u201d.<\/p>\n<p><strong>Caracter\u00edsticas de eficacia.<\/strong><\/p>\n<p>Estable, soluble en aceite, agradable para la piel y lipof\u00edlico, con excelente absorci\u00f3n transd\u00e9rmica.<\/p>\n<p><strong>Eficacia<\/strong><\/p>\n<ul>\n<li>Aclara la piel y las manchas, inhibe la deposici\u00f3n de melanina, aclara la melanina producida.<\/li>\n<li>Antiinflamatorio, reparador del acn\u00e9.<\/li>\n<li>Antioxidante, protege contra el da\u00f1o de los radicales libres.<\/li>\n<li>Promueve la s\u00edntesis de col\u00e1geno, reduce las arrugas de la piel, previene el envejecimiento de la piel.<\/li>\n<\/ul>\n<p>&nbsp;<\/p>\n<p><strong>Aplicaci\u00f3n del producto:<\/strong><br \/>\nProductos para el cuidado de la piel; Productos de maquillaje (l\u00e1piz labial, l\u00e1piz labial, etc.); Productos con aceites esenciales; Productos de protecci\u00f3n solar; La mascarilla<\/p>\n<p><strong>D\u00f3sis recomendada:<\/strong> 0.1-5%<br \/>\n<strong>Condiciones de almacenamiento:<\/strong> Conservar en lugar fresco y cerrado, alejado de la luz.<br \/>\n<strong>Especificaci\u00f3n de embalaje:<\/strong>1 kg\/botella, botella de aluminio<\/p>","protected":false},"excerpt":{"rendered":"<p>Nombre INCI: Tetraisopalmitato de ascorbato (VC-IP)<\/p>\n<p>F\u00f3rmula molecular: C70H128O10<\/p>\n<p>N.\u00ba CAS: 183476-82-6<\/p>\n<p>Aspecto: l\u00edquido incoloro a amarillo claro.<\/p>\n<p>Pureza: &gt; 98%<\/p>","protected":false},"featured_media":2113,"template":"","meta":{"_acf_changed":false,"_gspb_post_css":""},"product_brand":[],"product_cat":[60],"product_tag":[],"class_list":{"0":"post-3169","1":"product","2":"type-product","3":"status-publish","4":"has-post-thumbnail","6":"product_cat-cosmetic-ingredients","8":"first","9":"instock","10":"shipping-taxable","11":"product-type-simple"},"acf":[],"_links":{"self":[{"href":"https:\/\/wpachem.com\/es\/wp-json\/wp\/v2\/product\/3169","targetHints":{"allow":["GET"]}}],"collection":[{"href":"https:\/\/wpachem.com\/es\/wp-json\/wp\/v2\/product"}],"about":[{"href":"https:\/\/wpachem.com\/es\/wp-json\/wp\/v2\/types\/product"}],"version-history":[{"count":0,"href":"https:\/\/wpachem.com\/es\/wp-json\/wp\/v2\/product\/3169\/revisions"}],"wp:featuredmedia":[{"embeddable":true,"href":"https:\/\/wpachem.com\/es\/wp-json\/wp\/v2\/media\/2113"}],"wp:attachment":[{"href":"https:\/\/wpachem.com\/es\/wp-json\/wp\/v2\/media?parent=3169"}],"wp:term":[{"taxonomy":"product_brand","embeddable":true,"href":"https:\/\/wpachem.com\/es\/wp-json\/wp\/v2\/product_brand?post=3169"},{"taxonomy":"product_cat","embeddable":true,"href":"https:\/\/wpachem.com\/es\/wp-json\/wp\/v2\/product_cat?post=3169"},{"taxonomy":"product_tag","embeddable":true,"href":"https:\/\/wpachem.com\/es\/wp-json\/wp\/v2\/product_tag?post=3169"}],"curies":[{"name":"wp","href":"https:\/\/api.w.org\/{rel}","templated":true}]}}