{"id":3172,"date":"2022-11-16T09:23:24","date_gmt":"2022-11-16T09:23:24","guid":{"rendered":"http:\/\/site2.easyceotech.com\/?post_type=product&#038;p=3172"},"modified":"2024-03-12T08:01:38","modified_gmt":"2024-03-12T08:01:38","slug":"ethyl-ascorbic-acid-vce","status":"publish","type":"product","link":"https:\/\/wpachem.com\/es\/producto\/ethyl-ascorbic-acid-vce\/","title":{"rendered":"\u00c1cido etilasc\u00f3rbico (VCE)"},"content":{"rendered":"<p><strong>Caracter\u00edsticas de eficacia<\/strong><\/p>\n<ul>\n<li>Inhibe la actividad de la tirosinasa, inhibe la formaci\u00f3n de melanina, restaura la melanina a incolora, elimina manchas y blanquea la piel de manera eficiente, mejora la piel opaca sin brillo y da elasticidad a la piel.<\/li>\n<li>Excelente efecto antioxidante en cosm\u00e9tica, asegurando el aprovechamiento de la vitamina C. Comparado con el prototipo de vitamina C, el \u00e9ter et\u00edlico de vitamina C es muy estable y no cambia de color.<\/li>\n<li>Fuerte efecto antibacteriano y antiinflamatorio, antiinflamaci\u00f3n causada por la luz solar.<\/li>\n<li>El \u00e9ter et\u00edlico de vitamina C ingresa a la dermis y participa directamente en la s\u00edntesis de col\u00e1geno para reparar la actividad de las c\u00e9lulas de la piel y aumentar el col\u00e1geno, haciendo que la piel est\u00e9 tersa y el\u00e1stica y volvi\u00e9ndola delicada y suave.<\/li>\n<li>Con estructura lipof\u00edlica e hidrof\u00edlica, es f\u00e1cil de absorber por la piel y puede llegar directamente a la dermis.<br \/>\nBuena estabilidad, resistencia a la oxidaci\u00f3n, a la luz, al calor, a los \u00e1cidos, a los \u00e1lcalis, a la sal y al aire.<\/li>\n<\/ul>\n<p>&nbsp;<\/p>\n<p><strong>Solicitud:<\/strong> productos blanqueadores, productos antienvejecimiento, productos de protecci\u00f3n solar, esencias, mascarillas, lociones, etc.<\/p>\n<p><strong>D\u00f3sis recomendada:<\/strong> 0.5-3%<\/p>\n<p><strong>Embalaje:<\/strong> 1 kg\/bolsa (bolsa de papel de aluminio forrada con bolsa Ziplock de PE), 25 kg\/barril<\/p>","protected":false},"excerpt":{"rendered":"<p>Nombre INCI: \u00c1cido 3-o-etil asc\u00f3rbico<\/p>\n<p>F\u00f3rmula molecular: C8H12O6<\/p>\n<p>N.\u00ba CAS: 86404-04-8<\/p>\n<p>EINECS: 617-849-3<\/p>\n<p>Apariencia: Polvo blanco a blanquecino<\/p>\n<p>Pureza: \u226599%<\/p>","protected":false},"featured_media":2161,"template":"","meta":{"_acf_changed":false,"_gspb_post_css":""},"product_brand":[],"product_cat":[60],"product_tag":[],"class_list":{"0":"post-3172","1":"product","2":"type-product","3":"status-publish","4":"has-post-thumbnail","6":"product_cat-cosmetic-ingredients","8":"first","9":"instock","10":"shipping-taxable","11":"product-type-simple"},"acf":[],"_links":{"self":[{"href":"https:\/\/wpachem.com\/es\/wp-json\/wp\/v2\/product\/3172","targetHints":{"allow":["GET"]}}],"collection":[{"href":"https:\/\/wpachem.com\/es\/wp-json\/wp\/v2\/product"}],"about":[{"href":"https:\/\/wpachem.com\/es\/wp-json\/wp\/v2\/types\/product"}],"version-history":[{"count":0,"href":"https:\/\/wpachem.com\/es\/wp-json\/wp\/v2\/product\/3172\/revisions"}],"wp:featuredmedia":[{"embeddable":true,"href":"https:\/\/wpachem.com\/es\/wp-json\/wp\/v2\/media\/2161"}],"wp:attachment":[{"href":"https:\/\/wpachem.com\/es\/wp-json\/wp\/v2\/media?parent=3172"}],"wp:term":[{"taxonomy":"product_brand","embeddable":true,"href":"https:\/\/wpachem.com\/es\/wp-json\/wp\/v2\/product_brand?post=3172"},{"taxonomy":"product_cat","embeddable":true,"href":"https:\/\/wpachem.com\/es\/wp-json\/wp\/v2\/product_cat?post=3172"},{"taxonomy":"product_tag","embeddable":true,"href":"https:\/\/wpachem.com\/es\/wp-json\/wp\/v2\/product_tag?post=3172"}],"curies":[{"name":"wp","href":"https:\/\/api.w.org\/{rel}","templated":true}]}}