{"id":3175,"date":"2022-11-16T09:22:17","date_gmt":"2022-11-16T09:22:17","guid":{"rendered":"http:\/\/site2.easyceotech.com\/?post_type=product&#038;p=3175"},"modified":"2024-03-12T08:01:50","modified_gmt":"2024-03-12T08:01:50","slug":"phenylethyl-resorcinol%ef%bc%88377%ef%bc%89","status":"publish","type":"product","link":"https:\/\/wpachem.com\/es\/producto\/phenylethyl-resorcinol%ef%bc%88377%ef%bc%89\/","title":{"rendered":"Feniletil resorcinol (377)"},"content":{"rendered":"<p><strong>Introducci\u00f3n<\/strong><\/p>\n<ul>\n<li>Su estructura \u00fanica determina su excelente rendimiento blanqueador y de eliminaci\u00f3n de manchas, que inhibe eficazmente la s\u00edntesis de melanina al actuar sobre m\u00faltiples objetivos de la v\u00eda de s\u00edntesis de melanina, logrando as\u00ed un efecto blanqueador incremental.<\/li>\n<li>La estructura del bisfenol, similar a la hidroquinona, conserva la actividad del bisfenol, mientras que la introducci\u00f3n de fenetilo puede aumentar una inhibici\u00f3n competitiva de la tirosinasa, con m\u00faltiples mecanismos que act\u00faan simult\u00e1neamente como materia prima blanqueadora y eliminadora de manchas.<\/li>\n<li>Las propiedades antioxidantes m\u00e1s fuertes favorecen la decoloraci\u00f3n de la melanina (el proceso de formaci\u00f3n de melanina produce el proceso de oxidaci\u00f3n), las propiedades antioxidantes del fenetilresorcinol son aproximadamente 40% m\u00e1s altas que la misma concentraci\u00f3n de VE y BHT.<\/li>\n<li>Su estructura \u00fanica y su bajo peso molecular (f\u00e1cilmente soluble en el sistema de aceite polar) hacen que sea m\u00e1s f\u00e1cil penetrar en el estrato c\u00f3rneo y desempe\u00f1ar la funci\u00f3n de blanqueamiento y eliminaci\u00f3n de manchas.<\/li>\n<\/ul>\n<p>Tiene una capacidad antioxidante y antirradicales libres excepcional, y su actividad antioxidante es mucho mejor que la de VE, BHA, BHT, etc. Elimina eficazmente los radicales libres da\u00f1inos de la piel. Antienvejecimiento y arrugas causadas por radicales libres, etc.<\/p>\n<p><strong>Caracter\u00edsticas de eficacia<\/strong><\/p>\n<ul>\n<li>Aclara e ilumina la piel, mejora el tono desigual de la piel, reduce la decoloraci\u00f3n de la piel causada por la radiaci\u00f3n UV.<br \/>\nExcelente antioxidante.<\/li>\n<li>Buena estabilidad y seguridad, sin potencial irritaci\u00f3n ni sensibilidad.<\/li>\n<\/ul>\n<p>&nbsp;<\/p>\n<p><strong>Aplicaci\u00f3n del producto: <\/strong>T\u00f3nico, esencia, crema, mascarilla facial, etc.<\/p>\n<p><strong>Cantidad adicional recomendada:: <\/strong>0,1 a 0,5%<\/p>","protected":false},"excerpt":{"rendered":"<p>Nombre INCI: Fenetilo Resorcinol<\/p>\n<p>Alias: 377<\/p>\n<p>Nombre qu\u00edmico: 4-(1-feniletil)-1,3-bencenodiol<\/p>\n<p>F\u00f3rmula molecular: C14H14O2<\/p>\n<p>N.\u00ba CAS: 85-27-8<\/p>\n<p>Aspecto: polvo blanco a blanquecino<\/p>\n<p>Pureza: \u226599%<\/p>","protected":false},"featured_media":2103,"template":"","meta":{"_acf_changed":false,"_gspb_post_css":""},"product_brand":[],"product_cat":[60],"product_tag":[],"class_list":{"0":"post-3175","1":"product","2":"type-product","3":"status-publish","4":"has-post-thumbnail","6":"product_cat-cosmetic-ingredients","8":"first","9":"instock","10":"shipping-taxable","11":"product-type-simple"},"acf":[],"_links":{"self":[{"href":"https:\/\/wpachem.com\/es\/wp-json\/wp\/v2\/product\/3175","targetHints":{"allow":["GET"]}}],"collection":[{"href":"https:\/\/wpachem.com\/es\/wp-json\/wp\/v2\/product"}],"about":[{"href":"https:\/\/wpachem.com\/es\/wp-json\/wp\/v2\/types\/product"}],"version-history":[{"count":0,"href":"https:\/\/wpachem.com\/es\/wp-json\/wp\/v2\/product\/3175\/revisions"}],"wp:featuredmedia":[{"embeddable":true,"href":"https:\/\/wpachem.com\/es\/wp-json\/wp\/v2\/media\/2103"}],"wp:attachment":[{"href":"https:\/\/wpachem.com\/es\/wp-json\/wp\/v2\/media?parent=3175"}],"wp:term":[{"taxonomy":"product_brand","embeddable":true,"href":"https:\/\/wpachem.com\/es\/wp-json\/wp\/v2\/product_brand?post=3175"},{"taxonomy":"product_cat","embeddable":true,"href":"https:\/\/wpachem.com\/es\/wp-json\/wp\/v2\/product_cat?post=3175"},{"taxonomy":"product_tag","embeddable":true,"href":"https:\/\/wpachem.com\/es\/wp-json\/wp\/v2\/product_tag?post=3175"}],"curies":[{"name":"wp","href":"https:\/\/api.w.org\/{rel}","templated":true}]}}