{"id":3178,"date":"2022-11-16T09:21:58","date_gmt":"2022-11-16T09:21:58","guid":{"rendered":"http:\/\/site2.easyceotech.com\/?post_type=product&#038;p=3178"},"modified":"2024-03-12T08:01:54","modified_gmt":"2024-03-12T08:01:54","slug":"4-butylresorcinol","status":"publish","type":"product","link":"https:\/\/wpachem.com\/es\/producto\/4-butylresorcinol\/","title":{"rendered":"4-butilresorcinol"},"content":{"rendered":"<p><strong>Introducci\u00f3n<\/strong><\/p>\n<p>La tirosinasa juega un papel clave en la melanog\u00e9nesis, ya que controla la tasa de deposici\u00f3n de melanina. El 4-butilresorcinol tiene un efecto inhibidor de la melanog\u00e9nesis, al inhibir directamente la actividad de la tirosinasa, as\u00ed como inhibir la s\u00edntesis de tirosinasa en las c\u00e9lulas de melanoma B16, sin provocar citotoxicidad alguna. En varios estudios in vitro, se demostr\u00f3 que el 4-butilresorcinol inhibe la melanog\u00e9nesis, as\u00ed como la actividad tirosinasa y TRP-1.<\/p>\n<p><strong>Mecanismo de acci\u00f3n<\/strong><\/p>\n<ul>\n<li>Interfiere con la s\u00edntesis de tirosinasa y la glicosilaci\u00f3n antes de la s\u00edntesis de melanina, impidiendo la absorci\u00f3n de enzimas por los melanosomas.<\/li>\n<li>Durante la s\u00edntesis de melanina, inhibe la actividad enzim\u00e1tica, act\u00faa como inhibidor competitivo de las enzimas tirosinasa y TRP1 y reduce la formaci\u00f3n de subproductos que promueven la melanog\u00e9nesis.<\/li>\n<li>Tras la s\u00edntesis de melanina, potencia la degradaci\u00f3n de la tirosinasa, inhibe la transferencia de melanosomas a los queratinocitos y tiene un efecto de fotoexfoliaci\u00f3n debido a los \u00e1cidos grasos, funci\u00f3n potenciada por la presencia de \u00e1cidos grasos, y regula la degradaci\u00f3n de la tirosinasa.<\/li>\n<\/ul>\n<p><strong>Caracter\u00edsticas de eficacia<\/strong><\/p>\n<ul>\n<li>Efecto blanqueador: mejora el tono desigual de la piel y reduce la decoloraci\u00f3n de la piel causada por la exposici\u00f3n a los rayos UV.<\/li>\n<li>Excelente antioxidante<\/li>\n<li>Buena estabilidad y seguridad, sin irritaci\u00f3n ni sensibilidad potenciales.<\/li>\n<\/ul>\n<p><strong>Aplicaci\u00f3n del producto: <\/strong><\/p>\n<p>Productos blanqueadores e iluminadores, productos ligeros para eliminar pecas, protectores solares y productos de reparaci\u00f3n post-solar, productos antienvejecimiento para el rejuvenecimiento de la piel, etc.<\/p>\n<p><strong>D\u00f3sis recomendada:<\/strong> Seg\u00fan la cantidad r\u00e9cord de este material en el Cat\u00e1logo de Materias Primas de Cosm\u00e9ticos Usados (Edici\u00f3n 2021), la dosis recomendada es 0,3~2%<\/p>\n<p><strong>Sugerencia de f\u00f3rmula:<\/strong> <span class=\"transSent\" data-group=\"2-0\">Se recomienda controlar el valor del pH de 4,0 a 5,5;<\/span><span class=\"transSent highlight\" data-group=\"2-1\"> Es ligeramente soluble en agua y debe dispersarse con polioles o disolverse con aceites polares antes de agregarse al sistema para evitar altas temperaturas.<\/span><\/p>\n<p><strong>Especificaci\u00f3n de embalaje:<\/strong> 1 kg\/bolsa (bolsa de papel de aluminio forrada con bolsa Ziplock de PE), 25 kg\/barril<\/p>","protected":false},"excerpt":{"rendered":"<p>Nombre qu\u00edmico: 1,3-Dihidroxi-4-n-butilbenceno<\/p>\n<p>Nombre INCI: 4-butilresorcinol<\/p>\n<p>F\u00f3rmula molecular: C10H14O2<\/p>\n<p>N\u00famero CAS: 18979-61-8<\/p>\n<p>Apariencia: Polvo blanco a blanquecino<\/p>\n<p>Pureza: \u226599%<\/p>","protected":false},"featured_media":2116,"template":"","meta":{"_acf_changed":false,"_gspb_post_css":""},"product_brand":[],"product_cat":[60],"product_tag":[],"class_list":{"0":"post-3178","1":"product","2":"type-product","3":"status-publish","4":"has-post-thumbnail","6":"product_cat-cosmetic-ingredients","8":"first","9":"instock","10":"shipping-taxable","11":"product-type-simple"},"acf":[],"_links":{"self":[{"href":"https:\/\/wpachem.com\/es\/wp-json\/wp\/v2\/product\/3178","targetHints":{"allow":["GET"]}}],"collection":[{"href":"https:\/\/wpachem.com\/es\/wp-json\/wp\/v2\/product"}],"about":[{"href":"https:\/\/wpachem.com\/es\/wp-json\/wp\/v2\/types\/product"}],"version-history":[{"count":0,"href":"https:\/\/wpachem.com\/es\/wp-json\/wp\/v2\/product\/3178\/revisions"}],"wp:featuredmedia":[{"embeddable":true,"href":"https:\/\/wpachem.com\/es\/wp-json\/wp\/v2\/media\/2116"}],"wp:attachment":[{"href":"https:\/\/wpachem.com\/es\/wp-json\/wp\/v2\/media?parent=3178"}],"wp:term":[{"taxonomy":"product_brand","embeddable":true,"href":"https:\/\/wpachem.com\/es\/wp-json\/wp\/v2\/product_brand?post=3178"},{"taxonomy":"product_cat","embeddable":true,"href":"https:\/\/wpachem.com\/es\/wp-json\/wp\/v2\/product_cat?post=3178"},{"taxonomy":"product_tag","embeddable":true,"href":"https:\/\/wpachem.com\/es\/wp-json\/wp\/v2\/product_tag?post=3178"}],"curies":[{"name":"wp","href":"https:\/\/api.w.org\/{rel}","templated":true}]}}