{"id":3181,"date":"2022-11-16T09:21:37","date_gmt":"2022-11-16T09:21:37","guid":{"rendered":"http:\/\/site2.easyceotech.com\/?post_type=product&#038;p=3181"},"modified":"2024-03-12T08:01:57","modified_gmt":"2024-03-12T08:01:57","slug":"glutathione-gsh","status":"publish","type":"product","link":"https:\/\/wpachem.com\/es\/producto\/glutathione-gsh\/","title":{"rendered":"Glutati\u00f3n (GSH)"},"content":{"rendered":"<p><strong>Introducci\u00f3n<\/strong><\/p>\n<p>El glutati\u00f3n (GSH) es un compuesto trip\u00e9ptido formado por la condensaci\u00f3n de la ciste\u00edna glut\u00e1mica y la glicina a trav\u00e9s de un enlace pept\u00eddico. Es un tipo de p\u00e9ptido corto activo con una amplia gama de usos. Est\u00e1 formado por \u00e1cido glut\u00e1mico, ciste\u00edna y glicina y se distribuye ampliamente en las c\u00e9lulas de mam\u00edferos, plantas y microorganismos. Est\u00e1 involucrado en casi todas las reacciones antioxidantes del cuerpo humano y tiene propiedades antioxidantes superpoderosas, conocidas como la &quot;madre de los antioxidantes&quot;. Existe una categor\u00eda mixta de glutati\u00f3n (glutati\u00f3n reducido (GSH)) y glutati\u00f3n oxidado (GSSG), uno de los cuales se utiliza ampliamente en la producci\u00f3n y la vida: el GSH.<\/p>\n<p><strong>Caracter\u00edsticas de eficacia<\/strong><\/p>\n<ul>\n<li>El glutati\u00f3n es un compuesto trip\u00e9ptido formado por la condensaci\u00f3n de glutamato ciste\u00edna y glicina a trav\u00e9s de enlaces pept\u00eddicos, y es un p\u00e9ptido corto activo ampliamente utilizado.<\/li>\n<li>El glutati\u00f3n tiene importantes actividades fisiol\u00f3gicas en el cuerpo humano, como la activaci\u00f3n del sistema redox, la activaci\u00f3n de las enzimas sulfhidrilo y la desintoxicaci\u00f3n.<\/li>\n<li>Las \u00faltimas investigaciones tambi\u00e9n muestran que el glutati\u00f3n puede corregir el desequilibrio de la acetilcolina y la colinesterasa, desempe\u00f1ar un papel antial\u00e9rgico, prevenir el envejecimiento y la pigmentaci\u00f3n de la piel, reducir la formaci\u00f3n de melanina, mejorar la capacidad antioxidante de la piel y hacer que la piel brille.<\/li>\n<\/ul>\n<p>&nbsp;<\/p>\n<p><strong>Aplicaci\u00f3n del producto:<\/strong><br \/>\n<span class=\"transSent\" data-group=\"1-0\">El glutati\u00f3n se utiliza principalmente en cosm\u00e9ticos, productos farmac\u00e9uticos, productos sanitarios y alimentos funcionales.<\/span><span class=\"transSent\" data-group=\"1-1\"> En el campo de la cosm\u00e9tica, indicado para productos antienvejecimiento, protecci\u00f3n solar, reparadores post-solares, blanqueadores, antiinflamatorios y antisensibilidad.<\/span><\/p>\n<p><strong>Dosis recomendada:\u00a0<\/strong> En cosm\u00e9tica: 0,5~3,0%<\/p>\n<p><strong>Especificaci\u00f3n de embalaje: <\/strong>1 kg\/bolsa (bolsa de papel de aluminio forrada con bolsa Ziplock de PE), 25 kg\/barril<\/p>","protected":false},"excerpt":{"rendered":"<p>Nombre INCI: Glutati\u00f3n<\/p>\n<p>Alias: GSH, GSSG<\/p>\n<p>Nombre qu\u00edmico: 5-L-glutamil-L-cisteinilglicina<\/p>\n<p>F\u00f3rmula molecular: C10H17N3O6S<\/p>\n<p>N.\u00ba CAS: 70-18-8<\/p>\n<p>N\u00famero de identificaci\u00f3n del EINECS: 200-725-4<\/p>\n<p>Aspecto: Polvo cristalino de color blanco a blanquecino.<\/p>\n<p>Pureza: \u226598%<\/p>","protected":false},"featured_media":1998,"template":"","meta":{"_acf_changed":false,"_gspb_post_css":""},"product_brand":[],"product_cat":[60],"product_tag":[],"class_list":{"0":"post-3181","1":"product","2":"type-product","3":"status-publish","4":"has-post-thumbnail","6":"product_cat-cosmetic-ingredients","8":"first","9":"instock","10":"shipping-taxable","11":"product-type-simple"},"acf":[],"_links":{"self":[{"href":"https:\/\/wpachem.com\/es\/wp-json\/wp\/v2\/product\/3181","targetHints":{"allow":["GET"]}}],"collection":[{"href":"https:\/\/wpachem.com\/es\/wp-json\/wp\/v2\/product"}],"about":[{"href":"https:\/\/wpachem.com\/es\/wp-json\/wp\/v2\/types\/product"}],"version-history":[{"count":0,"href":"https:\/\/wpachem.com\/es\/wp-json\/wp\/v2\/product\/3181\/revisions"}],"wp:featuredmedia":[{"embeddable":true,"href":"https:\/\/wpachem.com\/es\/wp-json\/wp\/v2\/media\/1998"}],"wp:attachment":[{"href":"https:\/\/wpachem.com\/es\/wp-json\/wp\/v2\/media?parent=3181"}],"wp:term":[{"taxonomy":"product_brand","embeddable":true,"href":"https:\/\/wpachem.com\/es\/wp-json\/wp\/v2\/product_brand?post=3181"},{"taxonomy":"product_cat","embeddable":true,"href":"https:\/\/wpachem.com\/es\/wp-json\/wp\/v2\/product_cat?post=3181"},{"taxonomy":"product_tag","embeddable":true,"href":"https:\/\/wpachem.com\/es\/wp-json\/wp\/v2\/product_tag?post=3181"}],"curies":[{"name":"wp","href":"https:\/\/api.w.org\/{rel}","templated":true}]}}