{"id":3184,"date":"2022-11-16T09:21:19","date_gmt":"2022-11-16T09:21:19","guid":{"rendered":"http:\/\/site2.easyceotech.com\/?post_type=product&#038;p=3184"},"modified":"2024-03-12T08:02:00","modified_gmt":"2024-03-12T08:02:00","slug":"ferulic-acid","status":"publish","type":"product","link":"https:\/\/wpachem.com\/es\/producto\/ferulic-acid\/","title":{"rendered":"\u00c1cido fer\u00falico"},"content":{"rendered":"<p><strong>Introducci\u00f3n<\/strong><\/p>\n<p>El \u00e1cido fer\u00falico es un derivado del \u00e1cido cin\u00e1mico (\u00e1cido cin\u00e1mico), qu\u00edmicamente conocido como \u00e1cido 4-hidroxi-metoxicin\u00e1mico. Es un tipo de \u00e1cido fen\u00f3lico ampliamente presente en el reino vegetal. Tiene numerosas funciones saludables, como la eliminaci\u00f3n de radicales libres, la antitrombosis, las propiedades antibacterianas y antiinflamatorias, la inhibici\u00f3n tumoral, la prevenci\u00f3n de la hipertensi\u00f3n y las enfermedades card\u00edacas, y la mejora de la motilidad esperm\u00e1tica. El \u00e1cido fer\u00falico posee una buena actividad antioxidante, con un fuerte efecto depurador del per\u00f3xido de hidr\u00f3geno, el radical libre super\u00f3xido, el radical libre hidroxilo y el per\u00f3xido nitroso. Puede regular las funciones fisiol\u00f3gicas, inhibir la producci\u00f3n de enzimas de base libre y aumentar la actividad de las enzimas depuradora de radicales libres. Tambi\u00e9n act\u00faa en conjunto con otros antioxidantes para aumentar su eficacia. La actividad antioxidante del \u00e1cido fer\u00falico se vio potenciada por la exposici\u00f3n a los rayos UV, lo que sugiere que podr\u00eda ayudar a proteger la piel del da\u00f1o solar.<\/p>\n<p>&nbsp;<\/p>\n<p><strong>Caracter\u00edsticas de eficacia<\/strong><br \/>\nBlanqueador, anti-fotoenvejecimiento, anti-oxidaci\u00f3n, anti-UV, anti-bacteriano, antiinflamatorio, anti-tumoral<\/p>\n<p><strong>Capacidad antioxidante.<\/strong><br \/>\nNumerosos estudios han demostrado que el \u00e1cido fer\u00falico posee una buena actividad antioxidante. Posee un potente efecto neutralizador del per\u00f3xido de hidr\u00f3geno, el radical super\u00f3xido, el radical hidroxilo y el peroxinitrito, y puede inhibir y neutralizar las enzimas que producen radicales libres, eliminar el da\u00f1o oxidativo de los radicales libres en las membranas celulares y el ADN, y proteger al organismo del da\u00f1o de los radicales libres.<\/p>\n<p><strong>Aplicaci\u00f3n del producto<\/strong><br \/>\nProductos blanqueadores, productos antienvejecimiento, productos de protecci\u00f3n solar, esencias, mascarillas, lociones, etc.<\/p>\n<p><strong>Dosis recomendada:<\/strong>0,5 a 1,0%<\/p>\n<p><strong>Embalaje:<\/strong>1 kg\/bolsa (bolsa de papel de aluminio forrada con bolsa con cierre de cremallera de PE), 25 kg\/barril<\/p>","protected":false},"excerpt":{"rendered":"<p>Nombre INCI: \u00c1cido fer\u00falico<\/p>\n<p>F\u00f3rmula molecular: C10H10O4<\/p>\n<p>N.\u00ba CAS: 1135-24-6<\/p>\n<p>EINECS: 214-490-0<\/p>\n<p>Apariencia: Polvo blanco a blanquecino<\/p>\n<p>Pureza: \u226599%<\/p>","protected":false},"featured_media":2154,"template":"","meta":{"_acf_changed":false,"_gspb_post_css":""},"product_brand":[],"product_cat":[60],"product_tag":[],"class_list":{"0":"post-3184","1":"product","2":"type-product","3":"status-publish","4":"has-post-thumbnail","6":"product_cat-cosmetic-ingredients","8":"first","9":"instock","10":"shipping-taxable","11":"product-type-simple"},"acf":[],"_links":{"self":[{"href":"https:\/\/wpachem.com\/es\/wp-json\/wp\/v2\/product\/3184","targetHints":{"allow":["GET"]}}],"collection":[{"href":"https:\/\/wpachem.com\/es\/wp-json\/wp\/v2\/product"}],"about":[{"href":"https:\/\/wpachem.com\/es\/wp-json\/wp\/v2\/types\/product"}],"version-history":[{"count":0,"href":"https:\/\/wpachem.com\/es\/wp-json\/wp\/v2\/product\/3184\/revisions"}],"wp:featuredmedia":[{"embeddable":true,"href":"https:\/\/wpachem.com\/es\/wp-json\/wp\/v2\/media\/2154"}],"wp:attachment":[{"href":"https:\/\/wpachem.com\/es\/wp-json\/wp\/v2\/media?parent=3184"}],"wp:term":[{"taxonomy":"product_brand","embeddable":true,"href":"https:\/\/wpachem.com\/es\/wp-json\/wp\/v2\/product_brand?post=3184"},{"taxonomy":"product_cat","embeddable":true,"href":"https:\/\/wpachem.com\/es\/wp-json\/wp\/v2\/product_cat?post=3184"},{"taxonomy":"product_tag","embeddable":true,"href":"https:\/\/wpachem.com\/es\/wp-json\/wp\/v2\/product_tag?post=3184"}],"curies":[{"name":"wp","href":"https:\/\/api.w.org\/{rel}","templated":true}]}}