{"id":3187,"date":"2022-11-16T09:20:40","date_gmt":"2022-11-16T09:20:40","guid":{"rendered":"http:\/\/site2.easyceotech.com\/?post_type=product&#038;p=3187"},"modified":"2024-03-12T08:02:07","modified_gmt":"2024-03-12T08:02:07","slug":"pterostilbene","status":"publish","type":"product","link":"https:\/\/wpachem.com\/es\/producto\/pterostilbene\/","title":{"rendered":"Pterostilbeno"},"content":{"rendered":"<p><strong>Introducci\u00f3n<\/strong><\/p>\n<p>El ingrediente Astragalus purpureus es uno de los mejores agentes antienvejecimiento bot\u00e1nicos naturales descubiertos en este siglo. Astragalus purpureus es un polvo cristalino blanco o blanquecino con un rico valor medicinal y pertenece a los ingredientes activos antif\u00fangicos en productos secos con sangre. Como compuesto de transestilbeno, Astragalus purpureus es un derivado metilado del resveratrol, que tiene diversas actividades biol\u00f3gicas como antioxidante, antitumoral, hipolipemiante y antibacteriano.<\/p>\n<p>Tiene un mecanismo similar al resveratrol, aunque es un derivado dimetilado con mejor efecto, mejor absorci\u00f3n y biodisponibilidad mayor y m\u00e1s estable que el resveratrol. Tiene una estructura molecular similar a la del resveratrol, con la \u00fanica diferencia de que el grupo hidroxilo es reemplazado por metoxi, teniendo dos grupos metoxi, y es m\u00e1s estable en comparaci\u00f3n con el resveratrol, lo que lo convierte en un ingrediente antioxidante m\u00e1s eficaz. El palo de rosa puede favorecer la salud del tejido conectivo al regular negativamente la expresi\u00f3n de los genes iNOS y COX-2, algo que el resveratrol no tiene.<\/p>\n<p>Debido a su estructura \u00fanica, tiene una actividad antif\u00fangica m\u00e1s fuerte que el resveratrol (5 veces m\u00e1s actividad antif\u00fangica que el resveratrol).<\/p>\n<p><strong>Caracter\u00edsticas de eficacia.<\/strong><\/p>\n<p>Alta gama, blanqueamiento, antienvejecimiento.<\/p>\n<p>Rosewood Astragalus tiene efectos positivos para la salud del cuerpo humano y se usa ampliamente en diversos campos de la medicina, la alimentaci\u00f3n y la cosm\u00e9tica.<br \/>\nEn el tratamiento de enfermedades humanas, Astragalus purpureus tiene efectos antiinflamatorios, antiespasm\u00f3dicos y antiulcerosos, aumenta las defensas de la piel, reduce la tensi\u00f3n cut\u00e1nea y tiene una importante eficacia medicinal en el tratamiento del c\u00e1ncer.<br \/>\nEn belleza m\u00e9dica, el astr\u00e1galo se puede usar externamente para inhibir la melanina, antiinflamaci\u00f3n, da\u00f1o solar, tumores de la piel, etc. Ha sido ampliamente elogiado en el pa\u00eds y en el extranjero como un antioxidante natural eficaz, especialmente en el campo de los antioxidantes.<br \/>\nEn el cuidado diario de la salud, el Astr\u00e1galo se puede tomar internamente, con el efecto de calmar el coraz\u00f3n y tranquilizar la mente, activando la desintoxicaci\u00f3n de la sangre.<\/p>","protected":false},"excerpt":{"rendered":"<p>Nombre INCI: Extracto de corteza de PTEROCARPUS MARSUPIUM o EXTRACTO DE MADERA DE PTEROCARPUS SANTALINUS<\/p>\n<p>Peso molecular: 256,3<\/p>\n<p>F\u00f3rmula molecular: C16H16O3<\/p>\n<p>N\u00famero CAS: 537-42-8<\/p>\n<p>N\u00famero EINECS: 611-041-4<\/p>\n<p>Apariencia: Polvo de cristal blanco<\/p>\n<p>Pureza: \u226599%<\/p>","protected":false},"featured_media":1974,"template":"","meta":{"_acf_changed":false,"_gspb_post_css":""},"product_brand":[],"product_cat":[60],"product_tag":[],"class_list":{"0":"post-3187","1":"product","2":"type-product","3":"status-publish","4":"has-post-thumbnail","6":"product_cat-cosmetic-ingredients","8":"first","9":"instock","10":"shipping-taxable","11":"product-type-simple"},"acf":[],"_links":{"self":[{"href":"https:\/\/wpachem.com\/es\/wp-json\/wp\/v2\/product\/3187","targetHints":{"allow":["GET"]}}],"collection":[{"href":"https:\/\/wpachem.com\/es\/wp-json\/wp\/v2\/product"}],"about":[{"href":"https:\/\/wpachem.com\/es\/wp-json\/wp\/v2\/types\/product"}],"version-history":[{"count":0,"href":"https:\/\/wpachem.com\/es\/wp-json\/wp\/v2\/product\/3187\/revisions"}],"wp:featuredmedia":[{"embeddable":true,"href":"https:\/\/wpachem.com\/es\/wp-json\/wp\/v2\/media\/1974"}],"wp:attachment":[{"href":"https:\/\/wpachem.com\/es\/wp-json\/wp\/v2\/media?parent=3187"}],"wp:term":[{"taxonomy":"product_brand","embeddable":true,"href":"https:\/\/wpachem.com\/es\/wp-json\/wp\/v2\/product_brand?post=3187"},{"taxonomy":"product_cat","embeddable":true,"href":"https:\/\/wpachem.com\/es\/wp-json\/wp\/v2\/product_cat?post=3187"},{"taxonomy":"product_tag","embeddable":true,"href":"https:\/\/wpachem.com\/es\/wp-json\/wp\/v2\/product_tag?post=3187"}],"curies":[{"name":"wp","href":"https:\/\/api.w.org\/{rel}","templated":true}]}}