{"id":3190,"date":"2022-11-16T09:20:59","date_gmt":"2022-11-16T09:20:59","guid":{"rendered":"http:\/\/site2.easyceotech.com\/?post_type=product&#038;p=3190"},"modified":"2024-03-12T08:02:05","modified_gmt":"2024-03-12T08:02:05","slug":"glycerol-glucoside","status":"publish","type":"product","link":"https:\/\/wpachem.com\/es\/producto\/glycerol-glucoside\/","title":{"rendered":"Gluc\u00f3sido de glicerol"},"content":{"rendered":"<p><strong>Introducci\u00f3n<\/strong><\/p>\n<p>El gluc\u00f3sido de glicerol es una clase de glic\u00f3sidos formados por mol\u00e9culas de glicerol y mol\u00e9culas de glucosa conectadas por enlaces glucos\u00eddicos, que tiene las funciones de hidratar la piel, promover la s\u00edntesis de col\u00e1geno en las c\u00e9lulas d\u00e9rmicas y aumentar la tasa metab\u00f3lica de las c\u00e9lulas envejecidas. En la \u00faltima d\u00e9cada, su excelencia se ha destacado en la industria cosm\u00e9tica y el n\u00famero de productos aplicados y el consumo en los mercados extranjeros est\u00e1n aumentando r\u00e1pidamente.<\/p>\n<p><strong>Caracter\u00edsticas de eficacia<\/strong><\/p>\n<ul>\n<li>Funci\u00f3n hidratante y de retenci\u00f3n de agua fuerte y duradera.<\/li>\n<li>Aumenta la expresi\u00f3n de prote\u00ednas del canal de agua, protege la membrana celular y previene la p\u00e9rdida de agua.<\/li>\n<li>Activa la vitalidad celular y acelera el metabolismo de las c\u00e9lulas de la piel.<\/li>\n<li>Mejora las propiedades antioxidantes de las c\u00e9lulas de la piel.<\/li>\n<li>Promueve la s\u00edntesis de precursores de col\u00e1geno tipo I.<\/li>\n<li>Reduce el enrojecimiento de la piel y combate las erupciones.<\/li>\n<li>Acelera la cicatrizaci\u00f3n de heridas y la reparaci\u00f3n de tejidos.<\/li>\n<\/ul>\n<p><strong>Aplicaci\u00f3n del producto<\/strong><br \/>\nAdecuado para todo tipo de mascarillas faciales, cuidado de la piel, limpieza, cabello, maquillaje y otros productos.<\/p>\n<p><strong>Cantidad adicional recomendada<\/strong><\/p>\n<ul>\n<li>Productos generales: 0,05 ~ 2,0%<\/li>\n<li>Productos de oxidaci\u00f3n: 1.0%<\/li>\n<li>Productos para el cuidado del cabello Raise Hair: 0,5 a 1,0%<\/li>\n<\/ul>\n<p><strong>Embalaje: <\/strong>1 kg\/bolsa (bolsa de papel de aluminio forrada con bolsa con cierre de cremallera de PE), 25 kg\/barril<\/p>","protected":false},"excerpt":{"rendered":"<p>Nombre INCI: Gluc\u00f3sido de glicerilo<\/p>\n<p>F\u00f3rmula molecular: C9H18O8<\/p>\n<p>N.\u00ba CAS: 22160-26-5<\/p>\n<p>Apariencia: Polvo blanco a blanquecino<\/p>\n<p>Pureza: \u226599%<\/p>","protected":false},"featured_media":2180,"template":"","meta":{"_acf_changed":false,"_gspb_post_css":""},"product_brand":[],"product_cat":[60],"product_tag":[],"class_list":{"0":"post-3190","1":"product","2":"type-product","3":"status-publish","4":"has-post-thumbnail","6":"product_cat-cosmetic-ingredients","8":"first","9":"instock","10":"shipping-taxable","11":"product-type-simple"},"acf":[],"_links":{"self":[{"href":"https:\/\/wpachem.com\/es\/wp-json\/wp\/v2\/product\/3190","targetHints":{"allow":["GET"]}}],"collection":[{"href":"https:\/\/wpachem.com\/es\/wp-json\/wp\/v2\/product"}],"about":[{"href":"https:\/\/wpachem.com\/es\/wp-json\/wp\/v2\/types\/product"}],"version-history":[{"count":0,"href":"https:\/\/wpachem.com\/es\/wp-json\/wp\/v2\/product\/3190\/revisions"}],"wp:featuredmedia":[{"embeddable":true,"href":"https:\/\/wpachem.com\/es\/wp-json\/wp\/v2\/media\/2180"}],"wp:attachment":[{"href":"https:\/\/wpachem.com\/es\/wp-json\/wp\/v2\/media?parent=3190"}],"wp:term":[{"taxonomy":"product_brand","embeddable":true,"href":"https:\/\/wpachem.com\/es\/wp-json\/wp\/v2\/product_brand?post=3190"},{"taxonomy":"product_cat","embeddable":true,"href":"https:\/\/wpachem.com\/es\/wp-json\/wp\/v2\/product_cat?post=3190"},{"taxonomy":"product_tag","embeddable":true,"href":"https:\/\/wpachem.com\/es\/wp-json\/wp\/v2\/product_tag?post=3190"}],"curies":[{"name":"wp","href":"https:\/\/api.w.org\/{rel}","templated":true}]}}