{"id":3193,"date":"2022-11-16T09:20:18","date_gmt":"2022-11-16T09:20:18","guid":{"rendered":"http:\/\/site2.easyceotech.com\/?post_type=product&#038;p=3193"},"modified":"2024-03-12T08:02:13","modified_gmt":"2024-03-12T08:02:13","slug":"hydroxypinacolone-retinoate-hpr","status":"publish","type":"product","link":"https:\/\/wpachem.com\/es\/producto\/hydroxypinacolone-retinoate-hpr\/","title":{"rendered":"Retinoato de hidroxipinacolona (HPR)"},"content":{"rendered":"<p><strong>Introducci\u00f3n<\/strong><\/p>\n<p>El retinoide hidroxipinacol (HPR) es un nuevo retinoide revolucionario que los estudios han demostrado que funciona directamente a trav\u00e9s de agonistas sin conversi\u00f3n metab\u00f3lica (los retinoides generalmente requieren dos pasos de conversi\u00f3n en la piel) en comparaci\u00f3n con otros productos retinoides, es menos irritante, pero muy potente, m\u00e1s estable y menos susceptible al fallo oxidativo. Es un ingrediente antienvejecimiento seguro y eficaz (eficaz para reducir las l\u00edneas finas y arrugas, y para atenuar la pigmentaci\u00f3n) y antiacn\u00e9.<\/p>\n<p><strong>Caracter\u00edsticas de eficacia<\/strong><\/p>\n<ul>\n<li>Mejora las l\u00edneas finas y las arrugas.<\/li>\n<li>Antioxidaci\u00f3n<\/li>\n<li>Aclara la pigmentaci\u00f3n epid\u00e9rmica y reduce la aspereza de la piel.<\/li>\n<li>Reduce las manchas de la edad y la descamaci\u00f3n de la piel.<\/li>\n<li>Trata el acn\u00e9<\/li>\n<li>Controlar el aceite para inhibir la producci\u00f3n de sebo.<\/li>\n<li>Promueve la producci\u00f3n de col\u00e1geno.<\/li>\n<li>Mayor estabilidad y menor estimulaci\u00f3n en comparaci\u00f3n con el retinol.<\/li>\n<\/ul>\n<p><strong>Aplicaci\u00f3n del producto:<\/strong><br \/>\nAdecuado para mascarilla facial, esencia, crema de noche y otros productos para el cuidado de la piel, especialmente recomendado para productos antienvejecimiento y eliminadores de arrugas.<\/p>\n<p><strong>D\u00f3sis recomendada:<\/strong> 0.001~0.3%<\/p>\n<p><strong>Embalaje :<\/strong> Bolsa de papel de aluminio forrada con bolsa Ziplock de PE<\/p>","protected":false},"excerpt":{"rendered":"<p>Nombre INCI: Retinoato de hidroxipinacolona<\/p>\n<p>F\u00f3rmula molecular: C26H38O3<\/p>\n<p>N\u00famero CAS: 893412-73-2<\/p>\n<p>Aspecto: Polvo amarillo (l\u00edquido est\u00e1ndar: l\u00edquido de color amarillo claro a amarillo)<\/p>\n<p>Pureza: \u226598% (Est\u00e1ndar l\u00edquido: \u226510% (disuelto en DMI))<\/p>","protected":false},"featured_media":2096,"template":"","meta":{"_acf_changed":false,"_gspb_post_css":""},"product_brand":[],"product_cat":[60],"product_tag":[],"class_list":{"0":"post-3193","1":"product","2":"type-product","3":"status-publish","4":"has-post-thumbnail","6":"product_cat-cosmetic-ingredients","8":"first","9":"instock","10":"shipping-taxable","11":"product-type-simple"},"acf":[],"_links":{"self":[{"href":"https:\/\/wpachem.com\/es\/wp-json\/wp\/v2\/product\/3193","targetHints":{"allow":["GET"]}}],"collection":[{"href":"https:\/\/wpachem.com\/es\/wp-json\/wp\/v2\/product"}],"about":[{"href":"https:\/\/wpachem.com\/es\/wp-json\/wp\/v2\/types\/product"}],"version-history":[{"count":0,"href":"https:\/\/wpachem.com\/es\/wp-json\/wp\/v2\/product\/3193\/revisions"}],"wp:featuredmedia":[{"embeddable":true,"href":"https:\/\/wpachem.com\/es\/wp-json\/wp\/v2\/media\/2096"}],"wp:attachment":[{"href":"https:\/\/wpachem.com\/es\/wp-json\/wp\/v2\/media?parent=3193"}],"wp:term":[{"taxonomy":"product_brand","embeddable":true,"href":"https:\/\/wpachem.com\/es\/wp-json\/wp\/v2\/product_brand?post=3193"},{"taxonomy":"product_cat","embeddable":true,"href":"https:\/\/wpachem.com\/es\/wp-json\/wp\/v2\/product_cat?post=3193"},{"taxonomy":"product_tag","embeddable":true,"href":"https:\/\/wpachem.com\/es\/wp-json\/wp\/v2\/product_tag?post=3193"}],"curies":[{"name":"wp","href":"https:\/\/api.w.org\/{rel}","templated":true}]}}