{"id":3196,"date":"2022-11-16T09:19:57","date_gmt":"2022-11-16T09:19:57","guid":{"rendered":"http:\/\/site2.easyceotech.com\/?post_type=product&#038;p=3196"},"modified":"2024-03-12T08:02:54","modified_gmt":"2024-03-12T08:02:54","slug":"dimethylmethoxy-chromanol","status":"publish","type":"product","link":"https:\/\/wpachem.com\/es\/producto\/dimethylmethoxy-chromanol\/","title":{"rendered":"Dimetilmetoxicromanol"},"content":{"rendered":"<p><strong>Introducci\u00f3n<\/strong><\/p>\n<p>Eliminaci\u00f3n de radicales libres &quot;profesional&quot;, para un doble efecto de eliminaci\u00f3n de RNS y RCS y una eliminaci\u00f3n efectiva de la actividad del ox\u00edgeno singlete, reduce la peroxidaci\u00f3n lip\u00eddica de las c\u00e9lulas humanas, resiste la fotooxidaci\u00f3n, protege el ADN, mejora la viabilidad celular, reduce el estr\u00e9s oxidativo, especialmente adecuado para anti- Productos antienvejecimiento y antienvejecimiento prematuro.<\/p>\n<p><strong>Caracter\u00edsticas de eficacia<\/strong><\/p>\n<ul>\n<li>Efecto eliminador dual de RNS y RCS.<\/li>\n<li>Eliminaci\u00f3n eficaz de la actividad del ox\u00edgeno singlete.<\/li>\n<li>Inhibe eficazmente la peroxidaci\u00f3n del aceite inducida por el ani\u00f3n peroxinitrito.<\/li>\n<li>Previene el da\u00f1o de la piel debido a la generaci\u00f3n de aniones peroxinitrito y \u00f3xido de nitr\u00f3geno.<\/li>\n<li>Protege contra el fotoda\u00f1o de los rayos UVA al inhibir la producci\u00f3n de radicales de ox\u00edgeno.<\/li>\n<li>Inhibe la peroxidaci\u00f3n de aceites en bajas concentraciones.<\/li>\n<li>Previene la peroxidaci\u00f3n de aceites en aceites esenciales.<\/li>\n<li>Protege los fibroblastos humanos contra el estr\u00e9s oxidativo.<\/li>\n<\/ul>\n<p><strong>Aplicaci\u00f3n del producto<\/strong><br \/>\nAdecuado para mascarillas faciales, esencias, cremas de noche, b\u00e1lsamos labiales, aceites esenciales y otros productos para el cuidado de la piel, especialmente recomendados para antienvejecimiento, prevenci\u00f3n del envejecimiento prematuro y otros productos.<\/p>\n<p>&nbsp;<\/p>\n<p><strong>Embalaje:<\/strong> 1 kg\/bolsa (bolsa de papel de aluminio forrada con bolsa Ziplock de PE), 25 kg\/barril<\/p>","protected":false},"excerpt":{"rendered":"<p>Nombre qu\u00edmico: 7-metoxi-2,2-dimetil-6-cromanol<\/p>\n<p>Nombre INCI: Dimetilmetoxicromanol<\/p>\n<p>F\u00f3rmula molecular: C12H16O3<\/p>\n<p>N\u00famero CAS: 83923-51-7<\/p>\n<p>Apariencia: Polvo blanco a blanquecino<\/p>\n<p>Pureza: \u226599%<\/p>","protected":false},"featured_media":2138,"template":"","meta":{"_acf_changed":false,"_gspb_post_css":""},"product_brand":[],"product_cat":[60],"product_tag":[],"class_list":{"0":"post-3196","1":"product","2":"type-product","3":"status-publish","4":"has-post-thumbnail","6":"product_cat-cosmetic-ingredients","8":"first","9":"instock","10":"shipping-taxable","11":"product-type-simple"},"acf":[],"_links":{"self":[{"href":"https:\/\/wpachem.com\/es\/wp-json\/wp\/v2\/product\/3196","targetHints":{"allow":["GET"]}}],"collection":[{"href":"https:\/\/wpachem.com\/es\/wp-json\/wp\/v2\/product"}],"about":[{"href":"https:\/\/wpachem.com\/es\/wp-json\/wp\/v2\/types\/product"}],"version-history":[{"count":0,"href":"https:\/\/wpachem.com\/es\/wp-json\/wp\/v2\/product\/3196\/revisions"}],"wp:featuredmedia":[{"embeddable":true,"href":"https:\/\/wpachem.com\/es\/wp-json\/wp\/v2\/media\/2138"}],"wp:attachment":[{"href":"https:\/\/wpachem.com\/es\/wp-json\/wp\/v2\/media?parent=3196"}],"wp:term":[{"taxonomy":"product_brand","embeddable":true,"href":"https:\/\/wpachem.com\/es\/wp-json\/wp\/v2\/product_brand?post=3196"},{"taxonomy":"product_cat","embeddable":true,"href":"https:\/\/wpachem.com\/es\/wp-json\/wp\/v2\/product_cat?post=3196"},{"taxonomy":"product_tag","embeddable":true,"href":"https:\/\/wpachem.com\/es\/wp-json\/wp\/v2\/product_tag?post=3196"}],"curies":[{"name":"wp","href":"https:\/\/api.w.org\/{rel}","templated":true}]}}