{"id":3199,"date":"2022-11-16T09:19:40","date_gmt":"2022-11-16T09:19:40","guid":{"rendered":"http:\/\/site2.easyceotech.com\/?post_type=product&#038;p=3199"},"modified":"2024-03-12T08:02:57","modified_gmt":"2024-03-12T08:02:57","slug":"piroctone-olamine-po-oct","status":"publish","type":"product","link":"https:\/\/wpachem.com\/es\/producto\/piroctone-olamine-po-oct\/","title":{"rendered":"Piroctona Olamina (PO; OCT)"},"content":{"rendered":"<p><strong>Introducci\u00f3n<\/strong><\/p>\n<p>La sal de piroctona etanolamina es el \u00fanico agente anticaspa y antipruriginoso disponible hasta la fecha en productos capilares sin aclarado. Posee un amplio espectro de acci\u00f3n antif\u00fangica contra hongos y mohos, y un buen efecto terap\u00e9utico contra la ti\u00f1a de pies y manos. Se puede utilizar como conservante en cosm\u00e9ticos y fungicida en jabones, adem\u00e1s de poseer propiedades espesantes. Por lo tanto, la sal de piroctona etanolamina es un antis\u00e9ptico anticaspa y antipruriginoso multifuncional, ampliamente utilizado en champ\u00fas, productos de ba\u00f1o, cosm\u00e9ticos y detergentes.<\/p>\n<p><strong>Caracter\u00edsticas de eficacia.<\/strong><\/p>\n<ul>\n<li>Antibacteriano de amplio espectro y, sin \u00e9ster de nipagina, no liberador de formaldeh\u00eddo.<\/li>\n<li>Inhibici\u00f3n eficaz de Malassezia, anticaspa y antipicaz\u00f3n, alivia la inflamaci\u00f3n del cuero cabelludo.<\/li>\n<li>Seguro, suave, de baja irritaci\u00f3n, no provoca ca\u00edda ni rotura del cabello.<\/li>\n<li>Como el uso de ZPT es limitado, OCT es un producto alternativo extremadamente adecuado, mientras que el uso de flexible en la formulaci\u00f3n, adecuado para formulaciones transparentes, sin estabilizador de suspensi\u00f3n; adem\u00e1s, en la formulaci\u00f3n de sulfato, puede actuar como un agente espesante.<\/li>\n<li>Puede reducir la secreci\u00f3n de sebo en la superficie de la piel, adecuado para el cuero cabelludo y la piel grasos, f\u00f3rmulas para hombres, mientras que en el efecto antiacn\u00e9, alivio de la piel con acn\u00e9.<\/li>\n<\/ul>\n<p>&nbsp;<\/p>\n<p><strong>Aplicaci\u00f3n del producto:<\/strong><br \/>\nAdecuado para champ\u00fa anticaspa, acondicionador sin enjuague, spray bacteriost\u00e1tico desodorizante, lavado de mascotas y otros productos.<\/p>\n<p><strong>Embalaje: <\/strong>1 kg\/bolsa (bolsa de papel de aluminio forrada con bolsa con cierre de cremallera de PE), 25 kg\/barril<\/p>","protected":false},"excerpt":{"rendered":"<p>Nombre qu\u00edmico: 1-Hidroxi-4-metil-6-(2,4,4-trimetilpentil)-2(IH)-piridona<\/p>\n<p>Nombre INCI: Sal de etanolamina de piroctona<\/p>\n<p>F\u00f3rmula molecular: C16H30N2O3<\/p>\n<p>N.\u00ba CAS: 68890-66-4<\/p>\n<p>Aspecto: Polvo blanco o blanquecino<\/p>\n<p>Pureza: \u226599%<\/p>","protected":false},"featured_media":2181,"template":"","meta":{"_acf_changed":false,"_gspb_post_css":""},"product_brand":[],"product_cat":[60],"product_tag":[],"class_list":{"0":"post-3199","1":"product","2":"type-product","3":"status-publish","4":"has-post-thumbnail","6":"product_cat-cosmetic-ingredients","8":"first","9":"instock","10":"shipping-taxable","11":"product-type-simple"},"acf":[],"_links":{"self":[{"href":"https:\/\/wpachem.com\/es\/wp-json\/wp\/v2\/product\/3199","targetHints":{"allow":["GET"]}}],"collection":[{"href":"https:\/\/wpachem.com\/es\/wp-json\/wp\/v2\/product"}],"about":[{"href":"https:\/\/wpachem.com\/es\/wp-json\/wp\/v2\/types\/product"}],"version-history":[{"count":0,"href":"https:\/\/wpachem.com\/es\/wp-json\/wp\/v2\/product\/3199\/revisions"}],"wp:featuredmedia":[{"embeddable":true,"href":"https:\/\/wpachem.com\/es\/wp-json\/wp\/v2\/media\/2181"}],"wp:attachment":[{"href":"https:\/\/wpachem.com\/es\/wp-json\/wp\/v2\/media?parent=3199"}],"wp:term":[{"taxonomy":"product_brand","embeddable":true,"href":"https:\/\/wpachem.com\/es\/wp-json\/wp\/v2\/product_brand?post=3199"},{"taxonomy":"product_cat","embeddable":true,"href":"https:\/\/wpachem.com\/es\/wp-json\/wp\/v2\/product_cat?post=3199"},{"taxonomy":"product_tag","embeddable":true,"href":"https:\/\/wpachem.com\/es\/wp-json\/wp\/v2\/product_tag?post=3199"}],"curies":[{"name":"wp","href":"https:\/\/api.w.org\/{rel}","templated":true}]}}