{"id":3202,"date":"2022-11-16T09:19:22","date_gmt":"2022-11-16T09:19:22","guid":{"rendered":"http:\/\/site2.easyceotech.com\/?post_type=product&#038;p=3202"},"modified":"2024-03-12T08:03:02","modified_gmt":"2024-03-12T08:03:02","slug":"pyridoxine-tripalmitate","status":"publish","type":"product","link":"https:\/\/wpachem.com\/es\/producto\/pyridoxine-tripalmitate\/","title":{"rendered":"Tripalmitato de piridoxina"},"content":{"rendered":"<p><strong>Introducci\u00f3n<\/strong><\/p>\n<p>El tripalmitato de piridoxina es un derivado B6 de la vitamina, que conserva intactas la actividad y los efectos correspondientes de la vitamina B6. Por ejemplo, regula la vitalidad del sebo, normaliza el metabolismo de las prote\u00ednas y amino\u00e1cidos de la piel, previene la aspereza de la piel, el acn\u00e9 y las quemaduras solares, puede aumentar el metabolismo de las membranas mucosas de la piel y es eficaz contra la dermatitis, el eccema y el acn\u00e9. Al igual que VB5, VB6 puede aumentar el contenido de \u00e1cido hialur\u00f3nico en la epidermis, que tiene un efecto antienvejecimiento en la piel.<\/p>\n<p><strong>Ventajas caracter\u00edsticas<\/strong><br \/>\nTripalmitato de piridoxina frente a vitamina B6<br \/>\nEl tripalmitato de piridoxina es una combinaci\u00f3n de tres palmitatos encima de la estructura b\u00e1sica de VB6, que cambia las propiedades originales solubles en agua en propiedades solubles en \u00e9ster y aceite, y aporta una mejor absorci\u00f3n y estabilidad.<br \/>\nTripalmitato de piridoxina: mejor estabilidad, pro\u00e9ster y propiel, mejor absorci\u00f3n.<\/p>\n<p><strong>Caracter\u00edsticas de eficacia<\/strong><\/p>\n<ul>\n<li>Reparaci\u00f3n: previene la aspereza de la piel, el acn\u00e9 y las quemaduras solares.<\/li>\n<li>Regulaci\u00f3n: normaliza el metabolismo de prote\u00ednas y amino\u00e1cidos del cuero cabelludo.<\/li>\n<li>Control de grasa: regula la vitalidad de las gl\u00e1ndulas seb\u00e1ceas y puede usarse como producto de control de grasa en la piel y el cabello.<\/li>\n<li>Cuidado del cabello: mantenga los fol\u00edculos pilosos y la salud del cabello y trate la ca\u00edda del cabello.<\/li>\n<\/ul>\n<p><strong>Mecanismo de acci\u00f3n<\/strong><\/p>\n<p>Se utiliza para el cuidado del cuero cabelludo para controlar eficazmente la grasa y reducir la producci\u00f3n de caspa. Una de las funciones destacadas de la vitamina B6 es su efecto sobre el cabello. Cuando hay deficiencia de vitamina B6, el problema cut\u00e1neo m\u00e1s destacado es la dermatitis seborreica, que tiende a provocar la ca\u00edda del cabello.<br \/>\nAdem\u00e1s, la vitamina B6 desempe\u00f1a un papel decisivo en la producci\u00f3n de cabello por parte de las c\u00e9lulas madre del cabello a trav\u00e9s de amino\u00e1cidos que contienen azufre. Si falta vitamina B6, la capacidad de crecimiento del cabello de las nuevas c\u00e9lulas madre del cabello se ve obstaculizada y el cabello en el per\u00edodo de crecimiento tendr\u00e1 una vida m\u00e1s corta y se caer\u00e1 debido a la dermatitis seborreica.<\/p>","protected":false},"excerpt":{"rendered":"<p>Nombre INCI: Tripalmitato de piridoxina<\/p>\n<p>F\u00f3rmula molecular: C56H101NO6<\/p>\n<p>N\u00famero CAS: 4372-46-7<\/p>\n<p>N\u00famero EINECS: 224-470-3<\/p>\n<p>Apariencia: Polvo de cristal blanco<\/p>\n<p>Pureza: \u226599%<\/p>","protected":false},"featured_media":2150,"template":"","meta":{"_acf_changed":false,"_gspb_post_css":""},"product_brand":[],"product_cat":[60],"product_tag":[],"class_list":{"0":"post-3202","1":"product","2":"type-product","3":"status-publish","4":"has-post-thumbnail","6":"product_cat-cosmetic-ingredients","8":"first","9":"instock","10":"shipping-taxable","11":"product-type-simple"},"acf":[],"_links":{"self":[{"href":"https:\/\/wpachem.com\/es\/wp-json\/wp\/v2\/product\/3202","targetHints":{"allow":["GET"]}}],"collection":[{"href":"https:\/\/wpachem.com\/es\/wp-json\/wp\/v2\/product"}],"about":[{"href":"https:\/\/wpachem.com\/es\/wp-json\/wp\/v2\/types\/product"}],"version-history":[{"count":0,"href":"https:\/\/wpachem.com\/es\/wp-json\/wp\/v2\/product\/3202\/revisions"}],"wp:featuredmedia":[{"embeddable":true,"href":"https:\/\/wpachem.com\/es\/wp-json\/wp\/v2\/media\/2150"}],"wp:attachment":[{"href":"https:\/\/wpachem.com\/es\/wp-json\/wp\/v2\/media?parent=3202"}],"wp:term":[{"taxonomy":"product_brand","embeddable":true,"href":"https:\/\/wpachem.com\/es\/wp-json\/wp\/v2\/product_brand?post=3202"},{"taxonomy":"product_cat","embeddable":true,"href":"https:\/\/wpachem.com\/es\/wp-json\/wp\/v2\/product_cat?post=3202"},{"taxonomy":"product_tag","embeddable":true,"href":"https:\/\/wpachem.com\/es\/wp-json\/wp\/v2\/product_tag?post=3202"}],"curies":[{"name":"wp","href":"https:\/\/api.w.org\/{rel}","templated":true}]}}