{"id":3205,"date":"2022-11-16T09:18:20","date_gmt":"2022-11-16T09:18:20","guid":{"rendered":"http:\/\/site2.easyceotech.com\/?post_type=product&#038;p=3205"},"modified":"2024-03-12T08:03:11","modified_gmt":"2024-03-12T08:03:11","slug":"avobenzone","status":"publish","type":"product","link":"https:\/\/wpachem.com\/es\/producto\/avobenzone\/","title":{"rendered":"avobenzona"},"content":{"rendered":"<p><strong>Informaci\u00f3n de la aplicaci\u00f3n:<\/strong> La avobenzona es un absorbente de rayos UVA eficaz y soluble en aceite. Debe garantizarse una solubilidad adecuada en la formulaci\u00f3n para evitar la recristalizaci\u00f3n durante el almacenamiento. Para maximizar la utilizaci\u00f3n y el alto rendimiento, la avobenzona debe fotoestabilizarse adecuadamente. Un excelente material para estabilizaciones es el octocrileno. Otras opciones adicionales ser\u00edan el 3-(4-metilbenciliden) alcanfor o BP-3; Utilice un agente quelante como EDTA.<\/p>\n<p><strong>Incompatibilidades conocidas:<\/strong> Deben evitarse los cationes met\u00e1licos multivalentes, ya que pueden formar decoloraciones (p. ej. Fe) o cristales debido a la menor solubilidad de los complejos (p. ej. Al y Mg). Los di\u00f3xidos de titanio recubiertos de aluminio pueden formar cristales. La combinaci\u00f3n de avobenzona y \u00f3xido de zinc puede interactuar para formar un complejo que puede precipitar.<\/p>\n<p>La avobenzona es incompatible con los donadores de formaldeh\u00eddo, que se utilizan principalmente como conservantes.<\/p>\n<p><strong>Solubilidad:<\/strong> soluble en aceite<\/p>\n<p><strong>A\u00f1adir en fase:<\/strong> fase oleosa<\/p>\n<p><strong>Uso:<\/strong> Aplicaci\u00f3n del producto con filtro UVA: productos de protecci\u00f3n solar<\/p>\n<p><strong>Condici\u00f3n de almacenamiento:<\/strong> temperatura ambiente, lejos de la luz<\/p>\n<p><strong>Paquete:<\/strong> caja de cart\u00f3n de 25 kg<\/p>","protected":false},"excerpt":{"rendered":"<div class=\"pro_ph\">\n<p><strong>Nombre INCI:<\/strong>avobenzona<\/p>\n<\/div>\n<div class=\"pro_ph\"><strong>F\u00f3rmula molecular<\/strong>:C20H22O3<\/div>\n<div class=\"pro_ph\"><strong>No CAS.:<\/strong>70356-09-1<\/div>\n<div><strong>Apariencia:<\/strong> Polvo blanco o amarillo claro<\/div>\n<div>\n<p><strong>Longitud de onda de absorci\u00f3n:<\/strong> UVA<\/p>\n<p><strong>Absorci\u00f3n m\u00e1xima:<\/strong> 357nm<\/p>\n<\/div>","protected":false},"featured_media":2176,"template":"","meta":{"_acf_changed":false,"_gspb_post_css":""},"product_brand":[],"product_cat":[60],"product_tag":[],"class_list":{"0":"post-3205","1":"product","2":"type-product","3":"status-publish","4":"has-post-thumbnail","6":"product_cat-cosmetic-ingredients","8":"first","9":"instock","10":"shipping-taxable","11":"product-type-simple"},"acf":[],"_links":{"self":[{"href":"https:\/\/wpachem.com\/es\/wp-json\/wp\/v2\/product\/3205","targetHints":{"allow":["GET"]}}],"collection":[{"href":"https:\/\/wpachem.com\/es\/wp-json\/wp\/v2\/product"}],"about":[{"href":"https:\/\/wpachem.com\/es\/wp-json\/wp\/v2\/types\/product"}],"version-history":[{"count":0,"href":"https:\/\/wpachem.com\/es\/wp-json\/wp\/v2\/product\/3205\/revisions"}],"wp:featuredmedia":[{"embeddable":true,"href":"https:\/\/wpachem.com\/es\/wp-json\/wp\/v2\/media\/2176"}],"wp:attachment":[{"href":"https:\/\/wpachem.com\/es\/wp-json\/wp\/v2\/media?parent=3205"}],"wp:term":[{"taxonomy":"product_brand","embeddable":true,"href":"https:\/\/wpachem.com\/es\/wp-json\/wp\/v2\/product_brand?post=3205"},{"taxonomy":"product_cat","embeddable":true,"href":"https:\/\/wpachem.com\/es\/wp-json\/wp\/v2\/product_cat?post=3205"},{"taxonomy":"product_tag","embeddable":true,"href":"https:\/\/wpachem.com\/es\/wp-json\/wp\/v2\/product_tag?post=3205"}],"curies":[{"name":"wp","href":"https:\/\/api.w.org\/{rel}","templated":true}]}}