{"id":3208,"date":"2022-11-16T09:18:40","date_gmt":"2022-11-16T09:18:40","guid":{"rendered":"http:\/\/site2.easyceotech.com\/?post_type=product&#038;p=3208"},"modified":"2024-03-12T08:03:08","modified_gmt":"2024-03-12T08:03:08","slug":"octocrylene","status":"publish","type":"product","link":"https:\/\/wpachem.com\/es\/producto\/octocrylene\/","title":{"rendered":"Octocrileno"},"content":{"rendered":"<p><strong>Descripci\u00f3n:<\/strong><\/p>\n<p>El octocrileno es un eficaz absorbente de UVB que se integra f\u00e1cilmente con la fase oleosa de las formulaciones de protectores solares. Es un excelente solubilizante para otros absorbentes de UV s\u00f3lidos y cristalinos. Gracias a su alta tasa de absorci\u00f3n, no toxicidad, no teratogenicidad y buena estabilidad, puede absorber la radiaci\u00f3n UVB y una peque\u00f1a cantidad de luz UVA. Est\u00e1 aprobado como ingrediente activo de clase I en protectores solares por la FDA de EE. UU. y se utiliza ampliamente en Estados Unidos y Europa.<\/p>\n<p>&nbsp;<\/p>\n<p><strong>Solubilidad:<\/strong> soluble en aceite<\/p>\n<p><strong>A\u00f1adir en fase:<\/strong> fase oleosa<\/p>\n<p><strong>Uso:<\/strong> Aplicaci\u00f3n del producto con filtro UVB: productos de protecci\u00f3n solar<\/p>\n<p><strong>Condici\u00f3n de almacenamiento:<\/strong> temperatura ambiente, lejos de la luz<\/p>\n<p><strong>Paquete:<\/strong> tambor de 200 kg<\/p>","protected":false},"excerpt":{"rendered":"<div class=\"pro_ph\">\n<p><strong>Nombre INCI:<\/strong>OCTOCRILENO<\/p>\n<\/div>\n<div class=\"pro_ph\"><strong>F\u00f3rmula molecular:<\/strong>C24H27NO2<\/div>\n<div class=\"pro_ph\"><strong>No CAS.:<\/strong>6197-30-4<\/div>\n<div>\n<p><strong>Ensayo:<\/strong> 99%<\/p>\n<p><strong>Apariencia:<\/strong> l\u00edquido transparente, amarillo y viscoso<\/p>\n<p><strong>Longitud de onda de absorci\u00f3n:<\/strong> UVB<\/p>\n<p><strong>Absorci\u00f3n m\u00e1xima:<\/strong> 303 nm<\/p>\n<\/div>","protected":false},"featured_media":2111,"template":"","meta":{"_acf_changed":false,"_gspb_post_css":""},"product_brand":[],"product_cat":[60],"product_tag":[],"class_list":{"0":"post-3208","1":"product","2":"type-product","3":"status-publish","4":"has-post-thumbnail","6":"product_cat-cosmetic-ingredients","8":"first","9":"instock","10":"shipping-taxable","11":"product-type-simple"},"acf":[],"_links":{"self":[{"href":"https:\/\/wpachem.com\/es\/wp-json\/wp\/v2\/product\/3208","targetHints":{"allow":["GET"]}}],"collection":[{"href":"https:\/\/wpachem.com\/es\/wp-json\/wp\/v2\/product"}],"about":[{"href":"https:\/\/wpachem.com\/es\/wp-json\/wp\/v2\/types\/product"}],"version-history":[{"count":0,"href":"https:\/\/wpachem.com\/es\/wp-json\/wp\/v2\/product\/3208\/revisions"}],"wp:featuredmedia":[{"embeddable":true,"href":"https:\/\/wpachem.com\/es\/wp-json\/wp\/v2\/media\/2111"}],"wp:attachment":[{"href":"https:\/\/wpachem.com\/es\/wp-json\/wp\/v2\/media?parent=3208"}],"wp:term":[{"taxonomy":"product_brand","embeddable":true,"href":"https:\/\/wpachem.com\/es\/wp-json\/wp\/v2\/product_brand?post=3208"},{"taxonomy":"product_cat","embeddable":true,"href":"https:\/\/wpachem.com\/es\/wp-json\/wp\/v2\/product_cat?post=3208"},{"taxonomy":"product_tag","embeddable":true,"href":"https:\/\/wpachem.com\/es\/wp-json\/wp\/v2\/product_tag?post=3208"}],"curies":[{"name":"wp","href":"https:\/\/api.w.org\/{rel}","templated":true}]}}