{"id":3211,"date":"2022-11-16T09:18:58","date_gmt":"2022-11-16T09:18:58","guid":{"rendered":"http:\/\/site2.easyceotech.com\/?post_type=product&#038;p=3211"},"modified":"2024-03-12T08:04:04","modified_gmt":"2024-03-12T08:04:04","slug":"homosalate","status":"publish","type":"product","link":"https:\/\/wpachem.com\/es\/producto\/homosalate\/","title":{"rendered":"homosalato"},"content":{"rendered":"<p><strong>Descripci\u00f3n:<\/strong><\/p>\n<p>El homosalato es un absorbente de UVB eficaz con una longitud de onda de absorci\u00f3n de 295 ~ 315 nm, que puede proteger la piel del da\u00f1o de la radiaci\u00f3n UVB y reducir los efectos nocivos a largo plazo de la exposici\u00f3n al sol. Es un l\u00edquido incoloro, soluble en aceite y se puede incorporar f\u00e1cilmente en la fase oleosa de una formulaci\u00f3n de protector solar.<\/p>\n<p><strong>Solubilidad:<\/strong> soluble en aceite<\/p>\n<p><strong>A\u00f1adir en fase:<\/strong> fase oleosa<\/p>\n<p><strong>Uso:<\/strong> Filtro UVB<\/p>\n<p><strong>Aplicaci\u00f3n del producto:<\/strong> productos de protecci\u00f3n solar<\/p>\n<p><strong>Condici\u00f3n de almacenamiento:<\/strong> temperatura ambiente, lejos de la luz<\/p>\n<p><strong>Paquete:<\/strong> tambor de 200 kg<\/p>","protected":false},"excerpt":{"rendered":"<div class=\"pro_ph\">\n<p><strong>Nombre INCI:<\/strong>homosalato<\/p>\n<\/div>\n<div class=\"pro_ph\"><strong>F\u00f3rmula molecular:<\/strong>C16H22O3<\/div>\n<div class=\"pro_ph\"><strong>No CAS.:<\/strong>118-56-9<\/div>\n<div>\n<p><strong>Ensayo:<\/strong>99%<\/p>\n<p><strong>Apariencia:<\/strong>L\u00edquido incoloro a ligeramente amarillo.<\/p>\n<p><strong>Longitud de onda de absorci\u00f3n:<\/strong>UVB<\/p>\n<p><strong>Absorci\u00f3n m\u00e1xima:<\/strong>306nm<\/p>\n<\/div>","protected":false},"featured_media":2212,"template":"","meta":{"_acf_changed":false,"_gspb_post_css":""},"product_brand":[],"product_cat":[60],"product_tag":[],"class_list":{"0":"post-3211","1":"product","2":"type-product","3":"status-publish","4":"has-post-thumbnail","6":"product_cat-cosmetic-ingredients","8":"first","9":"instock","10":"shipping-taxable","11":"product-type-simple"},"acf":[],"_links":{"self":[{"href":"https:\/\/wpachem.com\/es\/wp-json\/wp\/v2\/product\/3211","targetHints":{"allow":["GET"]}}],"collection":[{"href":"https:\/\/wpachem.com\/es\/wp-json\/wp\/v2\/product"}],"about":[{"href":"https:\/\/wpachem.com\/es\/wp-json\/wp\/v2\/types\/product"}],"version-history":[{"count":0,"href":"https:\/\/wpachem.com\/es\/wp-json\/wp\/v2\/product\/3211\/revisions"}],"wp:featuredmedia":[{"embeddable":true,"href":"https:\/\/wpachem.com\/es\/wp-json\/wp\/v2\/media\/2212"}],"wp:attachment":[{"href":"https:\/\/wpachem.com\/es\/wp-json\/wp\/v2\/media?parent=3211"}],"wp:term":[{"taxonomy":"product_brand","embeddable":true,"href":"https:\/\/wpachem.com\/es\/wp-json\/wp\/v2\/product_brand?post=3211"},{"taxonomy":"product_cat","embeddable":true,"href":"https:\/\/wpachem.com\/es\/wp-json\/wp\/v2\/product_cat?post=3211"},{"taxonomy":"product_tag","embeddable":true,"href":"https:\/\/wpachem.com\/es\/wp-json\/wp\/v2\/product_tag?post=3211"}],"curies":[{"name":"wp","href":"https:\/\/api.w.org\/{rel}","templated":true}]}}