{"id":3217,"date":"2022-11-16T09:17:35","date_gmt":"2022-11-16T09:17:35","guid":{"rendered":"http:\/\/site2.easyceotech.com\/?post_type=product&#038;p=3217"},"modified":"2024-03-12T08:03:22","modified_gmt":"2024-03-12T08:03:22","slug":"ethylhexyl-methoxycinnamate","status":"publish","type":"product","link":"https:\/\/wpachem.com\/es\/producto\/ethylhexyl-methoxycinnamate\/","title":{"rendered":"Metoxicinamato de etilhexilo"},"content":{"rendered":"<p><strong>Descripci\u00f3n:<\/strong><\/p>\n<p>El metoxicinamato de etilhexilo realiza una excelente absorci\u00f3n de rayos UV a 280 ~ 310 nm. Con una alta tasa de absorci\u00f3n, buena seguridad, toxicidad m\u00ednima y buena solubilidad en aceite, se usa ampliamente en formulaciones de protectores solares. Su eficaz absorci\u00f3n evita que nuestra piel sufra quemaduras solares. Tambi\u00e9n se utiliza en el tratamiento de la dermatitis fotosensibilizante.<\/p>\n<p>&nbsp;<\/p>\n<p><strong>Solubilidad:<\/strong> soluble en aceite A\u00f1adir en fase: fase oleosa<\/p>\n<p>&nbsp;<\/p>\n<p><strong>Uso:<\/strong> Filtro UVB<\/p>\n<p><strong>Aplicaci\u00f3n del producto:<\/strong> productos de protecci\u00f3n solar<\/p>\n<p><strong>Condici\u00f3n de almacenamiento:<\/strong> temperatura ambiente, lejos de la luz<\/p>\n<p><strong>Paquete:<\/strong> tambor de 200 kg<\/p>","protected":false},"excerpt":{"rendered":"<p><strong>Nombre INCI:<\/strong>Metoxicinamato de etilhexilo<\/p>\n<p><strong>F\u00f3rmula molecular:<\/strong>C18H26O3<\/p>\n<p><strong>NO CAS. \/N\u00daMERO CE:<\/strong>5466-77-3<\/p>\n<p><strong>Ensayo:<\/strong>99%<\/p>\n<p><strong>Apariencia:<\/strong>L\u00edquido incoloro a ligeramente amarillo.<\/p>\n<p><strong>Longitud de onda de absorci\u00f3n:<\/strong>UVB<\/p>\n<p><strong>Absorci\u00f3n m\u00e1xima:<\/strong>311nm<\/p>","protected":false},"featured_media":2208,"template":"","meta":{"_acf_changed":false,"_gspb_post_css":""},"product_brand":[],"product_cat":[60],"product_tag":[],"class_list":{"0":"post-3217","1":"product","2":"type-product","3":"status-publish","4":"has-post-thumbnail","6":"product_cat-cosmetic-ingredients","8":"first","9":"instock","10":"shipping-taxable","11":"product-type-simple"},"acf":[],"_links":{"self":[{"href":"https:\/\/wpachem.com\/es\/wp-json\/wp\/v2\/product\/3217","targetHints":{"allow":["GET"]}}],"collection":[{"href":"https:\/\/wpachem.com\/es\/wp-json\/wp\/v2\/product"}],"about":[{"href":"https:\/\/wpachem.com\/es\/wp-json\/wp\/v2\/types\/product"}],"version-history":[{"count":0,"href":"https:\/\/wpachem.com\/es\/wp-json\/wp\/v2\/product\/3217\/revisions"}],"wp:featuredmedia":[{"embeddable":true,"href":"https:\/\/wpachem.com\/es\/wp-json\/wp\/v2\/media\/2208"}],"wp:attachment":[{"href":"https:\/\/wpachem.com\/es\/wp-json\/wp\/v2\/media?parent=3217"}],"wp:term":[{"taxonomy":"product_brand","embeddable":true,"href":"https:\/\/wpachem.com\/es\/wp-json\/wp\/v2\/product_brand?post=3217"},{"taxonomy":"product_cat","embeddable":true,"href":"https:\/\/wpachem.com\/es\/wp-json\/wp\/v2\/product_cat?post=3217"},{"taxonomy":"product_tag","embeddable":true,"href":"https:\/\/wpachem.com\/es\/wp-json\/wp\/v2\/product_tag?post=3217"}],"curies":[{"name":"wp","href":"https:\/\/api.w.org\/{rel}","templated":true}]}}