{"id":3220,"date":"2022-11-16T09:16:59","date_gmt":"2022-11-16T09:16:59","guid":{"rendered":"http:\/\/site2.easyceotech.com\/?post_type=product&#038;p=3220"},"modified":"2024-03-12T08:03:25","modified_gmt":"2024-03-12T08:03:25","slug":"diethylamino-hydroxybenzoyl-hexyl-benzoate-%ef%bc%88dhhb%ef%bc%89","status":"publish","type":"product","link":"https:\/\/wpachem.com\/es\/producto\/diethylamino-hydroxybenzoyl-hexyl-benzoate-%ef%bc%88dhhb%ef%bc%89\/","title":{"rendered":"Benzoato de dietilamino hidroxibenzoilo hexilo (DHHB)"},"content":{"rendered":"<p>Descripci\u00f3n:<\/p>\n<p>Dietilamino hidroxibenzoil hexil benzoato (DHHB) es un absorbente de rayos UVA fotoestable que brinda protecci\u00f3n contra toda la longitud de onda de los rayos UVA.<\/p>\n<p>&nbsp;<\/p>\n<p>Se puede utilizar para lograr un SPF alto en concentraciones bajas, soluble tanto en aceite como en alcohol. Tambi\u00e9n presenta una excelente compatibilidad con filtros UV inorg\u00e1nicos, como el di\u00f3xido de titanio o el \u00f3xido de zinc. Su fotoestabilidad proporciona una protecci\u00f3n solar fiable y eficaz durante todo el d\u00eda.<\/p>\n<p>&nbsp;<\/p>","protected":false},"excerpt":{"rendered":"<p><strong>Nombre INCI:<\/strong> Benzoato de dietilaminohidroxibenzoilhexilo (DHHB)<\/p>\n<p><strong>NO CAS. \/N\u00ba CE:<\/strong> 302776-68-7<\/p>\n<p><strong>F\u00f3rmula molecular:<\/strong> C24H31NO4<\/p>\n<p><strong>Longitud de onda de absorci\u00f3n:<\/strong> UVA<\/p>\n<p><strong>Absorci\u00f3n m\u00e1xima:<\/strong> 354 nm<\/p>\n<p><strong>Apariencia:<\/strong> polvo blanco<\/p>","protected":false},"featured_media":2145,"template":"","meta":{"_acf_changed":false,"_gspb_post_css":""},"product_brand":[],"product_cat":[60],"product_tag":[],"class_list":{"0":"post-3220","1":"product","2":"type-product","3":"status-publish","4":"has-post-thumbnail","6":"product_cat-cosmetic-ingredients","8":"first","9":"instock","10":"shipping-taxable","11":"product-type-simple"},"acf":[],"_links":{"self":[{"href":"https:\/\/wpachem.com\/es\/wp-json\/wp\/v2\/product\/3220","targetHints":{"allow":["GET"]}}],"collection":[{"href":"https:\/\/wpachem.com\/es\/wp-json\/wp\/v2\/product"}],"about":[{"href":"https:\/\/wpachem.com\/es\/wp-json\/wp\/v2\/types\/product"}],"version-history":[{"count":0,"href":"https:\/\/wpachem.com\/es\/wp-json\/wp\/v2\/product\/3220\/revisions"}],"wp:featuredmedia":[{"embeddable":true,"href":"https:\/\/wpachem.com\/es\/wp-json\/wp\/v2\/media\/2145"}],"wp:attachment":[{"href":"https:\/\/wpachem.com\/es\/wp-json\/wp\/v2\/media?parent=3220"}],"wp:term":[{"taxonomy":"product_brand","embeddable":true,"href":"https:\/\/wpachem.com\/es\/wp-json\/wp\/v2\/product_brand?post=3220"},{"taxonomy":"product_cat","embeddable":true,"href":"https:\/\/wpachem.com\/es\/wp-json\/wp\/v2\/product_cat?post=3220"},{"taxonomy":"product_tag","embeddable":true,"href":"https:\/\/wpachem.com\/es\/wp-json\/wp\/v2\/product_tag?post=3220"}],"curies":[{"name":"wp","href":"https:\/\/api.w.org\/{rel}","templated":true}]}}