{"id":3223,"date":"2022-11-16T09:16:09","date_gmt":"2022-11-16T09:16:09","guid":{"rendered":"http:\/\/site2.easyceotech.com\/?post_type=product&#038;p=3223"},"modified":"2024-03-12T08:05:03","modified_gmt":"2024-03-12T08:05:03","slug":"13-dihydroxyacetone-dha-2","status":"publish","type":"product","link":"https:\/\/wpachem.com\/es\/producto\/13-dihydroxyacetone-dha-2\/","title":{"rendered":"1,3-Dihidroxiacetona (DHA)"},"content":{"rendered":"<p><strong>Introducci\u00f3n:<\/strong><\/p>\n<p>La 1,3-dihidroxiacetona (DHA), conocida qu\u00edmicamente como 1, 3-dihidroxi-2-acetona, es un ingrediente cosm\u00e9tico popular que hidrata la piel, autobroncea y ti\u00f1e el cabello.<\/p>\n<p><strong>Solicitud:<\/strong><\/p>\n<p>La dihidroxiacetona se utiliza principalmente como materia prima de f\u00f3rmulas de cosm\u00e9ticos, especialmente como protector solar con efecto especial, puede prevenir la evaporaci\u00f3n excesiva de la humedad de la piel, desempe\u00f1ar el papel de hidratante, protector solar y protecci\u00f3n contra la radiaci\u00f3n ultravioleta. Adem\u00e1s, el grupo funcional cetona en DHA puede reaccionar con los amino\u00e1cidos y los grupos amino de la queratina de la piel para formar un pol\u00edmero marr\u00f3n, que produce un color marr\u00f3n artificial en la piel de las personas, por lo que tambi\u00e9n se puede utilizar como agente bronceador, dando como resultado una piel morena o bronceada que se ve igual que el resultado de la exposici\u00f3n prolongada al sol, lo que la hace lucir muy hermosa.<\/p>\n<p>&nbsp;<\/p>\n<p><strong>Especificaci\u00f3n:<\/strong><\/p>\n<table>\n<tbody>\n<tr>\n<td width=\"288\"><strong>Pruebas<\/strong><\/td>\n<td width=\"372\"><strong>Est\u00e1ndar de prueba<\/strong><\/td>\n<\/tr>\n<tr>\n<td width=\"288\">Apariencia<\/td>\n<td width=\"372\">Polvo de color blanco a blanquecino<\/td>\n<\/tr>\n<tr>\n<td width=\"288\">Agua<\/td>\n<td width=\"372\">\u22640,4%<\/td>\n<\/tr>\n<tr>\n<td width=\"288\">Residuos en ignici\u00f3n<\/td>\n<td width=\"372\">\u22640,4%<\/td>\n<\/tr>\n<tr>\n<td width=\"288\">PH<\/td>\n<td width=\"372\">4.0-6.0<\/td>\n<\/tr>\n<tr>\n<td width=\"288\">Ensayo<\/td>\n<td width=\"372\">\u226598.0%<\/td>\n<\/tr>\n<tr>\n<td width=\"288\">Metales pesados (Pb)<\/td>\n<td width=\"372\">\u226410 ppm<\/td>\n<\/tr>\n<tr>\n<td width=\"288\">Hierro (Fe)<\/td>\n<td width=\"372\">\u226425 ppm<\/td>\n<\/tr>\n<tr>\n<td width=\"288\">Ars\u00e9nico (AS2O3)<\/td>\n<td width=\"372\">\u22643 ppm<\/td>\n<\/tr>\n<\/tbody>\n<\/table>\n<p>&nbsp;<\/p>\n<p><strong>Paquete:<\/strong> Bolsa de muestra de 1 kg\/tambor de 25 kg<\/p>","protected":false},"excerpt":{"rendered":"<p>Nombre del producto: 1,3-Dihidroxiacetona (DHA)<\/p>\n<p>N.\u00ba CAS: 96-26-4<\/p>\n<p>N\u00famero de modelo: C3H6O3<\/p>\n<p>N\u00famero EINECS: 202-494-5<\/p>\n<p>Apariencia: Polvo blanco<\/p>","protected":false},"featured_media":1974,"template":"","meta":{"_acf_changed":false,"_gspb_post_css":""},"product_brand":[],"product_cat":[60],"product_tag":[],"class_list":{"0":"post-3223","1":"product","2":"type-product","3":"status-publish","4":"has-post-thumbnail","6":"product_cat-cosmetic-ingredients","8":"first","9":"instock","10":"shipping-taxable","11":"product-type-simple"},"acf":[],"_links":{"self":[{"href":"https:\/\/wpachem.com\/es\/wp-json\/wp\/v2\/product\/3223","targetHints":{"allow":["GET"]}}],"collection":[{"href":"https:\/\/wpachem.com\/es\/wp-json\/wp\/v2\/product"}],"about":[{"href":"https:\/\/wpachem.com\/es\/wp-json\/wp\/v2\/types\/product"}],"version-history":[{"count":0,"href":"https:\/\/wpachem.com\/es\/wp-json\/wp\/v2\/product\/3223\/revisions"}],"wp:featuredmedia":[{"embeddable":true,"href":"https:\/\/wpachem.com\/es\/wp-json\/wp\/v2\/media\/1974"}],"wp:attachment":[{"href":"https:\/\/wpachem.com\/es\/wp-json\/wp\/v2\/media?parent=3223"}],"wp:term":[{"taxonomy":"product_brand","embeddable":true,"href":"https:\/\/wpachem.com\/es\/wp-json\/wp\/v2\/product_brand?post=3223"},{"taxonomy":"product_cat","embeddable":true,"href":"https:\/\/wpachem.com\/es\/wp-json\/wp\/v2\/product_cat?post=3223"},{"taxonomy":"product_tag","embeddable":true,"href":"https:\/\/wpachem.com\/es\/wp-json\/wp\/v2\/product_tag?post=3223"}],"curies":[{"name":"wp","href":"https:\/\/api.w.org\/{rel}","templated":true}]}}