{"id":3275,"date":"2022-11-17T02:35:35","date_gmt":"2022-11-17T02:35:35","guid":{"rendered":"http:\/\/site2.easyceotech.com\/?post_type=product&#038;p=3275"},"modified":"2024-03-12T08:00:12","modified_gmt":"2024-03-12T08:00:12","slug":"sodium-hyaluronate","status":"publish","type":"product","link":"https:\/\/wpachem.com\/es\/producto\/sodium-hyaluronate\/","title":{"rendered":"Hialuronato de sodio"},"content":{"rendered":"<p>El hialuronato de sodio posee la misma alta higroscopicidad, autorregula y mantiene la humedad de la piel sin importar la humedad ambiental. Es conocido como la &quot;llave de la fuente de la juventud&quot; (la puerta a la juventud sin envejecimiento). Por lo tanto, se usa ampliamente en cosm\u00e9tica como un factor hidratante natural ideal para hacer productos adecuados para diferentes tipos de piel, climas y entornos. El hialuronato de sodio macromolecular puede formar una pel\u00edcula transpirable en la superficie de la piel, ayudando a la piel a retener la humedad, bloqueando la invasi\u00f3n de bacterias extra\u00f1as, polvo y rayos ultravioleta, y protegi\u00e9ndola del da\u00f1o. El hialuronato de sodio de mol\u00e9cula peque\u00f1a puede penetrar r\u00e1pidamente en la dermis, dilatar ligeramente los capilares, promover la circulaci\u00f3n sangu\u00ednea, mejorar el metabolismo y promover la absorci\u00f3n de nutrientes por las c\u00e9lulas cut\u00e1neas. Tiene las funciones de eliminar arrugas, mejorar la elasticidad de la piel y retrasar el envejecimiento cut\u00e1neo.<\/p>\n<p>&nbsp;<\/p>\n<p><strong>Efectos de diferentes segmentos de peso molecular<\/strong><\/p>\n<ul>\n<li><strong>Pol\u00edmero de hialuronato de sodio\u00a0<\/strong>\u00a0&gt;1,6 millones de Da<br \/>\nSe forma una densa pel\u00edcula hidratante biol\u00f3gica sobre la superficie de la piel, que proporciona una hidrataci\u00f3n duradera y es anti-PM2.5.<\/li>\n<li><strong>Hialuronato de sodio de bajo peso molecular<\/strong>\u00a0 10.000~200.000 Da<br \/>\nRepara la piel da\u00f1ada y prematuramente; riega y suaviza el estrato c\u00f3rneo, hidrataci\u00f3n duradera, piel suave;<br \/>\nAumenta la elasticidad de la piel y retrasa el envejecimiento cut\u00e1neo;<br \/>\nPromueve la proliferaci\u00f3n y diferenciaci\u00f3n de las c\u00e9lulas epid\u00e9rmicas, elimina los radicales libres de ox\u00edgeno.<\/li>\n<li><strong>\u00c1cido hialur\u00f3nico de peso molecular ultrabajo\u00a0<\/strong>\u00a0&lt;10000Da<br \/>\nAbsorci\u00f3n transd\u00e9rmica, hidrataci\u00f3n profunda. Antiedad, reparador despu\u00e9s del sol.<\/li>\n<\/ul>\n<p>&nbsp;<\/p>\n<p><strong>Beneficios del producto:<\/strong><\/p>\n<ul>\n<li>Hidrataci\u00f3n de larga duraci\u00f3n<br \/>\nEl hialuronato de sodio de grado cosm\u00e9tico tiene una fuerte permeabilidad, hidrata r\u00e1pidamente las c\u00e9lulas epid\u00e9rmicas, retiene el agua en profundidad, repone el agua y aumenta el contenido de humedad de la piel.<\/li>\n<li>Piel suave<br \/>\nEl hialuronato de sodio de grado cosm\u00e9tico forma una capa de pel\u00edcula transpirable despu\u00e9s de aplicarse a la superficie de la piel, lo que puede reducir la rugosidad de la superficie de la piel, hacer que la piel tenga una buena sensaci\u00f3n de suavidad y evitar la evaporaci\u00f3n de la humedad dentro de la piel, para mantener el brillo y la ternura de la piel durante mucho tiempo.<\/li>\n<\/ul>\n<p>&nbsp;<\/p>\n<p><strong>Aplicaci\u00f3n del producto<\/strong><\/p>\n<ul>\n<li>Productos para el cuidado de la piel: cremas, lociones, lociones, esencias, geles, mascarillas, etc.<\/li>\n<li>Productos de limpieza: limpiador facial, gel de ducha, etc.<\/li>\n<li>Productos para el cabello: champ\u00fa, acondicionador, restaurador capilar, laca, etc.<\/li>\n<\/ul>\n<p>&nbsp;<\/p>","protected":false},"excerpt":{"rendered":"<p><strong>Nombre del producto:<\/strong> Hialuronato de sodio<\/p>\n<p><strong>No CAS.:<\/strong> 9067-32-7<\/p>\n<p><strong>N.\u00ba EINECS:<\/strong>232-678-0<\/p>\n<p><strong>Apariencia:<\/strong> Polvo blanco o blanquecino<\/p>\n<p>&nbsp;<\/p>","protected":false},"featured_media":2183,"template":"","meta":{"_acf_changed":false,"_gspb_post_css":""},"product_brand":[],"product_cat":[60],"product_tag":[],"class_list":{"0":"post-3275","1":"product","2":"type-product","3":"status-publish","4":"has-post-thumbnail","6":"product_cat-cosmetic-ingredients","8":"first","9":"instock","10":"shipping-taxable","11":"product-type-simple"},"acf":[],"_links":{"self":[{"href":"https:\/\/wpachem.com\/es\/wp-json\/wp\/v2\/product\/3275","targetHints":{"allow":["GET"]}}],"collection":[{"href":"https:\/\/wpachem.com\/es\/wp-json\/wp\/v2\/product"}],"about":[{"href":"https:\/\/wpachem.com\/es\/wp-json\/wp\/v2\/types\/product"}],"version-history":[{"count":0,"href":"https:\/\/wpachem.com\/es\/wp-json\/wp\/v2\/product\/3275\/revisions"}],"wp:featuredmedia":[{"embeddable":true,"href":"https:\/\/wpachem.com\/es\/wp-json\/wp\/v2\/media\/2183"}],"wp:attachment":[{"href":"https:\/\/wpachem.com\/es\/wp-json\/wp\/v2\/media?parent=3275"}],"wp:term":[{"taxonomy":"product_brand","embeddable":true,"href":"https:\/\/wpachem.com\/es\/wp-json\/wp\/v2\/product_brand?post=3275"},{"taxonomy":"product_cat","embeddable":true,"href":"https:\/\/wpachem.com\/es\/wp-json\/wp\/v2\/product_cat?post=3275"},{"taxonomy":"product_tag","embeddable":true,"href":"https:\/\/wpachem.com\/es\/wp-json\/wp\/v2\/product_tag?post=3275"}],"curies":[{"name":"wp","href":"https:\/\/api.w.org\/{rel}","templated":true}]}}