{"id":3283,"date":"2022-12-08T09:10:20","date_gmt":"2022-12-08T09:10:20","guid":{"rendered":"http:\/\/site2.easyceotech.com\/?post_type=product&#038;p=3283"},"modified":"2024-03-12T08:00:01","modified_gmt":"2024-03-12T08:00:01","slug":"nicotinamide","status":"publish","type":"product","link":"https:\/\/wpachem.com\/es\/producto\/nicotinamide\/","title":{"rendered":"Nicotinamida"},"content":{"rendered":"<p>La nicotinamida, tambi\u00e9n conocida como nicotinamida, vitamina B3 o vitamina PP, es una vitamina soluble en agua, perteneciente al grupo de vitaminas B, con higroscopicidad d\u00e9bil. Estable, puede resistir \u00e1cidos, \u00e1lcalis y altas temperaturas en aire seco, luz y estabilidad t\u00e9rmica.<\/p>\n<p>1. Hidrata, controla la grasa y reduce los puntos negros.<br \/>\nLa nicotinamida puede reducir eficazmente la p\u00e9rdida de agua percut\u00e1nea, el control de la grasa, reducir los puntos negros y el efecto del acn\u00e9.<\/p>\n<p>2. Buena resistencia a las arrugas<br \/>\nLa capacidad antiarrugas de la nicotinamida radica en su capacidad para activar el ATP, proporcionar vitalidad a las c\u00e9lulas de queratina, aumentar la s\u00edntesis de col\u00e1geno y tiene una buena capacidad sin\u00e9rgica. Se puede utilizar junto con otros ingredientes antiarrugas.<\/p>\n<p>3. Buen efecto protector solar auxiliar.<br \/>\nLa nicotinamida puede reducir eficazmente la aparici\u00f3n de fotoinmunosupresi\u00f3n cut\u00e1nea bajo irradiaci\u00f3n ultravioleta.<\/p>\n<p>4. Buena gentileza<br \/>\nEn comparaci\u00f3n con la vitamina C, los derivados del resorcinol y otros componentes, la nicotinamida suave no es mala.<\/p>\n<p>&nbsp;<\/p>\n<p><strong>Aplicaci\u00f3n:\u00a0<\/strong><\/p>\n<p>Se utiliza en productos para el cuidado de la piel para prevenir la piel \u00e1spera, mantener las c\u00e9lulas cut\u00e1neas sanas y promover el blanqueamiento de la piel. Utilizado en el cuidado del cabello puede promover la circulaci\u00f3n sangu\u00ednea del cuero cabelludo, los fol\u00edculos pilosos sanos, promover el crecimiento del cabello y prevenir la calvicie.<\/p>","protected":false},"excerpt":{"rendered":"<p>Nombre INCI: Nicotinamida<\/p>\n<p>N\u00famero CAS: 98-92-0<\/p>\n<p>Aspecto: Polvo cristalino blanco<\/p>","protected":false},"featured_media":2147,"template":"","meta":{"_acf_changed":false,"_gspb_post_css":""},"product_brand":[],"product_cat":[60],"product_tag":[],"class_list":{"0":"post-3283","1":"product","2":"type-product","3":"status-publish","4":"has-post-thumbnail","6":"product_cat-cosmetic-ingredients","8":"first","9":"instock","10":"shipping-taxable","11":"product-type-simple"},"acf":[],"_links":{"self":[{"href":"https:\/\/wpachem.com\/es\/wp-json\/wp\/v2\/product\/3283","targetHints":{"allow":["GET"]}}],"collection":[{"href":"https:\/\/wpachem.com\/es\/wp-json\/wp\/v2\/product"}],"about":[{"href":"https:\/\/wpachem.com\/es\/wp-json\/wp\/v2\/types\/product"}],"version-history":[{"count":0,"href":"https:\/\/wpachem.com\/es\/wp-json\/wp\/v2\/product\/3283\/revisions"}],"wp:featuredmedia":[{"embeddable":true,"href":"https:\/\/wpachem.com\/es\/wp-json\/wp\/v2\/media\/2147"}],"wp:attachment":[{"href":"https:\/\/wpachem.com\/es\/wp-json\/wp\/v2\/media?parent=3283"}],"wp:term":[{"taxonomy":"product_brand","embeddable":true,"href":"https:\/\/wpachem.com\/es\/wp-json\/wp\/v2\/product_brand?post=3283"},{"taxonomy":"product_cat","embeddable":true,"href":"https:\/\/wpachem.com\/es\/wp-json\/wp\/v2\/product_cat?post=3283"},{"taxonomy":"product_tag","embeddable":true,"href":"https:\/\/wpachem.com\/es\/wp-json\/wp\/v2\/product_tag?post=3283"}],"curies":[{"name":"wp","href":"https:\/\/api.w.org\/{rel}","templated":true}]}}