{"id":3286,"date":"2022-12-08T09:22:07","date_gmt":"2022-12-08T09:22:07","guid":{"rendered":"http:\/\/site2.easyceotech.com\/?post_type=product&#038;p=3286"},"modified":"2024-03-12T07:59:58","modified_gmt":"2024-03-12T07:59:58","slug":"ceramides","status":"publish","type":"product","link":"https:\/\/wpachem.com\/es\/producto\/ceramides\/","title":{"rendered":"Ceramidas"},"content":{"rendered":"<p>Las ceramidas son una clase de fosfol\u00edpidos con ceramidas como esqueleto, que tienen una gran capacidad para asociar mol\u00e9culas de agua y mantener la humedad de la piel formando una estructura de red en la cut\u00edcula. Por tanto, las ceramidas retienen la humedad en la piel. La ceramida es la \u00faltima generaci\u00f3n de humectantes desarrollados en los \u00faltimos a\u00f1os. Es una sustancia lip\u00eddica soluble en agua. Es similar a la estructura de la sustancia de la cut\u00edcula de la piel y puede penetrar r\u00e1pidamente en la piel.<\/p>\n<p><strong>Caracter\u00edsticas:<\/strong><\/p>\n<p>1. Efecto hidratante: la ceramida es el componente principal del l\u00edpido en la cut\u00edcula de la piel, que puede ayudar a reparar la barrera cut\u00e1nea y hacer que la piel sea suave y brillante.<br \/>\n2. Efecto barrera: suficiente ceramida en la piel puede resistir la estimulaci\u00f3n externa<br \/>\n3, efecto antial\u00e9rgico: la ceramida puede ayudar a espesar la cut\u00edcula, mejorar la tolerancia de la piel, proteger contra la invasi\u00f3n da\u00f1ina externa, evitar la sensibilidad y reparar el papel de los gl\u00f3bulos rojos.<br \/>\n4. Adem\u00e1s, la ceramida tiene un muy buen efecto antienvejecimiento, blanqueador y antioxidante.<\/p>","protected":false},"excerpt":{"rendered":"<p><strong>Nombre INCI:<\/strong> Ceramidas<\/p>\n<p><strong>No CAS.:<\/strong> 100403-19-8<\/p>\n<p><strong>Apariencia:<\/strong> L\u00edquido claro<\/p>","protected":false},"featured_media":2081,"template":"","meta":{"_acf_changed":false,"_gspb_post_css":""},"product_brand":[],"product_cat":[60],"product_tag":[],"class_list":{"0":"post-3286","1":"product","2":"type-product","3":"status-publish","4":"has-post-thumbnail","6":"product_cat-cosmetic-ingredients","8":"first","9":"instock","10":"shipping-taxable","11":"product-type-simple"},"acf":[],"_links":{"self":[{"href":"https:\/\/wpachem.com\/es\/wp-json\/wp\/v2\/product\/3286","targetHints":{"allow":["GET"]}}],"collection":[{"href":"https:\/\/wpachem.com\/es\/wp-json\/wp\/v2\/product"}],"about":[{"href":"https:\/\/wpachem.com\/es\/wp-json\/wp\/v2\/types\/product"}],"version-history":[{"count":0,"href":"https:\/\/wpachem.com\/es\/wp-json\/wp\/v2\/product\/3286\/revisions"}],"wp:featuredmedia":[{"embeddable":true,"href":"https:\/\/wpachem.com\/es\/wp-json\/wp\/v2\/media\/2081"}],"wp:attachment":[{"href":"https:\/\/wpachem.com\/es\/wp-json\/wp\/v2\/media?parent=3286"}],"wp:term":[{"taxonomy":"product_brand","embeddable":true,"href":"https:\/\/wpachem.com\/es\/wp-json\/wp\/v2\/product_brand?post=3286"},{"taxonomy":"product_cat","embeddable":true,"href":"https:\/\/wpachem.com\/es\/wp-json\/wp\/v2\/product_cat?post=3286"},{"taxonomy":"product_tag","embeddable":true,"href":"https:\/\/wpachem.com\/es\/wp-json\/wp\/v2\/product_tag?post=3286"}],"curies":[{"name":"wp","href":"https:\/\/api.w.org\/{rel}","templated":true}]}}