{"id":3289,"date":"2022-12-09T05:39:06","date_gmt":"2022-12-09T05:39:06","guid":{"rendered":"http:\/\/site2.easyceotech.com\/?post_type=product&#038;p=3289"},"modified":"2024-03-12T07:59:54","modified_gmt":"2024-03-12T07:59:54","slug":"ethylhexyl-methoxycinnamate-octinoxate","status":"publish","type":"product","link":"https:\/\/wpachem.com\/es\/producto\/ethylhexyl-methoxycinnamate-octinoxate\/","title":{"rendered":"Metoxicinamato de etilhexilo (octinoxato)"},"content":{"rendered":"<p><strong>Informaci\u00f3n de la aplicaci\u00f3n:<\/strong><\/p>\n<p>El metoxicinamato de etilhexilo (octinoxato) es un potente absorbente de rayos UVB. Es un l\u00edquido soluble en aceite, incoloro y pr\u00e1cticamente inodoro, que permanece l\u00edquido a temperaturas tan bajas como -10 \u2103 y puede incorporarse f\u00e1cilmente a la fase oleosa de una formulaci\u00f3n de protector solar. El metoxicinamato de etilhexilo (octinoxato) aumenta el SPF cuando se usa en combinaci\u00f3n con otros filtros UV.<\/p>\n<p>Es ideal para la formulaci\u00f3n de productos de protecci\u00f3n solar resistentes al agua. El metoxicinamato de etilhexilo (octinoxato) es un excelente solubilizante para absorbentes de rayos UV cristalinos, como el metoxicinamato de etilhexilo (octinoxato), la dietilhexil butamido triazona, el benzoato de dietilamino hidroxibenzoil hexilo y el bis-etilhexiloxifenol metoxifenil triazina. El metoxicinamato de etilhexilo (octinoxato) est\u00e1 aprobado en todo el mundo en diversas concentraciones.<\/p>\n<p>&nbsp;<\/p>\n<p><strong>Longitud de onda de absorci\u00f3n:<\/strong> UVB<\/p>\n<p><strong>Absorci\u00f3n m\u00e1xima:<\/strong> 311nm<\/p>\n<p><strong>Solubilidad:<\/strong> soluble en aceite<\/p>\n<p><strong>A\u00f1adir en fase:<\/strong> fase oleosa<\/p>","protected":false},"excerpt":{"rendered":"<p><strong>Nombre INCI:<\/strong> Metoxicinamato de etilhexilo (octinoxato)<\/p>\n<p><strong>No. CAS H:<\/strong> 5466-77-3<\/p>\n<p><strong>MF:<\/strong> C18H26O3<\/p>\n<p><strong>Apariencia:<\/strong> L\u00edquido incoloro o amarillo claro.<\/p>","protected":false},"featured_media":2090,"template":"","meta":{"_acf_changed":false,"_gspb_post_css":""},"product_brand":[],"product_cat":[60],"product_tag":[],"class_list":{"0":"post-3289","1":"product","2":"type-product","3":"status-publish","4":"has-post-thumbnail","6":"product_cat-cosmetic-ingredients","8":"first","9":"instock","10":"shipping-taxable","11":"product-type-simple"},"acf":[],"_links":{"self":[{"href":"https:\/\/wpachem.com\/es\/wp-json\/wp\/v2\/product\/3289","targetHints":{"allow":["GET"]}}],"collection":[{"href":"https:\/\/wpachem.com\/es\/wp-json\/wp\/v2\/product"}],"about":[{"href":"https:\/\/wpachem.com\/es\/wp-json\/wp\/v2\/types\/product"}],"version-history":[{"count":0,"href":"https:\/\/wpachem.com\/es\/wp-json\/wp\/v2\/product\/3289\/revisions"}],"wp:featuredmedia":[{"embeddable":true,"href":"https:\/\/wpachem.com\/es\/wp-json\/wp\/v2\/media\/2090"}],"wp:attachment":[{"href":"https:\/\/wpachem.com\/es\/wp-json\/wp\/v2\/media?parent=3289"}],"wp:term":[{"taxonomy":"product_brand","embeddable":true,"href":"https:\/\/wpachem.com\/es\/wp-json\/wp\/v2\/product_brand?post=3289"},{"taxonomy":"product_cat","embeddable":true,"href":"https:\/\/wpachem.com\/es\/wp-json\/wp\/v2\/product_cat?post=3289"},{"taxonomy":"product_tag","embeddable":true,"href":"https:\/\/wpachem.com\/es\/wp-json\/wp\/v2\/product_tag?post=3289"}],"curies":[{"name":"wp","href":"https:\/\/api.w.org\/{rel}","templated":true}]}}