{"id":3297,"date":"2022-12-09T09:05:54","date_gmt":"2022-12-09T09:05:54","guid":{"rendered":"http:\/\/site2.easyceotech.com\/?post_type=product&#038;p=3297"},"modified":"2024-03-12T07:59:44","modified_gmt":"2024-03-12T07:59:44","slug":"ascorbyl-glucoside","status":"publish","type":"product","link":"https:\/\/wpachem.com\/es\/producto\/ascorbyl-glucoside\/","title":{"rendered":"Gluc\u00f3sido de ascorbilo"},"content":{"rendered":"<p><strong>Caracter\u00edsticas:<\/strong><\/p>\n<p>El gluc\u00f3sido de ascorbato es una forma de vitamina C. Tambi\u00e9n conocido como gluc\u00f3sido VC. Despu\u00e9s de la absorci\u00f3n por la piel, se puede convertir en vitamina C. Reduce la cadena de oxidaci\u00f3n de la producci\u00f3n de melanina a dopa y, por lo tanto, inhibe la generaci\u00f3n de melanina y tiene el efecto blanqueador. efecto. Tambi\u00e9n regula la s\u00edntesis de col\u00e1geno. Estable en una amplia gama de condiciones de PH. Puede reemplazar al VC como agente \u00e1cido, agente reductor, antioxidante, blanqueador y estabilizador, ampliamente utilizado en cosm\u00e9ticos, alimentos, medicinas y otros campos. Como uno de los aditivos blanqueadores m\u00e1s reconocidos y el derivado de vitamina C m\u00e1s estable, tambi\u00e9n es el ingrediente blanqueador m\u00e1s utilizado por las principales marcas. El gluc\u00f3sido de ascorbato no solo tiene un buen efecto blanqueador, sino que tambi\u00e9n tiene propiedades qu\u00edmicas estables y no irrita la piel. Es ampliamente utilizado en cosm\u00e9tica en el pa\u00eds y en el extranjero.<\/p>\n<p>&nbsp;<\/p>\n<p><strong>Aplicaci\u00f3n:<\/strong> Crema para la piel, limpiador, tinte para el cabello, crema blanqueadora.<\/p>\n<p><strong>Funci\u00f3n:<\/strong> Blanqueamiento, eliminaci\u00f3n de pecas, inhibici\u00f3n de la melanina, promoci\u00f3n de la s\u00edntesis de col\u00e1geno, hidrataci\u00f3n despu\u00e9s de la reparaci\u00f3n del eritema de la piel bronceada.<\/p>","protected":false},"excerpt":{"rendered":"<p>Nombre INCI: Gluc\u00f3sido de ascorbilo<\/p>\n<p>N\u00famero CAS: 129499-78-1<\/p>\n<p>Apariencia: Polvo blanco<\/p>","protected":false},"featured_media":2217,"template":"","meta":{"_acf_changed":false,"_gspb_post_css":""},"product_brand":[],"product_cat":[60],"product_tag":[],"class_list":{"0":"post-3297","1":"product","2":"type-product","3":"status-publish","4":"has-post-thumbnail","6":"product_cat-cosmetic-ingredients","8":"first","9":"instock","10":"shipping-taxable","11":"product-type-simple"},"acf":[],"_links":{"self":[{"href":"https:\/\/wpachem.com\/es\/wp-json\/wp\/v2\/product\/3297","targetHints":{"allow":["GET"]}}],"collection":[{"href":"https:\/\/wpachem.com\/es\/wp-json\/wp\/v2\/product"}],"about":[{"href":"https:\/\/wpachem.com\/es\/wp-json\/wp\/v2\/types\/product"}],"version-history":[{"count":0,"href":"https:\/\/wpachem.com\/es\/wp-json\/wp\/v2\/product\/3297\/revisions"}],"wp:featuredmedia":[{"embeddable":true,"href":"https:\/\/wpachem.com\/es\/wp-json\/wp\/v2\/media\/2217"}],"wp:attachment":[{"href":"https:\/\/wpachem.com\/es\/wp-json\/wp\/v2\/media?parent=3297"}],"wp:term":[{"taxonomy":"product_brand","embeddable":true,"href":"https:\/\/wpachem.com\/es\/wp-json\/wp\/v2\/product_brand?post=3297"},{"taxonomy":"product_cat","embeddable":true,"href":"https:\/\/wpachem.com\/es\/wp-json\/wp\/v2\/product_cat?post=3297"},{"taxonomy":"product_tag","embeddable":true,"href":"https:\/\/wpachem.com\/es\/wp-json\/wp\/v2\/product_tag?post=3297"}],"curies":[{"name":"wp","href":"https:\/\/api.w.org\/{rel}","templated":true}]}}