{"id":3314,"date":"2022-12-16T02:40:21","date_gmt":"2022-12-16T02:40:21","guid":{"rendered":"http:\/\/site2.easyceotech.com\/?post_type=product&#038;p=3314"},"modified":"2024-03-12T07:59:40","modified_gmt":"2024-03-12T07:59:40","slug":"cinnamic-acid","status":"publish","type":"product","link":"https:\/\/wpachem.com\/es\/producto\/cinnamic-acid\/","title":{"rendered":"\u00e1cido cin\u00e1mico"},"content":{"rendered":"<p><strong>Caracter\u00edsticas:<\/strong><\/p>\n<p>El \u00e1cido cin\u00e1mico es un compuesto org\u00e1nico con la f\u00f3rmula C6H5CH=CHCOOH. Es un compuesto cristalino blanco, ligeramente soluble en agua y muy soluble en muchos disolventes org\u00e1nicos. Est\u00e1 clasificado como un \u00e1cido carbox\u00edlico insaturado y se encuentra de forma natural en varias plantas. Existe como is\u00f3mero cis y trans, aunque este \u00faltimo es m\u00e1s com\u00fan.<\/p>\n<p>El \u00e1cido cin\u00e1mico es un intermediario central en la bios\u00edntesis de una gran cantidad de productos naturales, entre ellos, la lignina, la ignocelulosa, los flavonoides, las isoflavonoides, las cumarinas, las auronas, los estilbenos, las catequinas y los fenilpropanoides. Su bios\u00edntesis se lleva a cabo por la acci\u00f3n de la enzima fenilalanina amoniaco-liasa (PAL) sobre la fenilalanina.<\/p>\n<p>El \u00e1cido cin\u00e1mico es un precursor para la s\u00edntesis de una gran cantidad de sustancias vegetales, entre ellas la lignina, los taninos, los flavonoides, los pigmentos, muchos de los componentes del sabor de las especias y varios alcaloides, como la morfina y la colchicina.<\/p>\n<p><strong>Aplicaci\u00f3n:<\/strong><\/p>\n<p>Se utiliza en la s\u00edntesis de cinamato de metilo, cinamato de etilo, cinamato de bencilo, ampliamente utilizado en la industria de las especias y la industria m\u00e9dica.<\/p>\n<p>Se utiliza como especia para preparar sabores de cereza, albaricoque, miel y canela; tambi\u00e9n se puede utilizar como materia prima del \u00e9ster cinamato, materia prima de la serie de etileno del \u00e1cido policin\u00e1mico de resina fotosensible; materias primas para la s\u00edntesis de \u00e9ster met\u00edlico, \u00e9ster et\u00edlico y \u00e9ster benc\u00edlico, que se pueden utilizar como especia para cosm\u00e9ticos, jabones, anest\u00e9sicos locales, agentes hemost\u00e1ticos y medicamentos (lactato de cardiodina y clorfenaminobutirato, etc.);<\/p>\n<p>Se utilizan como reguladores del crecimiento de plantas y fungicidas y otras materias primas de pesticidas;<\/p>\n<p>Conservantes para frutas y verduras;<\/p>\n<p>Se utiliza como materia prima de agente ultravioleta y resina fotosensible, se utiliza como protector solar para cosm\u00e9ticos.<\/p>","protected":false},"excerpt":{"rendered":"<p>Nombre del producto: \u00c1cido cin\u00e1mico<\/p>\n<p>N.\u00ba CAS: 621-82-9<\/p>\n<p>N\u00famero de modelo: C9H8O2<\/p>\n<p>Aspecto: polvo blanco<\/p>","protected":false},"featured_media":2216,"template":"","meta":{"_acf_changed":false,"_gspb_post_css":""},"product_brand":[],"product_cat":[61],"product_tag":[],"class_list":{"0":"post-3314","1":"product","2":"type-product","3":"status-publish","4":"has-post-thumbnail","6":"product_cat-flavor-and-fragrance","8":"first","9":"instock","10":"shipping-taxable","11":"product-type-simple"},"acf":[],"_links":{"self":[{"href":"https:\/\/wpachem.com\/es\/wp-json\/wp\/v2\/product\/3314","targetHints":{"allow":["GET"]}}],"collection":[{"href":"https:\/\/wpachem.com\/es\/wp-json\/wp\/v2\/product"}],"about":[{"href":"https:\/\/wpachem.com\/es\/wp-json\/wp\/v2\/types\/product"}],"version-history":[{"count":0,"href":"https:\/\/wpachem.com\/es\/wp-json\/wp\/v2\/product\/3314\/revisions"}],"wp:featuredmedia":[{"embeddable":true,"href":"https:\/\/wpachem.com\/es\/wp-json\/wp\/v2\/media\/2216"}],"wp:attachment":[{"href":"https:\/\/wpachem.com\/es\/wp-json\/wp\/v2\/media?parent=3314"}],"wp:term":[{"taxonomy":"product_brand","embeddable":true,"href":"https:\/\/wpachem.com\/es\/wp-json\/wp\/v2\/product_brand?post=3314"},{"taxonomy":"product_cat","embeddable":true,"href":"https:\/\/wpachem.com\/es\/wp-json\/wp\/v2\/product_cat?post=3314"},{"taxonomy":"product_tag","embeddable":true,"href":"https:\/\/wpachem.com\/es\/wp-json\/wp\/v2\/product_tag?post=3314"}],"curies":[{"name":"wp","href":"https:\/\/api.w.org\/{rel}","templated":true}]}}