{"id":3318,"date":"2022-12-16T02:58:08","date_gmt":"2022-12-16T02:58:08","guid":{"rendered":"http:\/\/site2.easyceotech.com\/?post_type=product&#038;p=3318"},"modified":"2024-03-12T06:58:22","modified_gmt":"2024-03-12T06:58:22","slug":"methyl-dihydrojasmonate","status":"publish","type":"product","link":"https:\/\/wpachem.com\/es\/producto\/methyl-dihydrojasmonate\/","title":{"rendered":"Dihidrojasmonato de metilo"},"content":{"rendered":"<p><strong>Caracter\u00edsticas:<\/strong><\/p>\n<p>El dihidrojasmonato de metilo es un compuesto arom\u00e1tico con un aroma similar al jazm\u00edn. En mezclas rac\u00e9micas, el olor es floral y c\u00edtrico, mientras que en mezclas epimerizadas se percibe un denso olor floral-mantecoso con un umbral de reconocimiento de 15 partes por mil millones.<\/p>\n<p>&nbsp;<\/p>\n<p><strong>Solicitud:\u00a0<\/strong><\/p>\n<p>Se puede usar para preparar aceite de jazm\u00edn artificial, jazm\u00edn y base de jade vespertino. Aplicado en peque\u00f1as cantidades sobre el lirio de los valles, espesa y le da una suave redondez. Tambi\u00e9n se usa en orqu\u00eddeas Suxin no florales, fragancias de tipo oriental y nuevas fragancias de drag\u00f3n, con buenos resultados. Se puede combinar con incienso de madera.<\/p>","protected":false},"excerpt":{"rendered":"<p>Nombre del producto: Metildihidrojasmonato<\/p>\n<p>N.\u00ba CAS: 24851-98-7<\/p>\n<p>MF:C13H22O3<\/p>\n<p>Aspecto: L\u00edquido aceitoso de transparente a amarillo p\u00e1lido.<\/p>","protected":false},"featured_media":3323,"template":"","meta":{"_acf_changed":false,"_gspb_post_css":""},"product_brand":[],"product_cat":[61],"product_tag":[],"class_list":{"0":"post-3318","1":"product","2":"type-product","3":"status-publish","4":"has-post-thumbnail","6":"product_cat-flavor-and-fragrance","8":"first","9":"instock","10":"shipping-taxable","11":"product-type-simple"},"acf":[],"_links":{"self":[{"href":"https:\/\/wpachem.com\/es\/wp-json\/wp\/v2\/product\/3318","targetHints":{"allow":["GET"]}}],"collection":[{"href":"https:\/\/wpachem.com\/es\/wp-json\/wp\/v2\/product"}],"about":[{"href":"https:\/\/wpachem.com\/es\/wp-json\/wp\/v2\/types\/product"}],"version-history":[{"count":0,"href":"https:\/\/wpachem.com\/es\/wp-json\/wp\/v2\/product\/3318\/revisions"}],"wp:featuredmedia":[{"embeddable":true,"href":"https:\/\/wpachem.com\/es\/wp-json\/wp\/v2\/media\/3323"}],"wp:attachment":[{"href":"https:\/\/wpachem.com\/es\/wp-json\/wp\/v2\/media?parent=3318"}],"wp:term":[{"taxonomy":"product_brand","embeddable":true,"href":"https:\/\/wpachem.com\/es\/wp-json\/wp\/v2\/product_brand?post=3318"},{"taxonomy":"product_cat","embeddable":true,"href":"https:\/\/wpachem.com\/es\/wp-json\/wp\/v2\/product_cat?post=3318"},{"taxonomy":"product_tag","embeddable":true,"href":"https:\/\/wpachem.com\/es\/wp-json\/wp\/v2\/product_tag?post=3318"}],"curies":[{"name":"wp","href":"https:\/\/api.w.org\/{rel}","templated":true}]}}