{"id":3324,"date":"2022-12-16T03:15:44","date_gmt":"2022-12-16T03:15:44","guid":{"rendered":"http:\/\/site2.easyceotech.com\/?post_type=product&#038;p=3324"},"modified":"2024-03-12T07:59:28","modified_gmt":"2024-03-12T07:59:28","slug":"cis-3-hexenol","status":"publish","type":"product","link":"https:\/\/wpachem.com\/es\/producto\/cis-3-hexenol\/","title":{"rendered":"CIS-3-HEXENOL"},"content":{"rendered":"<p><strong>Caracter\u00edsticas:<\/strong><\/p>\n<p>CIS-3-HEXENOL (alcohol de hoja) es una de las fragancias importantes de sabor floral, sabor verde, un compuesto de sabor, l\u00edquido incoloro, con elegante aroma verde. Ligeramente soluble en agua, soluble en etanol, propilenglicol y otros disolventes org\u00e1nicos, a menudo en forma de alcohol o \u00e9ster en t\u00e9, tomate, osmanthus, jazm\u00edn, hojas arom\u00e1ticas, menta, violeta y muchas otras plantas.<\/p>\n<p>&nbsp;<\/p>\n<p><strong>Solicitud:<\/strong><\/p>\n<p>El alcohol de hoja se usa ampliamente en la preparaci\u00f3n de sabores naturales frescos como pl\u00e1tano, fresa, c\u00edtricos, uva rosa, manzana, etc. Tambi\u00e9n se usa con \u00e1cido ac\u00e9tico, \u00e1cido val\u00e9rico, \u00e1cido l\u00e1ctico y otros \u00e9steres para cambiar el sabor de los alimentos. , utilizado principalmente para suprimir el regusto dulce de bebidas refrescantes y zumos de frutas.<\/p>\n<p>El alcohol de hoja tiene un fuerte aroma a hierba fresca y es un tipo popular de sabor claro de especias preciosas. El alcohol de hoja y sus \u00e9steres son agentes aromatizantes indispensables en la producci\u00f3n de sabor.<\/p>\n<p>En la industria cosm\u00e9tica, el alcohol de hojas se utiliza para preparar una variedad de aceites esenciales artificiales similares a las fragancias naturales, como los aceites esenciales de tipo lirio de los valles, tipo clavo, tipo musgo de roble, tipo menta y tipo lavanda, etc. Se puede utilizar para preparar una variedad de sabores florales, de modo que los aceites esenciales artificiales y las fragancias tengan fragancia verde. El alcohol de hoja tambi\u00e9n es una materia prima importante para la s\u00edntesis de jasmonona y jasmonato de metilo.<\/p>","protected":false},"excerpt":{"rendered":"<p>Nombre del producto: CIS-3-HEXENOL<\/p>\n<p>N\u00famero CAS: 928-96-1<\/p>\n<p>Frecuencia intermedia: C6H12O<\/p>\n<p>Apariencia: L\u00edquido sin cloro<\/p>","protected":false},"featured_media":2090,"template":"","meta":{"_acf_changed":false,"_gspb_post_css":""},"product_brand":[],"product_cat":[61],"product_tag":[],"class_list":{"0":"post-3324","1":"product","2":"type-product","3":"status-publish","4":"has-post-thumbnail","6":"product_cat-flavor-and-fragrance","8":"first","9":"instock","10":"shipping-taxable","11":"product-type-simple"},"acf":[],"_links":{"self":[{"href":"https:\/\/wpachem.com\/es\/wp-json\/wp\/v2\/product\/3324","targetHints":{"allow":["GET"]}}],"collection":[{"href":"https:\/\/wpachem.com\/es\/wp-json\/wp\/v2\/product"}],"about":[{"href":"https:\/\/wpachem.com\/es\/wp-json\/wp\/v2\/types\/product"}],"version-history":[{"count":0,"href":"https:\/\/wpachem.com\/es\/wp-json\/wp\/v2\/product\/3324\/revisions"}],"wp:featuredmedia":[{"embeddable":true,"href":"https:\/\/wpachem.com\/es\/wp-json\/wp\/v2\/media\/2090"}],"wp:attachment":[{"href":"https:\/\/wpachem.com\/es\/wp-json\/wp\/v2\/media?parent=3324"}],"wp:term":[{"taxonomy":"product_brand","embeddable":true,"href":"https:\/\/wpachem.com\/es\/wp-json\/wp\/v2\/product_brand?post=3324"},{"taxonomy":"product_cat","embeddable":true,"href":"https:\/\/wpachem.com\/es\/wp-json\/wp\/v2\/product_cat?post=3324"},{"taxonomy":"product_tag","embeddable":true,"href":"https:\/\/wpachem.com\/es\/wp-json\/wp\/v2\/product_tag?post=3324"}],"curies":[{"name":"wp","href":"https:\/\/api.w.org\/{rel}","templated":true}]}}