{"id":3336,"date":"2022-12-16T05:53:08","date_gmt":"2022-12-16T05:53:08","guid":{"rendered":"http:\/\/site2.easyceotech.com\/?post_type=product&#038;p=3336"},"modified":"2024-03-12T07:58:31","modified_gmt":"2024-03-12T07:58:31","slug":"helional-floramelon","status":"publish","type":"product","link":"https:\/\/wpachem.com\/es\/producto\/helional-floramelon\/","title":{"rendered":"Helional\/Floramel\u00f3n"},"content":{"rendered":"<p>Helional\/Floramelon es un compuesto org\u00e1nico arom\u00e1tico, que puede considerarse un hom\u00f3logo del pepperaldeh\u00eddo. Tiene la estructura del fenilpropanal y es insoluble en agua pero soluble en alcohol. Tiene un aroma floral y se utiliza a menudo en perfumes y fragancias comerciales. El propanal de pimienta es un tipo de aroma de sand\u00eda fresca y ligero aroma de lirio de los valles y jazm\u00edn como hinojo, ampliamente utilizado en la preparaci\u00f3n de jazm\u00edn, flor de oreja de conejo y otras fragancias florales, bosque, brisa marina tipo de nuevo sabor, fragancia duradera.<\/p>\n<p><strong>Especificaci\u00f3n:<\/strong><\/p>\n<table>\n<tbody>\n<tr>\n<td width=\"236\"><strong>Art\u00edculo<\/strong><\/td>\n<td width=\"236\"><strong>Especificaciones<\/strong><\/td>\n<\/tr>\n<tr>\n<td width=\"236\">Apariencia<\/td>\n<td width=\"236\">L\u00edquido amarillo claro<\/td>\n<\/tr>\n<tr>\n<td width=\"236\">Pureza<\/td>\n<td width=\"236\">\u226599%<\/td>\n<\/tr>\n<tr>\n<td width=\"236\">Color(APHA)<\/td>\n<td width=\"236\">\u226450<\/td>\n<\/tr>\n<tr>\n<td width=\"236\">Agua<\/td>\n<td width=\"236\">\u22640,5%<\/td>\n<\/tr>\n<tr>\n<td width=\"236\">Acidez (mgKOH\/g)<\/td>\n<td width=\"236\">\u22640,2<\/td>\n<\/tr>\n<\/tbody>\n<\/table>\n<p>&nbsp;<\/p>\n<p><strong>Solicitud:<\/strong> Helional\/Floramelon es una fragancia de uso mundial con un aroma suave, floral, parecido al de un conejo, que se encuentra en formulaciones de aromatizantes de cosm\u00e9ticos y jabones.<\/p>","protected":false},"excerpt":{"rendered":"<p>Nombre del producto: Helional\/Floramelon<\/p>\n<p>N\u00famero CAS: 1205-17-0<\/p>\n<p>MF: C11H12O3<\/p>\n<p>Apariencia: L\u00edquido amarillo claro.<\/p>","protected":false},"featured_media":3321,"template":"","meta":{"_acf_changed":false,"_gspb_post_css":""},"product_brand":[],"product_cat":[61],"product_tag":[],"class_list":{"0":"post-3336","1":"product","2":"type-product","3":"status-publish","4":"has-post-thumbnail","6":"product_cat-flavor-and-fragrance","8":"first","9":"instock","10":"shipping-taxable","11":"product-type-simple"},"acf":[],"_links":{"self":[{"href":"https:\/\/wpachem.com\/es\/wp-json\/wp\/v2\/product\/3336","targetHints":{"allow":["GET"]}}],"collection":[{"href":"https:\/\/wpachem.com\/es\/wp-json\/wp\/v2\/product"}],"about":[{"href":"https:\/\/wpachem.com\/es\/wp-json\/wp\/v2\/types\/product"}],"version-history":[{"count":0,"href":"https:\/\/wpachem.com\/es\/wp-json\/wp\/v2\/product\/3336\/revisions"}],"wp:featuredmedia":[{"embeddable":true,"href":"https:\/\/wpachem.com\/es\/wp-json\/wp\/v2\/media\/3321"}],"wp:attachment":[{"href":"https:\/\/wpachem.com\/es\/wp-json\/wp\/v2\/media?parent=3336"}],"wp:term":[{"taxonomy":"product_brand","embeddable":true,"href":"https:\/\/wpachem.com\/es\/wp-json\/wp\/v2\/product_brand?post=3336"},{"taxonomy":"product_cat","embeddable":true,"href":"https:\/\/wpachem.com\/es\/wp-json\/wp\/v2\/product_cat?post=3336"},{"taxonomy":"product_tag","embeddable":true,"href":"https:\/\/wpachem.com\/es\/wp-json\/wp\/v2\/product_tag?post=3336"}],"curies":[{"name":"wp","href":"https:\/\/api.w.org\/{rel}","templated":true}]}}