{"id":3342,"date":"2022-12-16T06:08:47","date_gmt":"2022-12-16T06:08:47","guid":{"rendered":"http:\/\/site2.easyceotech.com\/?post_type=product&#038;p=3342"},"modified":"2024-03-12T07:58:21","modified_gmt":"2024-03-12T07:58:21","slug":"cetyl-ethyl-hexanoate","status":"publish","type":"product","link":"https:\/\/wpachem.com\/es\/producto\/cetyl-ethyl-hexanoate\/","title":{"rendered":"Hexanoato de cetiletilo"},"content":{"rendered":"<p><span data-spm-anchor-id=\"a2700.details.0.i7.fbe7731awLoTJ2\"><strong>1 \u3001 Introducci\u00f3n del producto <\/strong><\/span><\/p>\n<ul>\n<li><span data-spm-anchor-id=\"a2700.details.0.i7.fbe7731awLoTJ2\">1.1. Nombre qu\u00edmico: hexanoato de cetiletilo <\/span><\/li>\n<li><span data-spm-anchor-id=\"a2700.details.0.i7.fbe7731awLoTJ2\">1.2. Nombre Inci: etlhexanoato de cetilo <\/span><\/li>\n<li><span data-spm-anchor-id=\"a2700.details.0.i7.fbe7731awLoTJ2\">1.3. Nombre del producto: CEH\u00a0<\/span><\/li>\n<\/ul>\n<div><\/div>\n<div><\/div>\n<p><strong>2 \u3001 Caracter\u00edsticas del producto:<\/strong><\/p>\n<ul>\n<li>2.1. Com\u00fanmente conocido como aceite de plumas de aves marinas, es una alternativa econ\u00f3mica al escualano natural.<\/li>\n<li>\u00c9ster de \u00e1cido graso 2.2 ramificado, aceite hidratante polar moderado, compatible con una variedad de ingredientes cosm\u00e9ticos.<\/li>\n<li>2.3. Baja tensi\u00f3n superficial, buena propiedad de extensi\u00f3n, f\u00e1cil de absorber por la piel y sin sensaci\u00f3n grasosa.<\/li>\n<li>2.4. Tiene una fuerte resistencia al agua y es soluble en sistemas de agua y alcohol, lo que lo hace adecuado para preparar productos transparentes para sistemas de agua y alcohol. 2.5. Tiene una excelente capacidad emulsionante, dispersante y lubricante y a\u00fan puede mantener una baja viscosidad a baja temperatura. Es adecuado para la cosm\u00e9tica de invierno.<\/li>\n<\/ul>\n<div><\/div>\n<div><strong>3, objetivo principal: <\/strong><\/div>\n<ul>\n<li>3.1. Se utiliza en una variedad de productos de cuidado personal para proporcionar una sensaci\u00f3n de humedad y suavidad al cabello y una sensaci\u00f3n de piel muy h\u00fameda y no grasosa.<\/li>\n<li>3.2. Se utiliza en productos para el cuidado de la piel, protectores solares y productos de maquillaje de color. Es un l\u00e1piz labial como dispersante de color y agente de aceite base, o abrillantador de l\u00e1piz labial, agente de aceite para el cabello o suavizante de loci\u00f3n en crema.<\/li>\n<li>3.3. Tiene buenas propiedades de extensi\u00f3n y se utiliza como medio de dispersi\u00f3n de polvos y pigmentos hidrof\u00f3bicos.<\/li>\n<li>3.4 portador de otros componentes.<\/li>\n<\/ul>\n<div><\/div>\n<div><strong>4 \u3001 Dosis recomendada<\/strong><\/div>\n<ul>\n<li>4.1. Soluci\u00f3n de lavado: 0,2-1%<\/li>\n<li>4.2 cuidado de la piel 1-5%<\/li>\n<li>4.3 cuidado del cabello 1-5%<\/li>\n<li>4.4 desmaquillante 1-20%<\/li>\n<\/ul>\n<div><\/div>\n<div><strong>5 \u3001 Especificaciones del embalaje:<\/strong> Peso neto: \u2460 175 KG\/tambor<\/div>\n<p>&nbsp;<\/p>","protected":false},"excerpt":{"rendered":"<p>Nombre del producto: hexanoato de cetiletilo<\/p>\n<p>N\u00famero CAS: 59130-69-7<\/p>\n<p>MF: c24h48o2<\/p>\n<p>Aspecto: L\u00edquido aceitoso transparente de incoloro a amarillo claro<\/p>\n<p>&nbsp;<\/p>","protected":false},"featured_media":2083,"template":"","meta":{"_acf_changed":false,"_gspb_post_css":""},"product_brand":[],"product_cat":[63],"product_tag":[],"class_list":{"0":"post-3342","1":"product","2":"type-product","3":"status-publish","4":"has-post-thumbnail","6":"product_cat-industrial-chemicals","8":"first","9":"instock","10":"shipping-taxable","11":"product-type-simple"},"acf":[],"_links":{"self":[{"href":"https:\/\/wpachem.com\/es\/wp-json\/wp\/v2\/product\/3342","targetHints":{"allow":["GET"]}}],"collection":[{"href":"https:\/\/wpachem.com\/es\/wp-json\/wp\/v2\/product"}],"about":[{"href":"https:\/\/wpachem.com\/es\/wp-json\/wp\/v2\/types\/product"}],"version-history":[{"count":0,"href":"https:\/\/wpachem.com\/es\/wp-json\/wp\/v2\/product\/3342\/revisions"}],"wp:featuredmedia":[{"embeddable":true,"href":"https:\/\/wpachem.com\/es\/wp-json\/wp\/v2\/media\/2083"}],"wp:attachment":[{"href":"https:\/\/wpachem.com\/es\/wp-json\/wp\/v2\/media?parent=3342"}],"wp:term":[{"taxonomy":"product_brand","embeddable":true,"href":"https:\/\/wpachem.com\/es\/wp-json\/wp\/v2\/product_brand?post=3342"},{"taxonomy":"product_cat","embeddable":true,"href":"https:\/\/wpachem.com\/es\/wp-json\/wp\/v2\/product_cat?post=3342"},{"taxonomy":"product_tag","embeddable":true,"href":"https:\/\/wpachem.com\/es\/wp-json\/wp\/v2\/product_tag?post=3342"}],"curies":[{"name":"wp","href":"https:\/\/api.w.org\/{rel}","templated":true}]}}