{"id":3346,"date":"2022-12-16T06:22:26","date_gmt":"2022-12-16T06:22:26","guid":{"rendered":"http:\/\/site2.easyceotech.com\/?post_type=product&#038;p=3346"},"modified":"2024-03-12T07:58:16","modified_gmt":"2024-03-12T07:58:16","slug":"caprylic-capric-triglyceride","status":"publish","type":"product","link":"https:\/\/wpachem.com\/es\/producto\/caprylic-capric-triglyceride\/","title":{"rendered":"Triglic\u00e9rido capr\u00edlico\/c\u00e1prico"},"content":{"rendered":"<p>El triglic\u00e9rido capr\u00edlico\/c\u00e1prico, tambi\u00e9n conocido como n-octanol, es un compuesto org\u00e1nico, l\u00edquido aceitoso transparente incoloro, con fuerte olor a aceite y olor c\u00edtrico, no miscible con agua, pero s\u00ed con etanol, \u00e9ter y cloroformo miscible.<\/p>\n<p>Puede usarse como solvente, plastificante, anticongelante, lubricante, extractante, dispersante, estabilizador, fragancia y otros productos, usado en petr\u00f3leo refinado, pl\u00e1sticos, recubrimientos, impresi\u00f3n y te\u00f1ido, procesamiento de alimentos, cosm\u00e9ticos y otros campos.<\/p>\n<p>Adecuado para rosa, jazm\u00edn, lila, flor de frijol dulce, fragancia de miel, neroli, c\u00edtricos, ra\u00edz de chiriv\u00eda, drag\u00f3n, agujas de pino y otros tipos. Armoniza con rosa, ylang ylang, ra\u00edz de chiriv\u00eda, aceite de naranja y linalol. Tambi\u00e9n se puede utilizar en base a sabores comestibles de durazno, pi\u00f1a, coco, chocolate y diversos c\u00edtricos y frutas.<\/p>\n<p>Utilizados como tensioactivos, disolventes, antiespumantes, auxiliares industriales, etc.<\/p>","protected":false},"excerpt":{"rendered":"<p>Nombre del producto: Triglic\u00e9rido capr\u00edlico\/c\u00e1prico<\/p>\n<p>N\u00famero CAS: 111-87-5<\/p>\n<p>MF: C8H18O<\/p>\n<p>Aspecto: L\u00edquido aceitoso transparente incoloro<\/p>","protected":false},"featured_media":2089,"template":"","meta":{"_acf_changed":false,"_gspb_post_css":""},"product_brand":[],"product_cat":[63],"product_tag":[],"class_list":{"0":"post-3346","1":"product","2":"type-product","3":"status-publish","4":"has-post-thumbnail","6":"product_cat-industrial-chemicals","8":"first","9":"instock","10":"shipping-taxable","11":"product-type-simple"},"acf":[],"_links":{"self":[{"href":"https:\/\/wpachem.com\/es\/wp-json\/wp\/v2\/product\/3346","targetHints":{"allow":["GET"]}}],"collection":[{"href":"https:\/\/wpachem.com\/es\/wp-json\/wp\/v2\/product"}],"about":[{"href":"https:\/\/wpachem.com\/es\/wp-json\/wp\/v2\/types\/product"}],"version-history":[{"count":0,"href":"https:\/\/wpachem.com\/es\/wp-json\/wp\/v2\/product\/3346\/revisions"}],"wp:featuredmedia":[{"embeddable":true,"href":"https:\/\/wpachem.com\/es\/wp-json\/wp\/v2\/media\/2089"}],"wp:attachment":[{"href":"https:\/\/wpachem.com\/es\/wp-json\/wp\/v2\/media?parent=3346"}],"wp:term":[{"taxonomy":"product_brand","embeddable":true,"href":"https:\/\/wpachem.com\/es\/wp-json\/wp\/v2\/product_brand?post=3346"},{"taxonomy":"product_cat","embeddable":true,"href":"https:\/\/wpachem.com\/es\/wp-json\/wp\/v2\/product_cat?post=3346"},{"taxonomy":"product_tag","embeddable":true,"href":"https:\/\/wpachem.com\/es\/wp-json\/wp\/v2\/product_tag?post=3346"}],"curies":[{"name":"wp","href":"https:\/\/api.w.org\/{rel}","templated":true}]}}