{"id":3349,"date":"2022-12-16T07:10:17","date_gmt":"2022-12-16T07:10:17","guid":{"rendered":"http:\/\/site2.easyceotech.com\/?post_type=product&#038;p=3349"},"modified":"2024-03-12T07:58:12","modified_gmt":"2024-03-12T07:58:12","slug":"tridecyl-trimellitate-tdtm","status":"publish","type":"product","link":"https:\/\/wpachem.com\/es\/producto\/tridecyl-trimellitate-tdtm\/","title":{"rendered":"Trimelitato de tridecilo (TDTM)"},"content":{"rendered":"<div class=\"J_module\">\n<div class=\"detail-decorate-json-renderer-container\">\n<div class=\"magic-1\">\n<div class=\"magic-2\">\n<div class=\"magic-3\">\n<div class=\"magic-4\"><span class=\"magic-5\"><span data-spm-anchor-id=\"a2700.details.0.i5.6de534b7H15DkW\">Trimelitato de tridecilo de grado cosm\u00e9tico TDTM<\/span><\/span><\/div>\n<div><\/div>\n<\/div>\n<\/div>\n<\/div>\n<\/div>\n<\/div>\n<div class=\"J_module\">\n<div class=\"detail-decorate-json-renderer-container\">\n<div class=\"magic-1\">\n<div class=\"magic-2\">\n<div class=\"magic-3\">\n<div class=\"magic-4\"><b><\/b><strong>1 \u3001 Introducci\u00f3n del producto <\/strong><\/div>\n<ul>\n<li class=\"magic-4\">1.1. Nombre qu\u00edmico: \u00e9ster de \u00e1cido trimel\u00edtico de tridecanol<\/li>\n<li class=\"magic-4\">1.2. Nombre Inci: trimelitato de tridecilo<\/li>\n<li class=\"magic-4\">1.3. Nombre del producto: TDTM<\/li>\n<\/ul>\n<div class=\"magic-4\">\n<div>\n<div><\/div>\n<div><\/div>\n<p><strong>2 \u3001 Caracter\u00edsticas del producto: <\/strong><\/p>\n<\/div>\n<ul>\n<li>2.1. Es un excelente suavizante de la piel, que puede dejar la piel suave sin grasa y con buena permeabilidad. Puede usarse como crema de noche, productos para el cuidado de los ojos, l\u00e1piz labial, brillo de labios y otros productos con alto contenido de humedad;<\/li>\n<li>2.2. Micro pegajosidad: le da al producto un tacto espeso y suave como el terciopelo, excelente capacidad de dispersi\u00f3n del color y puede usarse como cremas y lociones con textura fuerte, especialmente adecuado para algunos humectantes del norte con buena retenci\u00f3n de humedad, que pueden desempe\u00f1ar el papel de humectante. y emulsionante;<\/li>\n<li>2.3. Puede usarse como un excelente solvente de pigmentos en l\u00e1piz labial, negro de ojos y l\u00e1piz labial, y puede reemplazar parcial o completamente el aceite de ricino o la lanolina;<\/li>\n<li>2.4. Puede aumentar la viscosidad de la loci\u00f3n, pero no aumentar\u00e1 la sensaci\u00f3n de arrastre, como ocurre con la cera tradicional;<\/li>\n<\/ul>\n<div><\/div>\n<div><strong>3 \u3001 Aplicaci\u00f3n del producto: <\/strong><\/div>\n<ul>\n<li>3.1. Aplicado a l\u00e1piz labial, colorante, dispersante y aceite b\u00e1sico;<\/li>\n<li>3.2. Crema hidratante aplicada a productos para iluminar barras de labios, champ\u00fas, humectantes y otros productos;<\/li>\n<li>3.3. Se aplica sobre diversas cremas, lociones y aceites base. Tiene buena permeabilidad al aire y ductilidad, se siente ligeramente pegajoso y deja un tacto muy suave en la piel.<\/li>\n<\/ul>\n<p>&nbsp;<\/p>\n<p><strong>4 \u3001 Dosis recomendada:\u00a0<\/strong> 3-20%<\/p>\n<p>&nbsp;<\/p>\n<div>\n<div><strong>5 \u3001 Paquete<\/strong>:185 kg por tambor<\/div>\n<\/div>\n<\/div>\n<\/div>\n<\/div>\n<\/div>\n<\/div>\n<\/div>\n<p>&nbsp;<\/p>","protected":false},"excerpt":{"rendered":"<p>Nombre del producto: Trimelitato de tridecilo (TDTM)<\/p>\n<p>N\u00famero CAS: 94109-09-8<\/p>\n<p>Frecuencia intermedia: C48H84O6<\/p>\n<p>Aspecto: L\u00edquido transparente incoloro<\/p>","protected":false},"featured_media":2090,"template":"","meta":{"_acf_changed":false,"_gspb_post_css":""},"product_brand":[],"product_cat":[63],"product_tag":[],"class_list":{"0":"post-3349","1":"product","2":"type-product","3":"status-publish","4":"has-post-thumbnail","6":"product_cat-industrial-chemicals","8":"first","9":"instock","10":"shipping-taxable","11":"product-type-simple"},"acf":[],"_links":{"self":[{"href":"https:\/\/wpachem.com\/es\/wp-json\/wp\/v2\/product\/3349","targetHints":{"allow":["GET"]}}],"collection":[{"href":"https:\/\/wpachem.com\/es\/wp-json\/wp\/v2\/product"}],"about":[{"href":"https:\/\/wpachem.com\/es\/wp-json\/wp\/v2\/types\/product"}],"version-history":[{"count":0,"href":"https:\/\/wpachem.com\/es\/wp-json\/wp\/v2\/product\/3349\/revisions"}],"wp:featuredmedia":[{"embeddable":true,"href":"https:\/\/wpachem.com\/es\/wp-json\/wp\/v2\/media\/2090"}],"wp:attachment":[{"href":"https:\/\/wpachem.com\/es\/wp-json\/wp\/v2\/media?parent=3349"}],"wp:term":[{"taxonomy":"product_brand","embeddable":true,"href":"https:\/\/wpachem.com\/es\/wp-json\/wp\/v2\/product_brand?post=3349"},{"taxonomy":"product_cat","embeddable":true,"href":"https:\/\/wpachem.com\/es\/wp-json\/wp\/v2\/product_cat?post=3349"},{"taxonomy":"product_tag","embeddable":true,"href":"https:\/\/wpachem.com\/es\/wp-json\/wp\/v2\/product_tag?post=3349"}],"curies":[{"name":"wp","href":"https:\/\/api.w.org\/{rel}","templated":true}]}}