{"id":3352,"date":"2022-12-16T08:05:09","date_gmt":"2022-12-16T08:05:09","guid":{"rendered":"http:\/\/site2.easyceotech.com\/?post_type=product&#038;p=3352"},"modified":"2024-03-12T07:58:08","modified_gmt":"2024-03-12T07:58:08","slug":"isononyl-isononanoate","status":"publish","type":"product","link":"https:\/\/wpachem.com\/es\/producto\/isononyl-isononanoate\/","title":{"rendered":"Isononanoato de isononilo"},"content":{"rendered":"<p>El isononanoato de isononilo es un ingrediente sint\u00e9tico que se utiliza en cosm\u00e9ticos y productos para el cuidado de la piel para mejorar la textura y la sensaci\u00f3n de una formulaci\u00f3n. El isononanoato de isononilo se utiliza principalmente como emoliente, potenciador de la textura y plastificante.<\/p>\n<p>El isononanoato de isononilo se puede producir mediante esterificaci\u00f3n de alcohol isonon\u00edlico y \u00e1cido isononanoico. El isononanoato de isononilo tiene caracter\u00edsticas \u00fanicas que incluyen un punto de congelaci\u00f3n extremadamente bajo, baja viscosidad y excelente solubilidad y compatibilidad en una variedad de ingredientes como \u00e9steres, siliconas vol\u00e1tiles y aceites minerales y vegetales. El isononanoato de isononilo se utiliza normalmente en concentraciones que oscilan entre 2 y 10%.<\/p>\n<p>&nbsp;<\/p>\n<p><strong>Funci\u00f3n:<\/strong><\/p>\n<p>En cosm\u00e9ticos y productos para el cuidado de la piel, el isononanoato de isononilo funciona como emoliente, potenciador de la textura y plastificante.<\/p>\n<p dir=\"ltr\"><strong>Emoliente<\/strong><br \/>\nComo emoliente, el isononanoato de isononilo se encuentra a menudo en cremas, lociones y humectantes faciales. Los emolientes act\u00faan para suavizar y calmar la piel al mismo tiempo que act\u00faan como agentes oclusivos. Los ingredientes oclusivos forman una pel\u00edcula protectora en la superficie de la piel, lo que ayuda a prevenir la evaporaci\u00f3n de la humedad natural de la piel. Con el tiempo, esto aumenta la hidrataci\u00f3n de la piel al provocar una acumulaci\u00f3n de agua en la capa superior de la piel.<\/p>\n<p dir=\"ltr\">Estas mismas propiedades emolientes hacen del isononanoato de isononilo un ingrediente ideal para productos para el cuidado del cabello. Forma una pel\u00edcula suave y uniforme en la superficie del cabello que proporciona un mayor deslizamiento entre los mechones adyacentes, lo que facilita el desenredado. El isononanoato de isononilo reduce a\u00fan m\u00e1s los enredos al alisar y aplanar la superficie de la cut\u00edcula, lo que tambi\u00e9n puede agregar brillo al cabello. Deja el cabello suave y sedoso sin apelmazarlo ni dejarlo grasoso.<\/p>\n<p dir=\"ltr\"><strong>Textura<\/strong><br \/>\nComo potenciador de la textura, el isononanoato de isononilo ofrece una capacidad de extensi\u00f3n superior y una sensaci\u00f3n de tacto seco. Aporta a los productos para el cuidado de la piel una sensaci\u00f3n aterciopelada distintiva. Adem\u00e1s, el isononanoato de isononilo act\u00faa como sustituto de las siliconas vol\u00e1tiles en los antitranspirantes, donde reduce la pegajosidad y evita la obstrucci\u00f3n de los aerosoles.<\/p>\n<p dir=\"ltr\"><strong>Plastificante<\/strong><br \/>\nPor \u00faltimo, el isononanoato de isononilo funciona como plastificante. Los plastificantes son materiales que ablandan los ingredientes sint\u00e9ticos reduciendo la fragilidad y el agrietamiento. Los plastificantes son \u00fatiles para productos cosm\u00e9ticos como esmaltes de u\u00f1as, brillos y champ\u00fas.<\/p>\n<p>&nbsp;<\/p>","protected":false},"excerpt":{"rendered":"<p>Nombre del producto: Isononanoato de isononilo<\/p>\n<p>N\u00famero CAS: 59219-71-5<\/p>\n<p>Frecuencia intermedia: C18H36O2<\/p>","protected":false},"featured_media":2111,"template":"","meta":{"_acf_changed":false,"_gspb_post_css":""},"product_brand":[],"product_cat":[63],"product_tag":[],"class_list":{"0":"post-3352","1":"product","2":"type-product","3":"status-publish","4":"has-post-thumbnail","6":"product_cat-industrial-chemicals","8":"first","9":"instock","10":"shipping-taxable","11":"product-type-simple"},"acf":[],"_links":{"self":[{"href":"https:\/\/wpachem.com\/es\/wp-json\/wp\/v2\/product\/3352","targetHints":{"allow":["GET"]}}],"collection":[{"href":"https:\/\/wpachem.com\/es\/wp-json\/wp\/v2\/product"}],"about":[{"href":"https:\/\/wpachem.com\/es\/wp-json\/wp\/v2\/types\/product"}],"version-history":[{"count":0,"href":"https:\/\/wpachem.com\/es\/wp-json\/wp\/v2\/product\/3352\/revisions"}],"wp:featuredmedia":[{"embeddable":true,"href":"https:\/\/wpachem.com\/es\/wp-json\/wp\/v2\/media\/2111"}],"wp:attachment":[{"href":"https:\/\/wpachem.com\/es\/wp-json\/wp\/v2\/media?parent=3352"}],"wp:term":[{"taxonomy":"product_brand","embeddable":true,"href":"https:\/\/wpachem.com\/es\/wp-json\/wp\/v2\/product_brand?post=3352"},{"taxonomy":"product_cat","embeddable":true,"href":"https:\/\/wpachem.com\/es\/wp-json\/wp\/v2\/product_cat?post=3352"},{"taxonomy":"product_tag","embeddable":true,"href":"https:\/\/wpachem.com\/es\/wp-json\/wp\/v2\/product_tag?post=3352"}],"curies":[{"name":"wp","href":"https:\/\/api.w.org\/{rel}","templated":true}]}}