{"id":3356,"date":"2022-12-16T08:09:52","date_gmt":"2022-12-16T08:09:52","guid":{"rendered":"http:\/\/site2.easyceotech.com\/?post_type=product&#038;p=3356"},"modified":"2024-03-12T07:58:05","modified_gmt":"2024-03-12T07:58:05","slug":"hexyl-laurate","status":"publish","type":"product","link":"https:\/\/wpachem.com\/es\/producto\/hexyl-laurate\/","title":{"rendered":"Laurato de hexilo"},"content":{"rendered":"<div class=\"J_module\">\n<div class=\"detail-decorate-json-renderer-container\">\n<div class=\"magic-1\">\n<div class=\"magic-2\">\n<div class=\"magic-3\">\n<div class=\"magic-4\"><\/div>\n<\/div>\n<\/div>\n<\/div>\n<\/div>\n<\/div>\n<div class=\"J_module\">\n<div class=\"detail-decorate-json-renderer-container\">\n<div class=\"magic-1\">\n<div class=\"magic-2\">\n<div class=\"magic-3\">\n<div class=\"magic-4\" data-spm-anchor-id=\"a2700.details.0.i6.7d1f72f0n8cVuq\"><b><\/b><strong>1 \u3001 Introducci\u00f3n del producto<\/strong><\/div>\n<ul>\n<li class=\"magic-4\" data-spm-anchor-id=\"a2700.details.0.i6.7d1f72f0n8cVuq\">1.1. Nombre qu\u00edmico: laurato de hexilo<\/li>\n<li class=\"magic-4\" data-spm-anchor-id=\"a2700.details.0.i6.7d1f72f0n8cVuq\">1.2. Nombre Inci: laurato de hexilo<\/li>\n<li class=\"magic-4\" data-spm-anchor-id=\"a2700.details.0.i6.7d1f72f0n8cVuq\">1.3. Nombre del producto: 1668<\/li>\n<\/ul>\n<div class=\"magic-4\" data-spm-anchor-id=\"a2700.details.0.i6.7d1f72f0n8cVuq\">\n<div>\n<div><\/div>\n<div><\/div>\n<p><strong>2 \u3001 Caracter\u00edsticas del producto: <\/strong><\/p>\n<\/div>\n<ul>\n<li>2.1. Excelente tacto de la piel, d\u00e1ndole a la piel una sensaci\u00f3n aterciopelada.<\/li>\n<li>2.2. La excelente capacidad de dispersi\u00f3n del t\u00f3ner proporciona a los productos de maquillaje base una buena sensaci\u00f3n de polvo.<\/li>\n<li>2.3. Tiene ventajas de costos que productos similares no tienen.<\/li>\n<li>2.4. Buena estabilidad emulsionante y buena compatibilidad con otros aceites y grasas.<\/li>\n<li>2.5. Puede impulsar los ingredientes activos lip\u00eddicos, tiene el efecto de lubricante y puede mejorar el efecto y la textura del producto.<\/li>\n<\/ul>\n<div><\/div>\n<div>\n<div>\n<div><strong>3. Prop\u00f3sito principal <\/strong><\/div>\n<ul>\n<li>3.1. Se pueden preparar lociones, cremas y bases de maquillaje.<\/li>\n<li>3.2. Se puede utilizar como protector solar. Es refrescante y tiene una excelente dispersi\u00f3n, solubilidad y estabilidad.<\/li>\n<\/ul>\n<div><\/div>\n<div><strong> 4 \u3001 Dosis recomendada Dosis:<\/strong> 5-20%, adecuado para materias primas aceitosas de diversos cosm\u00e9ticos.<\/div>\n<div><\/div>\n<div><strong>5 \u3001 Especificaciones del embalaje Peso neto:<\/strong> \u2460: 175 KG\/barril; \u2461: 15 kg\/barril.<\/div>\n<\/div>\n<\/div>\n<\/div>\n<\/div>\n<\/div>\n<\/div>\n<\/div>\n<\/div>\n<p>&nbsp;<\/p>","protected":false},"excerpt":{"rendered":"<p>Nombre del producto: Laurato de hexilo<br \/>\nN\u00famero CAS: 34316-64-8<br \/>\nFrecuencia intermedia: C18H36O2<br \/>\nAspecto: L\u00edquido incoloro a amarillo claro.<\/p>","protected":false},"featured_media":2090,"template":"","meta":{"_acf_changed":false,"_gspb_post_css":""},"product_brand":[],"product_cat":[63],"product_tag":[],"class_list":{"0":"post-3356","1":"product","2":"type-product","3":"status-publish","4":"has-post-thumbnail","6":"product_cat-industrial-chemicals","8":"first","9":"instock","10":"shipping-taxable","11":"product-type-simple"},"acf":[],"_links":{"self":[{"href":"https:\/\/wpachem.com\/es\/wp-json\/wp\/v2\/product\/3356","targetHints":{"allow":["GET"]}}],"collection":[{"href":"https:\/\/wpachem.com\/es\/wp-json\/wp\/v2\/product"}],"about":[{"href":"https:\/\/wpachem.com\/es\/wp-json\/wp\/v2\/types\/product"}],"version-history":[{"count":0,"href":"https:\/\/wpachem.com\/es\/wp-json\/wp\/v2\/product\/3356\/revisions"}],"wp:featuredmedia":[{"embeddable":true,"href":"https:\/\/wpachem.com\/es\/wp-json\/wp\/v2\/media\/2090"}],"wp:attachment":[{"href":"https:\/\/wpachem.com\/es\/wp-json\/wp\/v2\/media?parent=3356"}],"wp:term":[{"taxonomy":"product_brand","embeddable":true,"href":"https:\/\/wpachem.com\/es\/wp-json\/wp\/v2\/product_brand?post=3356"},{"taxonomy":"product_cat","embeddable":true,"href":"https:\/\/wpachem.com\/es\/wp-json\/wp\/v2\/product_cat?post=3356"},{"taxonomy":"product_tag","embeddable":true,"href":"https:\/\/wpachem.com\/es\/wp-json\/wp\/v2\/product_tag?post=3356"}],"curies":[{"name":"wp","href":"https:\/\/api.w.org\/{rel}","templated":true}]}}