{"id":3359,"date":"2022-12-16T08:15:19","date_gmt":"2022-12-16T08:15:19","guid":{"rendered":"http:\/\/site2.easyceotech.com\/?post_type=product&#038;p=3359"},"modified":"2024-03-12T07:57:13","modified_gmt":"2024-03-12T07:57:13","slug":"ethylhexyl-palmitate-2-ehp","status":"publish","type":"product","link":"https:\/\/wpachem.com\/es\/producto\/ethylhexyl-palmitate-2-ehp\/","title":{"rendered":"Palmitato de etilhexilo (2-EHP)"},"content":{"rendered":"<p><strong>1 \u3001 Introducci\u00f3n del producto<\/strong><\/p>\n<p><span data-spm-anchor-id=\"a2700.details.0.i8.47975a38f5yPTQ\"> 1.1. Nombre qu\u00edmico: palmitato de etil hexilo <\/span><\/p>\n<p><span data-spm-anchor-id=\"a2700.details.0.i8.47975a38f5yPTQ\">1.2. Nombre Inci: palmitato de etilhexilo <\/span><\/p>\n<p><span data-spm-anchor-id=\"a2700.details.0.i8.47975a38f5yPTQ\">1.3. Nombre del producto: 2ehp <\/span><\/p>\n<p>&nbsp;<\/p>\n<div><\/div>\n<div><strong>2 \u3001 Caracter\u00edsticas:<\/strong><\/div>\n<div>2.1. El aceite humectante extremadamente ligero y refrescante con buena permeabilidad al aire y buena propiedad de extensi\u00f3n es un aceite seco y respirable;<\/div>\n<div>2.2. Es un excelente suavizante de piel con buena estabilidad qu\u00edmica y estabilidad t\u00e9rmica;<\/div>\n<div>2.3. Tiene buena dispersabilidad a sustancias activas, protectores solares org\u00e1nicos y t\u00f3nicos, especialmente adecuado para el cuidado de la piel y maquillaje de color, como bases de maquillaje, polvos, barras de labios y protectores solares;<\/div>\n<div><\/div>\n<div><strong>3 \u3001 Aplicaci\u00f3n<\/strong><\/div>\n<div>3.1. Este producto tiene las caracter\u00edsticas de lubricaci\u00f3n, estabilidad t\u00e9rmica y no pegajosidad. Es uno de los componentes a\u00f1adidos importantes de los cosm\u00e9ticos de calidad media y alta. Es seco y transpirable, y tiene excelentes efectos de penetraci\u00f3n, hidrataci\u00f3n y suavidad en la piel. Es ampliamente utilizado en cosm\u00e9ticos y productos para el cuidado de la piel. Es un excelente emulsionante y humectante. Su rendimiento es estable y no es f\u00e1cil de oxidar; No es f\u00e1cil de hidrolizar; No es f\u00e1cil enranciarse; Es muy seguro, no t\u00f3xico, no irrita la piel, puede hacer que la piel sea suave, tierna y tersa sin sensaci\u00f3n grasosa y tiene buena permeabilidad. Se utiliza com\u00fanmente en diversas cremas para el cuidado de la piel;<\/div>\n<div>3.2 cosm\u00e9ticos: es un buen disolvente en cosm\u00e9ticos como extensor, una combinaci\u00f3n de cosm\u00e9ticos en polvo y pigmentos en cosm\u00e9ticos. Com\u00fanmente utilizado en cremas de base, protectores solares, sombras de ojos, l\u00e1pices labiales, negros para ojos y otras f\u00f3rmulas;<\/div>\n<div>3.3. Productos de lavado: se puede utilizar como suavizante en gel de ducha, loci\u00f3n capilar o tinte para el cabello;<\/div>\n<div>3.4. Otros \u00e1mbitos de aplicaci\u00f3n: productos de belleza, productos de afeitado, antitranspirantes y desodorantes, productos de protecci\u00f3n solar y maquillajes de color;<\/div>\n<div><\/div>\n<div><strong>4 \u3001 Dosis recomendada:<\/strong>\u00a0 La dosis de 1-20% se puede agregar seg\u00fan los diferentes requisitos del producto.<\/div>\n<div><\/div>\n<div><strong>5 \u3001 Especificaciones del embalaje:<\/strong> Peso neto: \u2460 175 KG\/barril; \u2461 180 kg\/barril; \u2462 850 kg\/barril;<\/div>\n<p>&nbsp;<\/p>","protected":false},"excerpt":{"rendered":"<p>Nombre del producto: Palmitato de etilhexilo (2-EHP)<\/p>\n<p>N\u00famero CAS: 29806-73-3<\/p>\n<p>Frecuencia intermedia: C24H48O2<\/p>\n<p>Aspecto: L\u00edquido aceitoso transparente de incoloro a amarillo claro<\/p>","protected":false},"featured_media":3321,"template":"","meta":{"_acf_changed":false,"_gspb_post_css":""},"product_brand":[],"product_cat":[63],"product_tag":[],"class_list":{"0":"post-3359","1":"product","2":"type-product","3":"status-publish","4":"has-post-thumbnail","6":"product_cat-industrial-chemicals","8":"first","9":"instock","10":"shipping-taxable","11":"product-type-simple"},"acf":[],"_links":{"self":[{"href":"https:\/\/wpachem.com\/es\/wp-json\/wp\/v2\/product\/3359","targetHints":{"allow":["GET"]}}],"collection":[{"href":"https:\/\/wpachem.com\/es\/wp-json\/wp\/v2\/product"}],"about":[{"href":"https:\/\/wpachem.com\/es\/wp-json\/wp\/v2\/types\/product"}],"version-history":[{"count":0,"href":"https:\/\/wpachem.com\/es\/wp-json\/wp\/v2\/product\/3359\/revisions"}],"wp:featuredmedia":[{"embeddable":true,"href":"https:\/\/wpachem.com\/es\/wp-json\/wp\/v2\/media\/3321"}],"wp:attachment":[{"href":"https:\/\/wpachem.com\/es\/wp-json\/wp\/v2\/media?parent=3359"}],"wp:term":[{"taxonomy":"product_brand","embeddable":true,"href":"https:\/\/wpachem.com\/es\/wp-json\/wp\/v2\/product_brand?post=3359"},{"taxonomy":"product_cat","embeddable":true,"href":"https:\/\/wpachem.com\/es\/wp-json\/wp\/v2\/product_cat?post=3359"},{"taxonomy":"product_tag","embeddable":true,"href":"https:\/\/wpachem.com\/es\/wp-json\/wp\/v2\/product_tag?post=3359"}],"curies":[{"name":"wp","href":"https:\/\/api.w.org\/{rel}","templated":true}]}}