{"id":3362,"date":"2022-12-16T08:40:53","date_gmt":"2022-12-16T08:40:53","guid":{"rendered":"http:\/\/site2.easyceotech.com\/?post_type=product&#038;p=3362"},"modified":"2024-03-12T07:57:10","modified_gmt":"2024-03-12T07:57:10","slug":"trihydroxymethylpropyl-trioleate","status":"publish","type":"product","link":"https:\/\/wpachem.com\/es\/producto\/trihydroxymethylpropyl-trioleate\/","title":{"rendered":"Trioleato de trihidroximetilpropilo"},"content":{"rendered":"<p><strong>Descripci\u00f3n del Producto:<\/strong><\/p>\n<p>El trioleato de trihidroximetilpropilo tiene excelentes propiedades lubricantes, alto \u00edndice de viscosidad, buena resistencia al fuego, buena estabilidad hidrol\u00edtica, alto punto de inflamaci\u00f3n, baja volatilidad y baja temperatura, es el aceite base ideal para aceite anticombustible tipo \u00e9ster sint\u00e9tico n\u00famero 46; Se puede utilizar para asignar para la protecci\u00f3n ambiental del aceite hidr\u00e1ulico, motosierra, aceite y yate de agua con aceite de motor; Como agente oleoso en el sistema de laminaci\u00f3n en fr\u00edo de acero l\u00edquido, aceite de trefilado de tuber\u00edas de acero y otros ampliamente utilizados en el l\u00edquido de procesamiento de metales; Tambi\u00e9n se puede utilizar como intermedio de auxiliares textiles y de cuero y agente textil.<\/p>\n<p><strong>\u00cdndice de rendimiento:<\/strong><\/p>\n<p>&nbsp;<\/p>\n<table border=\"1\">\n<tbody>\n<tr>\n<td valign=\"center\" width=\"218\">\n<p align=\"center\"><strong>PAG<\/strong><strong>proyecto<\/strong><\/p>\n<\/td>\n<td valign=\"center\" width=\"250\">\n<p align=\"center\"><strong>I<\/strong><strong>\u00edndice<\/strong><\/p>\n<\/td>\n<\/tr>\n<tr>\n<td valign=\"center\" width=\"218\">\n<p align=\"center\">Apariencia<\/p>\n<\/td>\n<td valign=\"center\" width=\"250\">\n<p align=\"center\">L\u00edquido transparente de color amarillo claro.<\/p>\n<\/td>\n<\/tr>\n<tr>\n<td valign=\"center\" width=\"218\">\n<p align=\"center\">\u00a0Viscosidad (mm2\/s) 40\u2103<\/p>\n<\/td>\n<td valign=\"center\" width=\"250\">\n<p align=\"center\">41~51<\/p>\n<\/td>\n<\/tr>\n<tr>\n<td valign=\"center\" width=\"218\">\n<p align=\"center\">\u00cdndice de viscosidad \u2265<\/p>\n<\/td>\n<td valign=\"center\" width=\"250\">\n<p align=\"center\">\u00a0185<\/p>\n<\/td>\n<\/tr>\n<tr>\n<td valign=\"center\" width=\"218\">\n<p align=\"center\">\u00a0\u00a0Valor \u00e1cido (mgKOH\/g) \u2264<\/p>\n<\/td>\n<td valign=\"center\" width=\"250\">\n<p align=\"center\">\u00a01<\/p>\n<\/td>\n<\/tr>\n<tr>\n<td valign=\"center\" width=\"218\">\n<p align=\"center\">Punto de inflamaci\u00f3n (abierto, \u2103) \u2265<\/p>\n<\/td>\n<td valign=\"center\" width=\"250\">\n<p align=\"center\">\u00a0300<\/p>\n<\/td>\n<\/tr>\n<tr>\n<td valign=\"center\" width=\"218\">\n<p align=\"center\">Punto de fluidez (\u2103) \u2264<\/p>\n<\/td>\n<td valign=\"center\" width=\"250\">\n<p align=\"center\">\u00a0-27<\/p>\n<\/td>\n<\/tr>\n<tr>\n<td valign=\"center\" width=\"218\">\n<p align=\"center\">Valor de hidroxilo (mgKOH\/g) \u2264<\/p>\n<\/td>\n<td valign=\"center\" width=\"250\">\n<p align=\"center\">\u00a015<\/p>\n<\/td>\n<\/tr>\n<tr>\n<td valign=\"center\" width=\"218\">\n<p align=\"center\">\u00a0Valor de saponificaci\u00f3n (mgKOH\/g)<\/p>\n<\/td>\n<td valign=\"center\" width=\"250\">\n<p align=\"center\">\u00a0175\uff5e195<\/p>\n<\/td>\n<\/tr>\n<\/tbody>\n<\/table>\n<p>&nbsp;<\/p>\n<p>Nota: algunos \u00edndices se pueden ajustar seg\u00fan las necesidades del cliente.<\/p>\n<p>Embalaje: Contenedor intermedio a granel de 1000 L (aproximadamente 950 kg) o tambor de hierro con revestimiento de pl\u00e1stico de 200 L.<\/p>","protected":false},"excerpt":{"rendered":"<p>Nombre del producto: Trioleato de trihidroximetilpropilo<\/p>\n<p>N.\u00ba CAS: 11138-60-6<\/p>\n<p>N\u00famero de modelo: C24H50O7<\/p>\n<p>Aspecto: L\u00edquido transparente de color amarillo claro.<\/p>","protected":false},"featured_media":3322,"template":"","meta":{"_acf_changed":false,"_gspb_post_css":""},"product_brand":[],"product_cat":[63],"product_tag":[],"class_list":{"0":"post-3362","1":"product","2":"type-product","3":"status-publish","4":"has-post-thumbnail","6":"product_cat-industrial-chemicals","8":"first","9":"instock","10":"shipping-taxable","11":"product-type-simple"},"acf":[],"_links":{"self":[{"href":"https:\/\/wpachem.com\/es\/wp-json\/wp\/v2\/product\/3362","targetHints":{"allow":["GET"]}}],"collection":[{"href":"https:\/\/wpachem.com\/es\/wp-json\/wp\/v2\/product"}],"about":[{"href":"https:\/\/wpachem.com\/es\/wp-json\/wp\/v2\/types\/product"}],"version-history":[{"count":0,"href":"https:\/\/wpachem.com\/es\/wp-json\/wp\/v2\/product\/3362\/revisions"}],"wp:featuredmedia":[{"embeddable":true,"href":"https:\/\/wpachem.com\/es\/wp-json\/wp\/v2\/media\/3322"}],"wp:attachment":[{"href":"https:\/\/wpachem.com\/es\/wp-json\/wp\/v2\/media?parent=3362"}],"wp:term":[{"taxonomy":"product_brand","embeddable":true,"href":"https:\/\/wpachem.com\/es\/wp-json\/wp\/v2\/product_brand?post=3362"},{"taxonomy":"product_cat","embeddable":true,"href":"https:\/\/wpachem.com\/es\/wp-json\/wp\/v2\/product_cat?post=3362"},{"taxonomy":"product_tag","embeddable":true,"href":"https:\/\/wpachem.com\/es\/wp-json\/wp\/v2\/product_tag?post=3362"}],"curies":[{"name":"wp","href":"https:\/\/api.w.org\/{rel}","templated":true}]}}