{"id":3370,"date":"2023-03-20T05:42:58","date_gmt":"2023-03-20T05:42:58","guid":{"rendered":"http:\/\/site2.easyceotech.com\/?post_type=product&#038;p=3370"},"modified":"2024-03-12T07:56:59","modified_gmt":"2024-03-12T07:56:59","slug":"xanthan-gum-2","status":"publish","type":"product","link":"https:\/\/wpachem.com\/es\/producto\/xanthan-gum-2\/","title":{"rendered":"Acido sorbico"},"content":{"rendered":"<div id=\"ali-title-AliPostDhMb-abeyx\"><span data-spm-anchor-id=\"a2700.details.0.i7.72817cb5lDT0nO\">Descripci\u00f3n del Producto<\/span><\/div>\n<div>\n<div class=\"J_module\">\n<div id=\"ali-anchor-AliMagic-2v29hx\" class=\"magic-0\" data-section=\"AliMagic-2v29hx\" data-section-title=\"Products Description\"><\/div>\n<\/div>\n<div class=\"J_module\">\n<div class=\"detail-decorate-json-renderer-container\">\n<div class=\"magic-1\">\n<div class=\"magic-2\">\n<div class=\"magic-3\">\n<div class=\"magic-4\" data-spm-anchor-id=\"a2700.details.0.i8.47bc63d6VHx8fx\">El sorbato de potasio se puede utilizar como conservante. El sorbato de potasio puede inhibir la actividad de hongos, levaduras y bacterias aer\u00f3bicas, y prevenir el crecimiento y la reproducci\u00f3n de botulinum, staphylococcus, salmonella y otros microorganismos da\u00f1inos. Adem\u00e1s, no tiene efecto sobre microorganismos beneficiosos, como bacilos anaer\u00f3bicos y lactobacilos acid\u00f3filos. Al tener un efecto inhibidor m\u00e1s fuerte que el efecto de esterilizaci\u00f3n, puede prolongar eficazmente el tiempo de conservaci\u00f3n de los alimentos sin cambiar el sabor original.<\/div>\n<\/div>\n<\/div>\n<\/div>\n<\/div>\n<\/div>\n<\/div>\n<p>&nbsp;<\/p>\n<p>Solicitud<\/p>\n<p>1. Se utiliza principalmente para inhibir el crecimiento de microbios en los alimentos.<br \/>\n2. En la vida diaria, se puede utilizar para prevenir el moho en la soja, el vino, el vinagre comestible y las verduras saladas. Con solo agregarles un 0,1 por ciento, encontrar\u00e1 que su sabor es mejor.<br \/>\n3. Agregar sorbato de potasio a la crema artificial y al aceite de ensalada puede evitar la acidez y las burbujas causadas por la fermentaci\u00f3n.<br \/>\n4. La carne a la que se le a\u00f1adi\u00f3 sorbato de potasio se puede conservar m\u00e1s de una semana que antes.<br \/>\n5. Al congelar y almacenar en fr\u00edo los alimentos, especialmente pescados y camarones, remojarlos en la soluci\u00f3n de potasio.<br \/>\n6. Si agregas sorbato de potasio a pasteles, galletas y pan, \u00a1quedar\u00e1n m\u00e1s sabrosos!<\/p>","protected":false},"excerpt":{"rendered":"<p>Nombre del producto:\u00c1cido s\u00f3rbico<\/p>\n<p>N.\u00ba CAS: 110-44-1<\/p>\n<p>Mb:C6H8O2<\/p>\n<p>Aspecto: polvo blanco<\/p>","protected":false},"featured_media":2177,"template":"","meta":{"_acf_changed":false,"_gspb_post_css":""},"product_brand":[],"product_cat":[55,57],"product_tag":[],"class_list":{"0":"post-3370","1":"product","2":"type-product","3":"status-publish","4":"has-post-thumbnail","6":"product_cat-food-additives","7":"product_cat-preservative","9":"first","10":"instock","11":"shipping-taxable","12":"product-type-simple"},"acf":[],"_links":{"self":[{"href":"https:\/\/wpachem.com\/es\/wp-json\/wp\/v2\/product\/3370","targetHints":{"allow":["GET"]}}],"collection":[{"href":"https:\/\/wpachem.com\/es\/wp-json\/wp\/v2\/product"}],"about":[{"href":"https:\/\/wpachem.com\/es\/wp-json\/wp\/v2\/types\/product"}],"version-history":[{"count":0,"href":"https:\/\/wpachem.com\/es\/wp-json\/wp\/v2\/product\/3370\/revisions"}],"wp:featuredmedia":[{"embeddable":true,"href":"https:\/\/wpachem.com\/es\/wp-json\/wp\/v2\/media\/2177"}],"wp:attachment":[{"href":"https:\/\/wpachem.com\/es\/wp-json\/wp\/v2\/media?parent=3370"}],"wp:term":[{"taxonomy":"product_brand","embeddable":true,"href":"https:\/\/wpachem.com\/es\/wp-json\/wp\/v2\/product_brand?post=3370"},{"taxonomy":"product_cat","embeddable":true,"href":"https:\/\/wpachem.com\/es\/wp-json\/wp\/v2\/product_cat?post=3370"},{"taxonomy":"product_tag","embeddable":true,"href":"https:\/\/wpachem.com\/es\/wp-json\/wp\/v2\/product_tag?post=3370"}],"curies":[{"name":"wp","href":"https:\/\/api.w.org\/{rel}","templated":true}]}}