{"id":3374,"date":"2023-03-20T07:08:34","date_gmt":"2023-03-20T07:08:34","guid":{"rendered":"http:\/\/site2.easyceotech.com\/?post_type=product&#038;p=3374"},"modified":"2024-03-12T07:56:55","modified_gmt":"2024-03-12T07:56:55","slug":"potassium-sorbate","status":"publish","type":"product","link":"https:\/\/wpachem.com\/es\/producto\/potassium-sorbate\/","title":{"rendered":"Goma Welan"},"content":{"rendered":"<div class=\"J_module\">\n<div id=\"ali-anchor-AliMagic-2v29hx\" class=\"magic-0\" data-section=\"AliMagic-2v29hx\" data-section-title=\"Products Description\">\n<div class=\"J_module\">\n<div class=\"icbu-pc-images magic-0\">\n<div class=\"flex-layout-h\">\n<div class=\"text-wrapper magic-9\">\n<div class=\"text-wrapper-right text-theme-light text-align-left\">\n<div><strong>Descripci\u00f3n<\/strong><\/div>\n<div class=\"text-title\">La goma Welan es un nuevo tipo de polisac\u00e1rido microbiano despu\u00e9s de la goma xantana, la goma gellan y la goma de rueda caliente. Es un biopol\u00edmero soluble en agua producido por fermentaci\u00f3n microbiana. Tiene un excelente espesamiento, pseudoplasticidad, resistencia a altas temperaturas, tiene excelentes caracter\u00edsticas como alta resistencia a la sal y una amplia gama de adaptabilidad al pH. Puede ser ampliamente utilizado en petr\u00f3leo, materiales de construcci\u00f3n y otras industrias con amplias perspectivas de aplicaci\u00f3n.<\/div>\n<div><\/div>\n<\/div>\n<\/div>\n<div><strong data-spm-anchor-id=\"a2700.details.0.i11.1c6e5ff8Zm29vm\">Solicitud<\/strong><\/div>\n<\/div>\n<div>\n<p>La goma Welan es un polvo s\u00f3lido y tiene buena resistencia a la temperatura. Su soluci\u00f3n acuosa tiene buena viscosidad y propiedades reol\u00f3gicas, y puede soportar altas concentraciones de iones de calcio. Se puede utilizar como aditivo para cemento en la industria del cemento para aumentar la consistencia y la consistencia de la arena mineral. Las propiedades reol\u00f3gicas mejoran la estabilidad del hormig\u00f3n autocompactante y aumentan la presi\u00f3n qu\u00edmica y el sangrado del hormig\u00f3n en suspensi\u00f3n. Se puede utilizar en la industria de perforaci\u00f3n petrolera para proporcionar propiedades espesantes, de suspensi\u00f3n y reol\u00f3gicas al lodo de petr\u00f3leo. Tambi\u00e9n se puede utilizar en la industria qu\u00edmica fina, qu\u00edmica diaria y otras industrias.<\/p>\n<p>Se utiliza en pol\u00edmeros de alto peso molecular, aplicaciones en yacimientos petrol\u00edferos, recubrimientos de fundici\u00f3n, suspensiones de pigmentos, espesantes de cemento u hormig\u00f3n, selladores de neum\u00e1ticos y espesantes de revestimiento.<\/p>\n<\/div>\n<\/div>\n<\/div>\n<\/div>\n<\/div>\n<p>&nbsp;<\/p>","protected":false},"excerpt":{"rendered":"<p>Nombre del producto:<a class=\"blue\"><span style=\"color: #ff0000;\">Goma Welan<\/span><\/a><br \/>\nN.\u00ba CAS: 96949-22-3<br \/>\nMF:<br \/>\nAspecto: polvo blanco<\/p>","protected":false},"featured_media":2177,"template":"","meta":{"_acf_changed":false,"_gspb_post_css":""},"product_brand":[],"product_cat":[55,58],"product_tag":[],"class_list":{"0":"post-3374","1":"product","2":"type-product","3":"status-publish","4":"has-post-thumbnail","6":"product_cat-food-additives","7":"product_cat-thicknerstablizer","9":"first","10":"instock","11":"shipping-taxable","12":"product-type-simple"},"acf":[],"_links":{"self":[{"href":"https:\/\/wpachem.com\/es\/wp-json\/wp\/v2\/product\/3374","targetHints":{"allow":["GET"]}}],"collection":[{"href":"https:\/\/wpachem.com\/es\/wp-json\/wp\/v2\/product"}],"about":[{"href":"https:\/\/wpachem.com\/es\/wp-json\/wp\/v2\/types\/product"}],"version-history":[{"count":0,"href":"https:\/\/wpachem.com\/es\/wp-json\/wp\/v2\/product\/3374\/revisions"}],"wp:featuredmedia":[{"embeddable":true,"href":"https:\/\/wpachem.com\/es\/wp-json\/wp\/v2\/media\/2177"}],"wp:attachment":[{"href":"https:\/\/wpachem.com\/es\/wp-json\/wp\/v2\/media?parent=3374"}],"wp:term":[{"taxonomy":"product_brand","embeddable":true,"href":"https:\/\/wpachem.com\/es\/wp-json\/wp\/v2\/product_brand?post=3374"},{"taxonomy":"product_cat","embeddable":true,"href":"https:\/\/wpachem.com\/es\/wp-json\/wp\/v2\/product_cat?post=3374"},{"taxonomy":"product_tag","embeddable":true,"href":"https:\/\/wpachem.com\/es\/wp-json\/wp\/v2\/product_tag?post=3374"}],"curies":[{"name":"wp","href":"https:\/\/api.w.org\/{rel}","templated":true}]}}