{"id":3385,"date":"2023-03-20T07:30:13","date_gmt":"2023-03-20T07:30:13","guid":{"rendered":"http:\/\/site2.easyceotech.com\/?post_type=product&#038;p=3385"},"modified":"2024-03-12T07:56:42","modified_gmt":"2024-03-12T07:56:42","slug":"arabic-gum","status":"publish","type":"product","link":"https:\/\/wpachem.com\/es\/producto\/arabic-gum\/","title":{"rendered":"Goma Arabe"},"content":{"rendered":"<p><b><span class=\"magic-10\" data-spm-anchor-id=\"a2700.details.0.i8.2e3b53333icLNt\">Funci\u00f3n:<\/span><\/b><\/p>\n<div data-spm-anchor-id=\"a2700.details.0.i9.2e3b53333icLNt\"><span class=\"magic-12\"><span class=\"magic-11\">Polvo de goma ar\u00e1biga que se utiliza principalmente como espesante, estabilizador, emulsionante y agente de recubrimiento. Este producto se usa ampliamente en la producci\u00f3n de bebidas, como la producci\u00f3n de refrescos, saborizantes de concentrado de jugo y aceites esenciales que pueden estabilizarse. Tambi\u00e9n se utiliza en la elaboraci\u00f3n de dulces, como el tradicional chicle duro (licor), caramelos blandos y algod\u00f3n de az\u00facar. Tambi\u00e9n podr\u00eda usarse como estabilizador de espuma.<\/span><br \/>\n<span class=\"magic-10\"><b><br \/>\n<\/b><\/span><\/span><\/div>\n<div><span class=\"magic-12\"><span class=\"magic-10\"><b>Solicitud:<\/b><\/span><br \/>\n<span class=\"magic-11\">1. Sus buenas caracter\u00edsticas de emusificaci\u00f3n, especialmente para sistemas emusificados aceitosos bloqueados por agua. lo que lo hace ampliamente utilizado en sabor emulsi\u00f3n\u00a0<\/span><span class=\"magic-11\">como estabilizador de emulsi\u00f3n.<\/span><br \/>\n<span class=\"magic-11\">2. El agente formador de pel\u00edcula. Ampliamente utilizado para cambiar el aceite esencial y otros materiales l\u00edquidos a polvo para evitar la oxidaci\u00f3n.\u00a0<\/span><span class=\"magic-11\">Tambi\u00e9n se utiliza como portador de esencia.<\/span><br \/>\n<span class=\"magic-11\">3. Estabilizador de espuma en cerveza, agente clarificante en vino.<\/span><br \/>\n<span class=\"magic-11\">4. En los dulces, podr\u00eda reducir la cristalizaci\u00f3n del az\u00facar y emulsionar la grasa para evitar exponer la superficie.<\/span><br \/>\n<span class=\"magic-11\">5. Pulir el chocolate, hacer que el chocolate se derrita f\u00e1cilmente en la boca, nunca en la mano.<\/span><br \/>\n<span class=\"magic-11\">6.La goma ar\u00e1biga tambi\u00e9n se usa ampliamente en la producci\u00f3n de bebidas, como en la producci\u00f3n de refrescos, puede estabilizar sabores y\u00a0<\/span><span class=\"magic-11\">aceites esenciales. Tambi\u00e9n se utiliza en la fabricaci\u00f3n de dulces, como la tradicional goma dura (vino), caramelos y algod\u00f3n de az\u00facar. Tambi\u00e9n se puede utilizar como\u00a0<\/span><span class=\"magic-11\">un estabilizador de espuma. La goma ar\u00e1biga tambi\u00e9n se usa ampliamente en la industria de la impresi\u00f3n.<\/span><\/span><\/div>\n<p>&nbsp;<\/p>","protected":false},"excerpt":{"rendered":"<p>Nombre del producto:Goma ar\u00e1biga<br \/>\nN.\u00ba CAS: 9000-01-5<br \/>\nMF:<br \/>\nApariencia: Poder blanco<\/p>","protected":false},"featured_media":2182,"template":"","meta":{"_acf_changed":false,"_gspb_post_css":""},"product_brand":[],"product_cat":[55,58],"product_tag":[],"class_list":{"0":"post-3385","1":"product","2":"type-product","3":"status-publish","4":"has-post-thumbnail","6":"product_cat-food-additives","7":"product_cat-thicknerstablizer","9":"first","10":"instock","11":"shipping-taxable","12":"product-type-simple"},"acf":[],"_links":{"self":[{"href":"https:\/\/wpachem.com\/es\/wp-json\/wp\/v2\/product\/3385","targetHints":{"allow":["GET"]}}],"collection":[{"href":"https:\/\/wpachem.com\/es\/wp-json\/wp\/v2\/product"}],"about":[{"href":"https:\/\/wpachem.com\/es\/wp-json\/wp\/v2\/types\/product"}],"version-history":[{"count":0,"href":"https:\/\/wpachem.com\/es\/wp-json\/wp\/v2\/product\/3385\/revisions"}],"wp:featuredmedia":[{"embeddable":true,"href":"https:\/\/wpachem.com\/es\/wp-json\/wp\/v2\/media\/2182"}],"wp:attachment":[{"href":"https:\/\/wpachem.com\/es\/wp-json\/wp\/v2\/media?parent=3385"}],"wp:term":[{"taxonomy":"product_brand","embeddable":true,"href":"https:\/\/wpachem.com\/es\/wp-json\/wp\/v2\/product_brand?post=3385"},{"taxonomy":"product_cat","embeddable":true,"href":"https:\/\/wpachem.com\/es\/wp-json\/wp\/v2\/product_cat?post=3385"},{"taxonomy":"product_tag","embeddable":true,"href":"https:\/\/wpachem.com\/es\/wp-json\/wp\/v2\/product_tag?post=3385"}],"curies":[{"name":"wp","href":"https:\/\/api.w.org\/{rel}","templated":true}]}}