{"id":3391,"date":"2023-03-20T07:38:14","date_gmt":"2023-03-20T07:38:14","guid":{"rendered":"http:\/\/site2.easyceotech.com\/?post_type=product&#038;p=3391"},"modified":"2024-03-12T07:55:30","modified_gmt":"2024-03-12T07:55:30","slug":"pectin","status":"publish","type":"product","link":"https:\/\/wpachem.com\/es\/producto\/pectin\/","title":{"rendered":"Pectina"},"content":{"rendered":"<p>El producto acelera significativamente la excreci\u00f3n de toxinas, toxinas y radion\u00faclidos del cuerpo, reduce el efecto de metales pesados y compuestos t\u00f3xicos, ayuda a reducir los s\u00edntomas de intoxicaci\u00f3n por alcohol, reduce los niveles de colesterol, ayuda a activar el metabolismo y los procesos de quema de grasas, normaliza la sangre. niveles de az\u00facar y se recomienda para restaurar la microflora intestinal.<\/p>\n<p>&nbsp;<\/p>\n<h3 class=\"magic-17\" data-spm-anchor-id=\"a2700.details.0.i10.6ef527a5Z01KF2\"><span class=\"magic-18\">Solicitud<\/span><\/h3>\n<div class=\"magic-6\">\n<div class=\"magic-7\">\n<div class=\"magic-8\"><span class=\"magic-9\">La pectina se usa ampliamente en el procesamiento de alimentos y bebidas, como mermeladas, jaleas, yogures de frutas, dulces blandos, helados, leche agria o yogures de frutas y leche de soja. Funciona como gelantinizante, agente de suspensi\u00f3n, estabilizador y agente espesante. Una peque\u00f1a cantidad de pectina puede mejorar mucho la calidad y el aspecto del alimento. Ayuda a dar a los alimentos un sabor a fruta natural, moderado, agrio y dulce, y un encantador y delicado sabor arom\u00e1tico. <\/span><\/div>\n<\/div>\n<\/div>\n<p>&nbsp;<\/p>","protected":false},"excerpt":{"rendered":"<p>Nombre del producto: Pectina<br \/>\nN.\u00ba CAS: 9000-69-5<br \/>\nFrecuencia intermedia: C6H12O6<br \/>\nAspecto: polvo blanco<\/p>","protected":false},"featured_media":2174,"template":"","meta":{"_acf_changed":false,"_gspb_post_css":""},"product_brand":[],"product_cat":[55,58],"product_tag":[],"class_list":{"0":"post-3391","1":"product","2":"type-product","3":"status-publish","4":"has-post-thumbnail","6":"product_cat-food-additives","7":"product_cat-thicknerstablizer","9":"first","10":"instock","11":"shipping-taxable","12":"product-type-simple"},"acf":[],"_links":{"self":[{"href":"https:\/\/wpachem.com\/es\/wp-json\/wp\/v2\/product\/3391","targetHints":{"allow":["GET"]}}],"collection":[{"href":"https:\/\/wpachem.com\/es\/wp-json\/wp\/v2\/product"}],"about":[{"href":"https:\/\/wpachem.com\/es\/wp-json\/wp\/v2\/types\/product"}],"version-history":[{"count":0,"href":"https:\/\/wpachem.com\/es\/wp-json\/wp\/v2\/product\/3391\/revisions"}],"wp:featuredmedia":[{"embeddable":true,"href":"https:\/\/wpachem.com\/es\/wp-json\/wp\/v2\/media\/2174"}],"wp:attachment":[{"href":"https:\/\/wpachem.com\/es\/wp-json\/wp\/v2\/media?parent=3391"}],"wp:term":[{"taxonomy":"product_brand","embeddable":true,"href":"https:\/\/wpachem.com\/es\/wp-json\/wp\/v2\/product_brand?post=3391"},{"taxonomy":"product_cat","embeddable":true,"href":"https:\/\/wpachem.com\/es\/wp-json\/wp\/v2\/product_cat?post=3391"},{"taxonomy":"product_tag","embeddable":true,"href":"https:\/\/wpachem.com\/es\/wp-json\/wp\/v2\/product_tag?post=3391"}],"curies":[{"name":"wp","href":"https:\/\/api.w.org\/{rel}","templated":true}]}}