{"id":3398,"date":"2023-03-20T07:42:50","date_gmt":"2023-03-20T07:42:50","guid":{"rendered":"http:\/\/site2.easyceotech.com\/?post_type=product&#038;p=3398"},"modified":"2024-03-12T07:55:23","modified_gmt":"2024-03-12T07:55:23","slug":"gellan-gum","status":"publish","type":"product","link":"https:\/\/wpachem.com\/es\/producto\/gellan-gum\/","title":{"rendered":"GOMA GELLAN"},"content":{"rendered":"<p><span class=\"magic-8\" style=\"font-family: Arial;\">La goma gellan es un polisac\u00e1rido extracelular producido por la bacteria gramnegativa Pseudomonas elodea que se separa del nen\u00fafar y es uno de los microbios<\/span><\/p>\n<div data-spm-anchor-id=\"a2700.details.0.i7.28034ae0EgpPOh\"><\/div>\n<div data-spm-anchor-id=\"a2700.details.0.i7.28034ae0EgpPOh\">\n<div class=\"J_module\">\n<div id=\"ali-anchor-AliMagic-pho85v\" class=\"magic-10\" data-section=\"AliMagic-pho85v\" data-section-title=\"Application\" data-spm-anchor-id=\"a2700.details.0.i7.419f6303OxC4pk\">Solicitud<\/div>\n<\/div>\n<div class=\"J_module\">\n<div class=\"detail-decorate-json-renderer-container\">\n<div class=\"magic-0\">\n<div class=\"magic-1\">\n<div class=\"magic-2\">\n<div class=\"magic-3\"><span class=\"magic-11\">1. En uso en cultivo microbiano.<br \/>\n2. En la industria alimentaria, en los productos c\u00e1rnicos, la dosis de adici\u00f3n recomendada es de alrededor de 0,1 ~ 0,51 TP3T, tambi\u00e9n se puede combinar con otros hidrocoloides para disminuir a\u00fan m\u00e1s la dosis de goma gellan.<\/span><\/div>\n<\/div>\n<\/div>\n<\/div>\n<\/div>\n<\/div>\n<\/div>\n<p>&nbsp;<\/p>","protected":false},"excerpt":{"rendered":"<p>Nombre del producto: GOMA GELLAN<br \/>\nN.\u00ba CAS: 71010-52-1<br \/>\nMF:<br \/>\nAspecto:Polvo blanquecino<\/p>","protected":false},"featured_media":2180,"template":"","meta":{"_acf_changed":false,"_gspb_post_css":""},"product_brand":[],"product_cat":[24],"product_tag":[],"class_list":{"0":"post-3398","1":"product","2":"type-product","3":"status-publish","4":"has-post-thumbnail","6":"product_cat-uncategorized","8":"first","9":"instock","10":"shipping-taxable","11":"product-type-simple"},"acf":[],"_links":{"self":[{"href":"https:\/\/wpachem.com\/es\/wp-json\/wp\/v2\/product\/3398","targetHints":{"allow":["GET"]}}],"collection":[{"href":"https:\/\/wpachem.com\/es\/wp-json\/wp\/v2\/product"}],"about":[{"href":"https:\/\/wpachem.com\/es\/wp-json\/wp\/v2\/types\/product"}],"version-history":[{"count":0,"href":"https:\/\/wpachem.com\/es\/wp-json\/wp\/v2\/product\/3398\/revisions"}],"wp:featuredmedia":[{"embeddable":true,"href":"https:\/\/wpachem.com\/es\/wp-json\/wp\/v2\/media\/2180"}],"wp:attachment":[{"href":"https:\/\/wpachem.com\/es\/wp-json\/wp\/v2\/media?parent=3398"}],"wp:term":[{"taxonomy":"product_brand","embeddable":true,"href":"https:\/\/wpachem.com\/es\/wp-json\/wp\/v2\/product_brand?post=3398"},{"taxonomy":"product_cat","embeddable":true,"href":"https:\/\/wpachem.com\/es\/wp-json\/wp\/v2\/product_cat?post=3398"},{"taxonomy":"product_tag","embeddable":true,"href":"https:\/\/wpachem.com\/es\/wp-json\/wp\/v2\/product_tag?post=3398"}],"curies":[{"name":"wp","href":"https:\/\/api.w.org\/{rel}","templated":true}]}}