{"id":3401,"date":"2023-03-20T07:45:43","date_gmt":"2023-03-20T07:45:43","guid":{"rendered":"http:\/\/site2.easyceotech.com\/?post_type=product&#038;p=3401"},"modified":"2024-03-12T07:55:19","modified_gmt":"2024-03-12T07:55:19","slug":"sodium-carboxymethyl-cellulose","status":"publish","type":"product","link":"https:\/\/wpachem.com\/es\/producto\/sodium-carboxymethyl-cellulose\/","title":{"rendered":"Carboximetilcelulosa de sodio"},"content":{"rendered":"<p>&nbsp;<\/p>\n<p><strong>Descripci\u00f3n de carboximetilcelulosa s\u00f3dica LV HV<\/strong><\/p>\n<p data-spm-anchor-id=\"a2700.details.0.i9.5ab932d7NYGZw9\">La carboximetilcelulosa (CMC) o goma de celulosa es un derivado de la celulosa con grupos carboximetilo (-CH2-COOH) unidos a algunos de los grupos hidroxilo de los mon\u00f3meros de glucopiranosa que forman el esqueleto de la celulosa. A menudo se utiliza como su sal s\u00f3dica, la carboximetilcelulosa s\u00f3dica.<\/p>\n<p data-spm-anchor-id=\"a2700.details.0.i9.5ab932d7NYGZw9\"><strong>Solicitud<\/strong><\/p>\n<p data-spm-anchor-id=\"a2700.details.0.i11.5ab932d7NYGZw9\"><span data-spm-anchor-id=\"a2700.details.0.i13.5ab932d7NYGZw9\"><strong><em data-spm-anchor-id=\"a2700.details.0.i12.5ab932d7NYGZw9\">en alimentos<\/em><\/strong>La carboximetilcelulosa CMC de sodio se utiliza en la ciencia de los alimentos como modificador o espesante de la viscosidad y para estabilizar emulsiones en diversos productos, incluido el helado. Como aditivo alimentario, la carboximetilcelulosa s\u00f3dica CMC tiene el n\u00famero E E466.\u00a0<\/span><\/p>\n<p>&nbsp;<\/p>\n<p>&nbsp;<\/p>\n<p>La carboximetilcelulosa s\u00f3dica CMC tambi\u00e9n es un componente de muchos\u00a0<em><strong>sin comida<\/strong><\/em>\u00a0productos, como\u00a0<em><strong>Lubricantes personales, pasta de dientes, laxantes, pastillas para adelgazar, pinturas a base de agua, detergentes, aprestos textiles y diversos productos de papel.<\/strong><\/em>La carboximetilcelulosa s\u00f3dica CMC se utiliza principalmente porque tiene una alta viscosidad, no es t\u00f3xica y generalmente se considera hipoalerg\u00e9nica, ya que la principal fuente de fibra es la pulpa de madera blanda o la fibra de algod\u00f3n.<\/p>\n<p>La carboximetilcelulosa CMC de sodio se utiliza ampliamente en\u00a0<strong>sin gluten<\/strong>\u00a0y\u00a0<strong>grasa reducida<\/strong>\u00a0productos alimenticios.<\/p>\n<p>&nbsp;<\/p>\n<p><em><strong>En detergentes para ropa<\/strong><\/em>, La carboximetilcelulosa de sodio CMC se utiliza como pol\u00edmero de suspensi\u00f3n de suciedad dise\u00f1ado para depositarse sobre algod\u00f3n y otros tejidos celul\u00f3sicos, creando una barrera cargada negativamente contra la suciedad en la soluci\u00f3n de lavado.<\/p>\n<p>&nbsp;<\/p>\n<p>&nbsp;<\/p>\n<p><em><strong>En la extracci\u00f3n de petr\u00f3leo<\/strong><\/em> industria como ingrediente del lodo de perforaci\u00f3n, donde act\u00faa como modificador de la viscosidad y agente de retenci\u00f3n de agua.<\/p>","protected":false},"excerpt":{"rendered":"<p>Nombre del producto: SAL S\u00d3DICA DE CARBOXIMETILCELULOSA<br \/>\nN.\u00ba CAS: 9085-26-1<br \/>\nMb:C8H16NaO8<br \/>\nAspecto: polvo blanco<\/p>","protected":false},"featured_media":2181,"template":"","meta":{"_acf_changed":false,"_gspb_post_css":""},"product_brand":[],"product_cat":[55,58],"product_tag":[],"class_list":{"0":"post-3401","1":"product","2":"type-product","3":"status-publish","4":"has-post-thumbnail","6":"product_cat-food-additives","7":"product_cat-thicknerstablizer","9":"first","10":"instock","11":"shipping-taxable","12":"product-type-simple"},"acf":[],"_links":{"self":[{"href":"https:\/\/wpachem.com\/es\/wp-json\/wp\/v2\/product\/3401","targetHints":{"allow":["GET"]}}],"collection":[{"href":"https:\/\/wpachem.com\/es\/wp-json\/wp\/v2\/product"}],"about":[{"href":"https:\/\/wpachem.com\/es\/wp-json\/wp\/v2\/types\/product"}],"version-history":[{"count":0,"href":"https:\/\/wpachem.com\/es\/wp-json\/wp\/v2\/product\/3401\/revisions"}],"wp:featuredmedia":[{"embeddable":true,"href":"https:\/\/wpachem.com\/es\/wp-json\/wp\/v2\/media\/2181"}],"wp:attachment":[{"href":"https:\/\/wpachem.com\/es\/wp-json\/wp\/v2\/media?parent=3401"}],"wp:term":[{"taxonomy":"product_brand","embeddable":true,"href":"https:\/\/wpachem.com\/es\/wp-json\/wp\/v2\/product_brand?post=3401"},{"taxonomy":"product_cat","embeddable":true,"href":"https:\/\/wpachem.com\/es\/wp-json\/wp\/v2\/product_cat?post=3401"},{"taxonomy":"product_tag","embeddable":true,"href":"https:\/\/wpachem.com\/es\/wp-json\/wp\/v2\/product_tag?post=3401"}],"curies":[{"name":"wp","href":"https:\/\/api.w.org\/{rel}","templated":true}]}}