{"id":3410,"date":"2023-03-20T08:07:27","date_gmt":"2023-03-20T08:07:27","guid":{"rendered":"http:\/\/site2.easyceotech.com\/?post_type=product&#038;p=3410"},"modified":"2024-03-12T07:55:06","modified_gmt":"2024-03-12T07:55:06","slug":"benzoic-acid","status":"publish","type":"product","link":"https:\/\/wpachem.com\/es\/producto\/benzoic-acid\/","title":{"rendered":"\u00c1cido benzoico"},"content":{"rendered":"<p>El \u00e1cido benzoico es una sustancia natural y producida sint\u00e9ticamente; se utiliza en alimentos y cosm\u00e9ticos como conservante.<\/p>\n<p>&nbsp;<\/p>\n<p>Solicitud<\/p>\n<p>El \u00e1cido benzoico es un \u00e1cido rom\u00e1tico monofuncional que se utiliza ampliamente como componente b\u00e1sico para la s\u00edntesis de resinas alqu\u00eddicas. Tambi\u00e9n se utiliza como conservante en muchas aplicaciones industriales, como agente antimicrobiano de l\u00e1tex, pasta de dientes, mermeladas, mordiente para te\u00f1ido e impresi\u00f3n, e intermediarios de tintes para preparar plastificantes, especias y similares, inhibidor de \u00f3xido de equipos de acero, etc.<\/p>","protected":false},"excerpt":{"rendered":"<p>Nombre del producto:<a class=\"blue\"><span style=\"color: #ff0000;\">\u00c1cido benzoico<\/span><\/a><br \/>\nN.\u00ba CAS: 65-85-0<br \/>\nMF:\u00c1cido benzoico<br \/>\nAspecto: polvo blanco<\/p>","protected":false},"featured_media":2159,"template":"","meta":{"_acf_changed":false,"_gspb_post_css":""},"product_brand":[],"product_cat":[55,57],"product_tag":[],"class_list":{"0":"post-3410","1":"product","2":"type-product","3":"status-publish","4":"has-post-thumbnail","6":"product_cat-food-additives","7":"product_cat-preservative","9":"first","10":"instock","11":"shipping-taxable","12":"product-type-simple"},"acf":[],"_links":{"self":[{"href":"https:\/\/wpachem.com\/es\/wp-json\/wp\/v2\/product\/3410","targetHints":{"allow":["GET"]}}],"collection":[{"href":"https:\/\/wpachem.com\/es\/wp-json\/wp\/v2\/product"}],"about":[{"href":"https:\/\/wpachem.com\/es\/wp-json\/wp\/v2\/types\/product"}],"version-history":[{"count":0,"href":"https:\/\/wpachem.com\/es\/wp-json\/wp\/v2\/product\/3410\/revisions"}],"wp:featuredmedia":[{"embeddable":true,"href":"https:\/\/wpachem.com\/es\/wp-json\/wp\/v2\/media\/2159"}],"wp:attachment":[{"href":"https:\/\/wpachem.com\/es\/wp-json\/wp\/v2\/media?parent=3410"}],"wp:term":[{"taxonomy":"product_brand","embeddable":true,"href":"https:\/\/wpachem.com\/es\/wp-json\/wp\/v2\/product_brand?post=3410"},{"taxonomy":"product_cat","embeddable":true,"href":"https:\/\/wpachem.com\/es\/wp-json\/wp\/v2\/product_cat?post=3410"},{"taxonomy":"product_tag","embeddable":true,"href":"https:\/\/wpachem.com\/es\/wp-json\/wp\/v2\/product_tag?post=3410"}],"curies":[{"name":"wp","href":"https:\/\/api.w.org\/{rel}","templated":true}]}}