{"id":3413,"date":"2023-03-20T08:19:45","date_gmt":"2023-03-20T08:19:45","guid":{"rendered":"http:\/\/site2.easyceotech.com\/?post_type=product&#038;p=3413"},"modified":"2024-03-12T07:55:03","modified_gmt":"2024-03-12T07:55:03","slug":"calcium-propionate","status":"publish","type":"product","link":"https:\/\/wpachem.com\/es\/producto\/calcium-propionate\/","title":{"rendered":"Propionato de calcio"},"content":{"rendered":"<div class=\"magic-6\"><b class=\"magic-24\"><span data-spm-anchor-id=\"a2700.details.0.i12.38da3ac3MKB5ot\">Propionato de calcio<\/span> \/ <\/b><b class=\"magic-24\">CAS 4075-81-4<\/b><\/div>\n<div class=\"magic-25\"><\/div>\n<div class=\"magic-25\">El propionato de calcio se utiliza como conservante en una amplia variedad de productos, incluidos, entre otros, el pan, otros productos horneados, la carne procesada, el suero y otros productos l\u00e1cteos. En la agricultura, se utiliza, entre otras cosas, para prevenir la fiebre de la leche en las vacas y, como complemento alimenticio, el propionato impide que los microbios produzcan la energ\u00eda que necesitan, como hacen los benzoatos. Sin embargo, a diferencia de los benzoatos, los propionatos no requieren un entorno \u00e1cido.<\/div>\n<div><\/div>\n<div>Solicitud<\/div>\n<div><\/div>\n<div>Se utiliza como agente antis\u00e9ptico y antif\u00fangico alimentario, en reposter\u00eda, pan, salsa de soja, vinagre, fideos cortados, etc.<\/div>\n<p>&nbsp;<\/p>","protected":false},"excerpt":{"rendered":"<p>Nombre del producto: Propionato de calcio<br \/>\nN.\u00ba CAS: 4075-81-4<br \/>\nMF:C3H8CaO2<br \/>\nApariencia: con potencia<\/p>","protected":false},"featured_media":2631,"template":"","meta":{"_acf_changed":false,"_gspb_post_css":""},"product_brand":[],"product_cat":[55,57],"product_tag":[],"class_list":{"0":"post-3413","1":"product","2":"type-product","3":"status-publish","4":"has-post-thumbnail","6":"product_cat-food-additives","7":"product_cat-preservative","9":"first","10":"instock","11":"shipping-taxable","12":"product-type-simple"},"acf":[],"_links":{"self":[{"href":"https:\/\/wpachem.com\/es\/wp-json\/wp\/v2\/product\/3413","targetHints":{"allow":["GET"]}}],"collection":[{"href":"https:\/\/wpachem.com\/es\/wp-json\/wp\/v2\/product"}],"about":[{"href":"https:\/\/wpachem.com\/es\/wp-json\/wp\/v2\/types\/product"}],"version-history":[{"count":0,"href":"https:\/\/wpachem.com\/es\/wp-json\/wp\/v2\/product\/3413\/revisions"}],"wp:featuredmedia":[{"embeddable":true,"href":"https:\/\/wpachem.com\/es\/wp-json\/wp\/v2\/media\/2631"}],"wp:attachment":[{"href":"https:\/\/wpachem.com\/es\/wp-json\/wp\/v2\/media?parent=3413"}],"wp:term":[{"taxonomy":"product_brand","embeddable":true,"href":"https:\/\/wpachem.com\/es\/wp-json\/wp\/v2\/product_brand?post=3413"},{"taxonomy":"product_cat","embeddable":true,"href":"https:\/\/wpachem.com\/es\/wp-json\/wp\/v2\/product_cat?post=3413"},{"taxonomy":"product_tag","embeddable":true,"href":"https:\/\/wpachem.com\/es\/wp-json\/wp\/v2\/product_tag?post=3413"}],"curies":[{"name":"wp","href":"https:\/\/api.w.org\/{rel}","templated":true}]}}