{"id":3420,"date":"2023-03-20T08:23:34","date_gmt":"2023-03-20T08:23:34","guid":{"rendered":"http:\/\/site2.easyceotech.com\/?post_type=product&#038;p=3420"},"modified":"2024-03-12T07:54:57","modified_gmt":"2024-03-12T07:54:57","slug":"natamycin","status":"publish","type":"product","link":"https:\/\/wpachem.com\/es\/producto\/natamycin\/","title":{"rendered":"natamicina"},"content":{"rendered":"<p><strong>Natamicina E235<\/strong>\u00a0es un nuevo conservante de alimentos natural, amplio y de alta eficacia, y el \u00fanico conservante antif\u00fangico aprobado en el \u00e1mbito internacional. La natamicina no s\u00f3lo inhibe el crecimiento de los hongos, sino que tambi\u00e9n inhibe la producci\u00f3n de su toxina. La natamicina no tiene ning\u00fan efecto sobre las bacterias, por lo que no impide el proceso de maduraci\u00f3n natural del yogur, el queso, los productos frescos, las salchichas, etc. No afectar\u00eda el sabor de los alimentos. Mientras tanto, la natamicina es dif\u00edcil de absorber en el tracto digestivo humano, por lo que es seguro para el ser humano. Hasta ahora, la natamicina ha sido aprobada como conservante de alimentos en m\u00e1s de 40 pa\u00edses y se aplica ampliamente en quesos, alimentos c\u00e1rnicos, pasteles, jugos de frutas, salsas, gelatinas, productos salados y otros alimentos.<\/p>\n<p>&nbsp;<\/p>\n<p><strong>\u00a0Uso y dosificaci\u00f3n\u00a0<\/strong><\/p>\n<table border=\"1\">\n<tbody>\n<tr>\n<td>\u00a0\u00a0<span data-spm-anchor-id=\"a2700.details.0.i9.642c2922LmHRji\">Natamicina-natamicina pura 95%<\/span><\/td>\n<td>\u00a0\u00a0apto para todo tipo de alimentos<\/td>\n<\/tr>\n<tr>\n<td>\u00a0\u00a0Natamicina 50% en Nacl<\/td>\n<td>\u00a0\u00a0Apto para productos c\u00e1rnicos y salados.<\/td>\n<\/tr>\n<tr>\n<td>\u00a0\u00a0Natamicina 50% en glucosa<\/td>\n<td data-spm-anchor-id=\"a2700.details.0.i10.642c2922LmHRji\">\u00a0\u00a0adecuado para bebidas y bebidas<\/td>\n<\/tr>\n<tr>\n<td>\u00a0\u00a0Natamicina 50% en lactosa<\/td>\n<td data-spm-anchor-id=\"a2700.details.0.i11.642c2922LmHRji\">\u00a0\u00a0Apto para productos l\u00e1cteos.<\/td>\n<\/tr>\n<\/tbody>\n<\/table>\n<p>&nbsp;<\/p>","protected":false},"excerpt":{"rendered":"<p>Nombre del producto: natamicina<br \/>\nN\u00famero CAS: 7681-93-8<br \/>\nFrecuencia intermedia: C33H47NO13<br \/>\nApariencia: poder blanco<\/p>","protected":false},"featured_media":2179,"template":"","meta":{"_acf_changed":false,"_gspb_post_css":""},"product_brand":[],"product_cat":[55,57],"product_tag":[],"class_list":{"0":"post-3420","1":"product","2":"type-product","3":"status-publish","4":"has-post-thumbnail","6":"product_cat-food-additives","7":"product_cat-preservative","9":"first","10":"instock","11":"shipping-taxable","12":"product-type-simple"},"acf":[],"_links":{"self":[{"href":"https:\/\/wpachem.com\/es\/wp-json\/wp\/v2\/product\/3420","targetHints":{"allow":["GET"]}}],"collection":[{"href":"https:\/\/wpachem.com\/es\/wp-json\/wp\/v2\/product"}],"about":[{"href":"https:\/\/wpachem.com\/es\/wp-json\/wp\/v2\/types\/product"}],"version-history":[{"count":0,"href":"https:\/\/wpachem.com\/es\/wp-json\/wp\/v2\/product\/3420\/revisions"}],"wp:featuredmedia":[{"embeddable":true,"href":"https:\/\/wpachem.com\/es\/wp-json\/wp\/v2\/media\/2179"}],"wp:attachment":[{"href":"https:\/\/wpachem.com\/es\/wp-json\/wp\/v2\/media?parent=3420"}],"wp:term":[{"taxonomy":"product_brand","embeddable":true,"href":"https:\/\/wpachem.com\/es\/wp-json\/wp\/v2\/product_brand?post=3420"},{"taxonomy":"product_cat","embeddable":true,"href":"https:\/\/wpachem.com\/es\/wp-json\/wp\/v2\/product_cat?post=3420"},{"taxonomy":"product_tag","embeddable":true,"href":"https:\/\/wpachem.com\/es\/wp-json\/wp\/v2\/product_tag?post=3420"}],"curies":[{"name":"wp","href":"https:\/\/api.w.org\/{rel}","templated":true}]}}