{"id":3426,"date":"2023-03-20T08:32:30","date_gmt":"2023-03-20T08:32:30","guid":{"rendered":"http:\/\/site2.easyceotech.com\/?post_type=product&#038;p=3426"},"modified":"2024-03-12T07:53:05","modified_gmt":"2024-03-12T07:53:05","slug":"sodium-acetate-anhydrous","status":"publish","type":"product","link":"https:\/\/wpachem.com\/es\/producto\/sodium-acetate-anhydrous\/","title":{"rendered":"Acetato de sodio anhidro"},"content":{"rendered":"<p>El acetato de sodio generalmente existe en forma de acetato de sodio trihidrato con tres aguas cristalinas. El trihidrato de acetato de sodio es un cristal de grano blanco o transparente incoloro, puede degradarse en el aire y es inflamable. Soluble en agua, ligeramente soluble en etanol, insoluble en \u00e9ter. El agua cristalina se pierde a 123 \u2103. Pero normalmente sabe a \u00e1cido ac\u00e9tico. La hidr\u00f3lisis ocurre en agua.<\/p>\n<p>&nbsp;<\/p>\n<p>Solicitud<\/p>\n<p><span data-spm-anchor-id=\"a2700.details.0.i10.78764250mxI4QG\">Usos industriales<\/span><\/p>\n<p>El acetato de sodio se utiliza en la industria textil para neutralizar las corrientes de desechos de \u00e1cido sulf\u00farico y tambi\u00e9n como fotorresistente cuando se usan tintes de anilina. Tambi\u00e9n es un agente decapante en el curtido al cromo y ayuda a impedir la vulcanizaci\u00f3n del cloropreno en la producci\u00f3n de caucho sint\u00e9tico. En el procesamiento de algod\u00f3n para almohadillas de algod\u00f3n desechables, se utiliza acetato de sodio para eliminar la acumulaci\u00f3n de electricidad est\u00e1tica.<\/p>\n<p>Longevidad concreta<\/p>\n<p>El etanoato de sodio o acetato de sodio se utiliza para mitigar el da\u00f1o causado por el agua al concreto al actuar como un sellador de concreto, al mismo tiempo que es ambientalmente benigno y m\u00e1s econ\u00f3mico que la alternativa ep\u00f3xica com\u00fanmente utilizada para sellar el concreto contra la permeaci\u00f3n del agua.<\/p>\n<p>Industria de alimentos<\/p>\n<p>El acetato de sodio se puede agregar a los alimentos como condimento, a veces en forma de diacetato de sodio, un complejo uno a uno de acetato de sodio y \u00e1cido ac\u00e9tico, dado el n\u00famero E E262. A menudo se utiliza para darle a las patatas fritas un sabor a sal y vinagre.<\/p>\n<p>Soluci\u00f3n tamp\u00f3n<\/p>\n<p>Como base conjugada del \u00e1cido ac\u00e9tico, una soluci\u00f3n de acetato de sodio y \u00e1cido ac\u00e9tico puede actuar como tamp\u00f3n para mantener un nivel de pH relativamente constante. Esto es \u00fatil especialmente en aplicaciones bioqu\u00edmicas donde las reacciones dependen del pH en un rango ligeramente \u00e1cido (pH 4-6).<\/p>","protected":false},"excerpt":{"rendered":"<p>Nombre del producto: acetato de sodio<br \/>\nN\u00famero CAS: 127-09-3<br \/>\nFrecuencia intermedia: C2H3NaO2<br \/>\nApariencia: poder blanco<\/p>","protected":false},"featured_media":2177,"template":"","meta":{"_acf_changed":false,"_gspb_post_css":""},"product_brand":[],"product_cat":[55,57],"product_tag":[],"class_list":{"0":"post-3426","1":"product","2":"type-product","3":"status-publish","4":"has-post-thumbnail","6":"product_cat-food-additives","7":"product_cat-preservative","9":"first","10":"instock","11":"shipping-taxable","12":"product-type-simple"},"acf":[],"_links":{"self":[{"href":"https:\/\/wpachem.com\/es\/wp-json\/wp\/v2\/product\/3426","targetHints":{"allow":["GET"]}}],"collection":[{"href":"https:\/\/wpachem.com\/es\/wp-json\/wp\/v2\/product"}],"about":[{"href":"https:\/\/wpachem.com\/es\/wp-json\/wp\/v2\/types\/product"}],"version-history":[{"count":0,"href":"https:\/\/wpachem.com\/es\/wp-json\/wp\/v2\/product\/3426\/revisions"}],"wp:featuredmedia":[{"embeddable":true,"href":"https:\/\/wpachem.com\/es\/wp-json\/wp\/v2\/media\/2177"}],"wp:attachment":[{"href":"https:\/\/wpachem.com\/es\/wp-json\/wp\/v2\/media?parent=3426"}],"wp:term":[{"taxonomy":"product_brand","embeddable":true,"href":"https:\/\/wpachem.com\/es\/wp-json\/wp\/v2\/product_brand?post=3426"},{"taxonomy":"product_cat","embeddable":true,"href":"https:\/\/wpachem.com\/es\/wp-json\/wp\/v2\/product_cat?post=3426"},{"taxonomy":"product_tag","embeddable":true,"href":"https:\/\/wpachem.com\/es\/wp-json\/wp\/v2\/product_tag?post=3426"}],"curies":[{"name":"wp","href":"https:\/\/api.w.org\/{rel}","templated":true}]}}