{"id":3430,"date":"2023-03-20T08:34:31","date_gmt":"2023-03-20T08:34:31","guid":{"rendered":"http:\/\/site2.easyceotech.com\/?post_type=product&#038;p=3430"},"modified":"2024-03-12T07:52:59","modified_gmt":"2024-03-12T07:52:59","slug":"calcium-acetate-monohydrate","status":"publish","type":"product","link":"https:\/\/wpachem.com\/es\/producto\/calcium-acetate-monohydrate\/","title":{"rendered":"Monohidrato de acetato de calcio"},"content":{"rendered":"<p>El acetato de calcio es un polvo o gr\u00e1nulo blanco que es un inhibidor eficaz del crecimiento de ciertas bacterias.<\/p>\n<p>&nbsp;<\/p>\n<p>Solicitud<\/p>\n<p>[1] Se usa ampliamente en el pan para prevenir la formaci\u00f3n de cuerdas, lo que extiende la vida \u00fatil del producto. El alto contenido de humedad del pan estimula el crecimiento de bacterias que causan la cuerda. Estas bacterias son resistentes al calor y sobreviven a las temperaturas alcanzadas durante el proceso de soporte. Esto significa que en condiciones propicias para el desarrollo de la cuerda, se deben tomar medidas adecuadas para evitar la formaci\u00f3n de la cuerda.<br \/>\n[2] El acetato de calcio es un agente anti-cuerda eficaz y no afecta el proceso de fermentaci\u00f3n ni el sabor del pan. Se recomiendan niveles de concentraci\u00f3n de 0,2-0,51 TP3T seg\u00fan la cantidad de harina.<br \/>\n[3]El acetato de calcio tambi\u00e9n encuentra su aplicaci\u00f3n en la producci\u00f3n de resonancias para tintas de impresi\u00f3n.<br \/>\n[4] El acetato de calcio se puede utilizar para aumentar la producci\u00f3n de grasa l\u00e1ctea de las vacas lecheras.<br \/>\n[5]se utiliza en la fabricaci\u00f3n de jab\u00f3n de calcio, en la producci\u00f3n de grasa lubricante para altas temperaturas y como catalizador para la producci\u00f3n de poli\u00e9ster.<\/p>","protected":false},"excerpt":{"rendered":"<p>Nombre del producto: monohidrato de acetato de calcio<\/p>\n<p>N\u00famero CAS: 5743-26-0<br \/>\nFrecuencia intermedia: C4H8CaO5<br \/>\nApariencia: poder blanco<\/p>","protected":false},"featured_media":2179,"template":"","meta":{"_acf_changed":false,"_gspb_post_css":""},"product_brand":[],"product_cat":[55,57],"product_tag":[],"class_list":{"0":"post-3430","1":"product","2":"type-product","3":"status-publish","4":"has-post-thumbnail","6":"product_cat-food-additives","7":"product_cat-preservative","9":"first","10":"instock","11":"shipping-taxable","12":"product-type-simple"},"acf":[],"_links":{"self":[{"href":"https:\/\/wpachem.com\/es\/wp-json\/wp\/v2\/product\/3430","targetHints":{"allow":["GET"]}}],"collection":[{"href":"https:\/\/wpachem.com\/es\/wp-json\/wp\/v2\/product"}],"about":[{"href":"https:\/\/wpachem.com\/es\/wp-json\/wp\/v2\/types\/product"}],"version-history":[{"count":0,"href":"https:\/\/wpachem.com\/es\/wp-json\/wp\/v2\/product\/3430\/revisions"}],"wp:featuredmedia":[{"embeddable":true,"href":"https:\/\/wpachem.com\/es\/wp-json\/wp\/v2\/media\/2179"}],"wp:attachment":[{"href":"https:\/\/wpachem.com\/es\/wp-json\/wp\/v2\/media?parent=3430"}],"wp:term":[{"taxonomy":"product_brand","embeddable":true,"href":"https:\/\/wpachem.com\/es\/wp-json\/wp\/v2\/product_brand?post=3430"},{"taxonomy":"product_cat","embeddable":true,"href":"https:\/\/wpachem.com\/es\/wp-json\/wp\/v2\/product_cat?post=3430"},{"taxonomy":"product_tag","embeddable":true,"href":"https:\/\/wpachem.com\/es\/wp-json\/wp\/v2\/product_tag?post=3430"}],"curies":[{"name":"wp","href":"https:\/\/api.w.org\/{rel}","templated":true}]}}