{"id":3433,"date":"2023-03-20T09:34:51","date_gmt":"2023-03-20T09:34:51","guid":{"rendered":"http:\/\/site2.easyceotech.com\/?post_type=product&#038;p=3433"},"modified":"2024-03-12T07:52:56","modified_gmt":"2024-03-12T07:52:56","slug":"sodium-diacetate","status":"publish","type":"product","link":"https:\/\/wpachem.com\/es\/producto\/sodium-diacetate\/","title":{"rendered":"diacetato de sodio"},"content":{"rendered":"<h3 class=\"magic-2\"><span class=\"magic-3\">diacetato de sodio<\/span><\/h3>\n<div class=\"magic-4\">\n<div class=\"magic-5\">\n<div class=\"magic-6\" data-spm-anchor-id=\"a2700.details.0.i7.60431225pTHdI0\"><span class=\"magic-7\">El diacetato de sodio es un nuevo tipo de aditivo alimentario para alimentos y bebidas, que se utiliza ampliamente en aditivos alimentarios como alimentos horneados,<br \/>\ndulces, grasas, productos c\u00e1rnicos, aceite, salsa de soja, condimentos, pasteles, comida r\u00e1pida, sopas y polvos, etc; Piensos de cereales y piensos verdes.<br \/>\naditivos; El diacetato de sodio, f\u00f3rmula qu\u00edmica C4H7NaO4, tambi\u00e9n conocido como acetato de sodio, es un nuevo tipo de conservante alimentario con<br \/>\npropiedades estables y bajo precio<\/span><\/div>\n<\/div>\n<\/div>\n<p>&nbsp;<\/p>","protected":false},"excerpt":{"rendered":"<p>Nombre del producto: diacetato de sodio<br \/>\nN.\u00ba CAS: 126-96-5<br \/>\nMF:C2H5NaO2<br \/>\nApariencia: poder blanco<\/p>","protected":false},"featured_media":2160,"template":"","meta":{"_acf_changed":false,"_gspb_post_css":""},"product_brand":[],"product_cat":[55,57],"product_tag":[],"class_list":{"0":"post-3433","1":"product","2":"type-product","3":"status-publish","4":"has-post-thumbnail","6":"product_cat-food-additives","7":"product_cat-preservative","9":"first","10":"instock","11":"shipping-taxable","12":"product-type-simple"},"acf":[],"_links":{"self":[{"href":"https:\/\/wpachem.com\/es\/wp-json\/wp\/v2\/product\/3433","targetHints":{"allow":["GET"]}}],"collection":[{"href":"https:\/\/wpachem.com\/es\/wp-json\/wp\/v2\/product"}],"about":[{"href":"https:\/\/wpachem.com\/es\/wp-json\/wp\/v2\/types\/product"}],"version-history":[{"count":0,"href":"https:\/\/wpachem.com\/es\/wp-json\/wp\/v2\/product\/3433\/revisions"}],"wp:featuredmedia":[{"embeddable":true,"href":"https:\/\/wpachem.com\/es\/wp-json\/wp\/v2\/media\/2160"}],"wp:attachment":[{"href":"https:\/\/wpachem.com\/es\/wp-json\/wp\/v2\/media?parent=3433"}],"wp:term":[{"taxonomy":"product_brand","embeddable":true,"href":"https:\/\/wpachem.com\/es\/wp-json\/wp\/v2\/product_brand?post=3433"},{"taxonomy":"product_cat","embeddable":true,"href":"https:\/\/wpachem.com\/es\/wp-json\/wp\/v2\/product_cat?post=3433"},{"taxonomy":"product_tag","embeddable":true,"href":"https:\/\/wpachem.com\/es\/wp-json\/wp\/v2\/product_tag?post=3433"}],"curies":[{"name":"wp","href":"https:\/\/api.w.org\/{rel}","templated":true}]}}