{"id":3436,"date":"2023-03-21T03:45:56","date_gmt":"2023-03-21T03:45:56","guid":{"rendered":"http:\/\/site2.easyceotech.com\/?post_type=product&#038;p=3436"},"modified":"2024-03-12T07:52:52","modified_gmt":"2024-03-12T07:52:52","slug":"aspartame","status":"publish","type":"product","link":"https:\/\/wpachem.com\/es\/producto\/aspartame\/","title":{"rendered":"aspartamo"},"content":{"rendered":"<p>El aspartamo es un polvo blanco cristalino, inodoro, ligeramente soluble en agua y es 200 veces m\u00e1s dulce que el az\u00facar en t\u00e9rminos de dulzor. El aspartamo de Insen Biotech no deja un regusto amargo. Se percibe al poco tiempo y tambi\u00e9n dura poco. El edulcorante de aspartamo de Insen Biotech tiene un sabor fresco y muy similar a la sacarosa. No es estable a la luz ni al calor.<\/p>\n<p>El aspartamo se disolver\u00e1 y perder\u00e1 dulzura despu\u00e9s de un calentamiento prolongado y tambi\u00e9n es estable a baja temperatura y con un valor de pH de 3 a 5, y es adecuado para bebidas frescas y alimentos sin calentar.<\/p>\n<p>&nbsp;<\/p>\n<p>(1) El aspartamo es un oligosac\u00e1rido funcional natural, no produce caries, es puramente dulce, tiene baja absorci\u00f3n de humedad y no produce fen\u00f3menos pegajosos.<\/p>\n<p>(2) El aspartamo tiene un sabor dulce puro y es muy similar a la sacarosa, tiene un dulce refrescante, no deja regusto amargo ni sabor met\u00e1lico.<\/p>\n<p>(3) El aspartamo se puede utilizar en pasteles, galletas, pan, preparaci\u00f3n de vino, helados, paletas, bebidas, dulces, etc. No puede provocar un aumento significativo del az\u00facar en sangre en los diab\u00e9ticos.<\/p>\n<p>(4) El aspartamo y otros edulcorantes o una mezcla de sacarosa tienen un efecto sin\u00e9rgico, como el 2% a 3% del aspartamo, que puede enmascarar significativamente el mal sabor de la sacarina.<\/p>","protected":false},"excerpt":{"rendered":"<p>Nombre del producto:Aspartamo<br \/>\nN.\u00ba CAS: 22839-47-0<br \/>\nN\u00famero de modelo: C14H18N2O5<br \/>\nApariencia: poder blanco<\/p>","protected":false},"featured_media":2151,"template":"","meta":{"_acf_changed":false,"_gspb_post_css":""},"product_brand":[],"product_cat":[55,56],"product_tag":[],"class_list":{"0":"post-3436","1":"product","2":"type-product","3":"status-publish","4":"has-post-thumbnail","6":"product_cat-food-additives","7":"product_cat-sweetener","9":"first","10":"instock","11":"shipping-taxable","12":"product-type-simple"},"acf":[],"_links":{"self":[{"href":"https:\/\/wpachem.com\/es\/wp-json\/wp\/v2\/product\/3436","targetHints":{"allow":["GET"]}}],"collection":[{"href":"https:\/\/wpachem.com\/es\/wp-json\/wp\/v2\/product"}],"about":[{"href":"https:\/\/wpachem.com\/es\/wp-json\/wp\/v2\/types\/product"}],"version-history":[{"count":0,"href":"https:\/\/wpachem.com\/es\/wp-json\/wp\/v2\/product\/3436\/revisions"}],"wp:featuredmedia":[{"embeddable":true,"href":"https:\/\/wpachem.com\/es\/wp-json\/wp\/v2\/media\/2151"}],"wp:attachment":[{"href":"https:\/\/wpachem.com\/es\/wp-json\/wp\/v2\/media?parent=3436"}],"wp:term":[{"taxonomy":"product_brand","embeddable":true,"href":"https:\/\/wpachem.com\/es\/wp-json\/wp\/v2\/product_brand?post=3436"},{"taxonomy":"product_cat","embeddable":true,"href":"https:\/\/wpachem.com\/es\/wp-json\/wp\/v2\/product_cat?post=3436"},{"taxonomy":"product_tag","embeddable":true,"href":"https:\/\/wpachem.com\/es\/wp-json\/wp\/v2\/product_tag?post=3436"}],"curies":[{"name":"wp","href":"https:\/\/api.w.org\/{rel}","templated":true}]}}