{"id":3439,"date":"2023-03-21T05:30:47","date_gmt":"2023-03-21T05:30:47","guid":{"rendered":"http:\/\/site2.easyceotech.com\/?post_type=product&#038;p=3439"},"modified":"2024-03-12T07:52:48","modified_gmt":"2024-03-12T07:52:48","slug":"acesulfame","status":"publish","type":"product","link":"https:\/\/wpachem.com\/es\/producto\/acesulfame\/","title":{"rendered":"Acesulfamo"},"content":{"rendered":"<p>El acesulfamo K es el edulcorante m\u00e1s adecuado para refrescos debido a su alta estabilidad y buen sabor. Se puede utilizar en<br \/>\nProductos alimenticios como edulcorantes: refrescos, chicles, caf\u00e9 (instant\u00e1neo), t\u00e9 (instant\u00e1neo), an\u00e1logos de productos l\u00e1cteos, gelatina, pud\u00edn.<br \/>\npostres, edulcorante de mesa y reposter\u00eda. El acesulfamo tambi\u00e9n se puede utilizar en cosm\u00e9tica.<\/p>\n<p>&nbsp;<\/p>\n<p>Solicitud<\/p>\n<p><span data-spm-anchor-id=\"a2700.details.0.i8.3f8f5a50vOafAD\">El acesulfamo K suele mezclarse con otros edulcorantes (normalmente sucralosa o aspartamo). Estas mezclas tienen fama de dar un sabor m\u00e1s parecido a la sacarosa, por lo que cada edulcorante enmascara el regusto del otro y\/o exhibe un efecto sin\u00e9rgico por el cual la mezcla es m\u00e1s dulce que sus componentes.<\/span><\/p>\n<p>A diferencia del aspartamo, el acesulfamo K es estable al calor, incluso en condiciones moderadamente \u00e1cidas o b\u00e1sicas, lo que permite su uso como aditivo alimentario para hornear o en productos que requieren una vida \u00fatil prolongada. En las bebidas carbonatadas casi siempre se utiliza junto con otro edulcorante, como aspartamo o sucralosa. Tambi\u00e9n se utiliza como edulcorante en batidos de prote\u00ednas, donde puede hacer que los ingredientes activos sean m\u00e1s apetecibles.<\/p>","protected":false},"excerpt":{"rendered":"<p>Nombre del producto: acesulfamo<br \/>\nN\u00famero CAS: 33665-90-6<br \/>\nFrecuencia intermedia: C4H5NO4S<br \/>\nApariencia: poder blanco<\/p>","protected":false},"featured_media":2161,"template":"","meta":{"_acf_changed":false,"_gspb_post_css":""},"product_brand":[],"product_cat":[55,56],"product_tag":[],"class_list":{"0":"post-3439","1":"product","2":"type-product","3":"status-publish","4":"has-post-thumbnail","6":"product_cat-food-additives","7":"product_cat-sweetener","9":"first","10":"instock","11":"shipping-taxable","12":"product-type-simple"},"acf":[],"_links":{"self":[{"href":"https:\/\/wpachem.com\/es\/wp-json\/wp\/v2\/product\/3439","targetHints":{"allow":["GET"]}}],"collection":[{"href":"https:\/\/wpachem.com\/es\/wp-json\/wp\/v2\/product"}],"about":[{"href":"https:\/\/wpachem.com\/es\/wp-json\/wp\/v2\/types\/product"}],"version-history":[{"count":0,"href":"https:\/\/wpachem.com\/es\/wp-json\/wp\/v2\/product\/3439\/revisions"}],"wp:featuredmedia":[{"embeddable":true,"href":"https:\/\/wpachem.com\/es\/wp-json\/wp\/v2\/media\/2161"}],"wp:attachment":[{"href":"https:\/\/wpachem.com\/es\/wp-json\/wp\/v2\/media?parent=3439"}],"wp:term":[{"taxonomy":"product_brand","embeddable":true,"href":"https:\/\/wpachem.com\/es\/wp-json\/wp\/v2\/product_brand?post=3439"},{"taxonomy":"product_cat","embeddable":true,"href":"https:\/\/wpachem.com\/es\/wp-json\/wp\/v2\/product_cat?post=3439"},{"taxonomy":"product_tag","embeddable":true,"href":"https:\/\/wpachem.com\/es\/wp-json\/wp\/v2\/product_tag?post=3439"}],"curies":[{"name":"wp","href":"https:\/\/api.w.org\/{rel}","templated":true}]}}